{"id":784,"date":"2023-06-01T22:19:32","date_gmt":"2023-06-01T20:19:32","guid":{"rendered":"https:\/\/cczuric.cat\/?page_id=784"},"modified":"2026-01-22T14:44:09","modified_gmt":"2026-01-22T13:44:09","slug":"casalet","status":"publish","type":"page","link":"https:\/\/cczuric.cat\/en\/casalet\/","title":{"rendered":"El Casalet"},"content":{"rendered":"\n<div style=\"height:50px\" aria-hidden=\"true\" class=\"wp-block-spacer\"><\/div>\n\n\n\n<div style=\"height:50px\" aria-hidden=\"true\" class=\"wp-block-spacer\"><\/div>\n\n\n\n<div class=\"wp-block-buttons is-content-justification-center is-layout-flex wp-container-core-buttons-is-layout-16018d1d wp-block-buttons-is-layout-flex\">\n<div class=\"wp-block-button is-style-secondary\"><a class=\"wp-block-button__link wp-element-button\" href=\"#familiars\">TALLERS FAMILIARS d&#8217;1 a 3 aNYS<\/a><\/div>\n\n\n\n<div class=\"wp-block-button is-style-secondary\"><a class=\"wp-block-button__link wp-element-button\" href=\"#infantils-4-6\">TALLERS INFANTILS DE 4 A 6 aNYS<\/a><\/div>\n<\/div>\n\n\n\n<div style=\"height:66px\" aria-hidden=\"true\" id=\"Tfamiliars\" class=\"wp-block-spacer\"><\/div>\n\n\n\n<h2 class=\"wp-block-heading\" id=\"familiars\">Tallers familiars<\/h2>\n\n\n\n<h3 class=\"wp-block-heading\">Per a infants d&#8217;1 a 3 anys<\/h3>\n\n\n\n<p>Al Casalet s\u2019organitzen tallers familiars per a fam\u00edlies catalanoparlants i els seus infants d\u20191 a 3 anys. L\u2019objectiu d\u2019aquests tallers \u00e9s fomentar la cultura i l\u2019\u00fas de la llengua catalana mitjan\u00e7ant activitats l\u00fadiques i educatives. Volem crear un espai de confian\u00e7a i confort, on les fam\u00edlies se sentin acollides, identificades amb d\u2019altres en la mateixa situaci\u00f3 i es puguin expressar en la seva llengua d\u2019origen.<\/p>\n\n\n\n<ul class=\"wp-block-list\">\n<li><strong>Horari:<\/strong>&nbsp;de 9:30 h a 11:00 h.<\/li>\n\n\n\n<li><strong>Lloc:<\/strong>\u00a0Kinderraum \/ Bewegungsraum, al Zentrum ELCH (<a href=\"https:\/\/maps.app.goo.gl\/624WqGPfvydYWP3X8\">Regensbergstrasse 209, 8050 Z\u00fcrich<\/a>).<\/li>\n\n\n\n<li><strong>Inscripcions:<\/strong>&nbsp;mitjan\u00e7ant el <a href=\"https:\/\/cczuric.cat\/esdeveniments\/category\/casalet\/casalet-familiar-1-3\/\" target=\"_blank\" rel=\"noreferrer noopener\">calendari<\/a>. Aquest semestre provem un sistema diferent per a regular l&#8217;aforament: cada sessi\u00f3 t\u00e9 un esdeveniment propi i caldr\u00e0 comprar els tiquets per separat en cada esdeveniment. En els seg\u00fcents enlla\u00e7os trobareu els diferents esdeveniments. Podeu adquirir el &#8220;Pack Semestre&#8221; <a href=\"https:\/\/cczuric.cat\/esdeveniment\/casalet-familiar-170126\/\" target=\"_blank\" rel=\"noreferrer noopener\">a la primera sessi\u00f3 del semestre.<\/a><\/li>\n\n\n\n<li><strong>Dates primavera 2026<\/strong>:\n<ul class=\"wp-block-list has-neve-text-color-color has-text-color has-link-color wp-elements-71c3347de376f74c630698b6e4c9cd41\">\n<li class=\"has-medium-font-size\"><a href=\"https:\/\/cczuric.cat\/esdeveniment\/casalet-familiar-170126\/\" target=\"_blank\" rel=\"noreferrer noopener\">17.01.2026<\/a><\/li>\n\n\n\n<li class=\"has-medium-font-size\"><a href=\"https:\/\/cczuric.cat\/esdeveniment\/casalet-familiar-310126\/\" target=\"_blank\" rel=\"noreferrer noopener\">31.01.2026<\/a><\/li>\n\n\n\n<li class=\"has-medium-font-size\"><a href=\"https:\/\/cczuric.cat\/esdeveniment\/casalet-familiar-070326\/\" target=\"_blank\" rel=\"noreferrer noopener\">07.03.2026<\/a><\/li>\n\n\n\n<li class=\"has-medium-font-size\"><a href=\"https:\/\/cczuric.cat\/esdeveniment\/casalet-familiar-280326\/\" target=\"_blank\" rel=\"noreferrer noopener\">28.03.2026<\/a><\/li>\n\n\n\n<li class=\"has-medium-font-size\"><a href=\"https:\/\/cczuric.cat\/esdeveniment\/casalet-familiar-110426\/\" target=\"_blank\" rel=\"noreferrer noopener\">11.04.2026<\/a><\/li>\n\n\n\n<li class=\"has-medium-font-size\"><a href=\"https:\/\/cczuric.cat\/esdeveniment\/casalet-familiar-090526\/\" target=\"_blank\" rel=\"noreferrer noopener\">09.05.2026<\/a><\/li>\n<\/ul>\n<\/li>\n\n\n\n<li><strong>Important:<\/strong> Per a la correcta planificaci\u00f3 del taller, els tickets individuals estan disponibles fins el divendres anterior a les 12:00 h.<\/li>\n<\/ul>\n\n\n\n<div style=\"height:39px\" aria-hidden=\"true\" class=\"wp-block-spacer\"><\/div>\n\n\n\n<h2 class=\"wp-block-heading\" id=\"Tinfantils\">Tallers infantils<\/h2>\n\n\n\n<p>El Casalet ofereix tallers infantils els infants catalanoparlants tenen l\u2019oportunitat de parlar i adquirir coneixements sobre la nostra llengua conjuntament amb altres nens i nenes de la seva edat. Els infants poden adquirir i consolidar aquests coneixements mentre juguen a jocs cooperatius o jocs musicals, fan petites representacions teatrals, canten can\u00e7ons, escolten contes o hist\u00f2ries i fan petites creacions art\u00edstiques.<\/p>\n\n\n\n<div style=\"height:20px\" aria-hidden=\"true\" class=\"wp-block-spacer\"><\/div>\n\n\n\n<h3 class=\"wp-block-heading\" id=\"infantils-4-6\">Per a infants de 4 a 6 anys<\/h3>\n\n\n\n<ul class=\"wp-block-list\">\n<li><strong>Horari:<\/strong>&nbsp;de 11:15 h a 12:45 h.<\/li>\n\n\n\n<li><strong>Lloc:<\/strong>&nbsp;Kinderraum, al Zentrum ELCH (<a href=\"https:\/\/maps.app.goo.gl\/624WqGPfvydYWP3X8\">Regensbergstrasse 209, 8050 Z\u00fcrich<\/a>).<\/li>\n\n\n\n<li><strong>Inscripcions:<\/strong>&nbsp;mitjan\u00e7ant el <a href=\"https:\/\/cczuric.cat\/esdeveniments\/category\/casalet\/casalet-infantil-4-6\/\" target=\"_blank\" rel=\"noreferrer noopener\">calendari<\/a>. Aquest semestre provem un sistema diferent per a regular l&#8217;aforament: cada sessi\u00f3 t\u00e9 un esdeveniment propi i caldr\u00e0 comprar els tickets per separat en cada esdeveniment. En els seg\u00fcents enlla\u00e7os trobareu els diferents esdeveniments. Podeu adquirir el &#8220;Pack Semestre&#8221; <a href=\"https:\/\/cczuric.cat\/esdeveniment\/casalet-infantil-170126\/\" target=\"_blank\" rel=\"noreferrer noopener\">a la primera sessi\u00f3 del semestre.<\/a><\/li>\n\n\n\n<li><strong>Dates<\/strong> <strong>primavera 2026<\/strong>:\n<ul class=\"wp-block-list\">\n<li class=\"has-neve-text-color-color has-text-color has-link-color has-medium-font-size wp-elements-9bee8e9b156662570d2508fb34c87a11\"><a href=\"https:\/\/cczuric.cat\/esdeveniment\/casalet-infantil-170126\/\" target=\"_blank\" rel=\"noreferrer noopener\">17.01.2026<\/a><\/li>\n\n\n\n<li class=\"has-medium-font-size\"><a href=\"https:\/\/cczuric.cat\/esdeveniment\/casalet-infantil-310126\/\" target=\"_blank\" rel=\"noreferrer noopener\">31.01.2026<\/a><\/li>\n\n\n\n<li class=\"has-medium-font-size\"><a href=\"https:\/\/cczuric.cat\/esdeveniment\/casalet-infantil-070326\/\" target=\"_blank\" rel=\"noreferrer noopener\">07.03.2026<\/a><\/li>\n\n\n\n<li class=\"has-medium-font-size\"><a href=\"https:\/\/cczuric.cat\/esdeveniment\/casalet-infantil-280326\/\" target=\"_blank\" rel=\"noreferrer noopener\">28.03.2026<\/a><\/li>\n\n\n\n<li class=\"has-medium-font-size\"><a href=\"https:\/\/cczuric.cat\/esdeveniment\/casalet-infantil-110426\/\" target=\"_blank\" rel=\"noreferrer noopener\">11.04.2026<\/a><\/li>\n\n\n\n<li class=\"has-neve-text-color-color has-text-color has-link-color has-medium-font-size wp-elements-1e56c5b26f0673c5b072082e3f55ac28\"><a href=\"https:\/\/cczuric.cat\/esdeveniment\/casalet-infantil-090526\/\" target=\"_blank\" rel=\"noreferrer noopener\">09.05.2026<\/a><\/li>\n<\/ul>\n<\/li>\n\n\n\n<li><strong>Important:&nbsp;<\/strong>Per a la correcta planificaci\u00f3 del taller, els tickets individuals estan disponibles fins el divendres anterior a les 12:00 h.<\/li>\n<\/ul>\n\n\n\n<div style=\"height:23px\" aria-hidden=\"true\" id=\"infantils-68\" class=\"wp-block-spacer\"><\/div>\n\n\n\n<hr class=\"wp-block-separator has-alpha-channel-opacity\"\/>\n\n\n\n<h2 class=\"wp-block-heading\">Preu<\/h2>\n\n\n\n<ul class=\"wp-block-list\">\n<li>SOCIS \/ S\u00d2CIES: \n<ul class=\"wp-block-list\">\n<li>Sessi\u00f3 individual: 25 CHF per infant.<\/li>\n\n\n\n<li>Pack Semestre (6 sessions): 125 CHF per infant.<\/li>\n<\/ul>\n<\/li>\n\n\n\n<li>NO SOCIS \/ NO S\u00d2CIES:\n<ul class=\"wp-block-list\">\n<li>Sessi\u00f3 individual: 30 CHF per infant.<\/li>\n\n\n\n<li>Pack Semestre (6 sessions): 150 CHF per infant.<\/li>\n<\/ul>\n<\/li>\n<\/ul>\n\n\n\n<hr class=\"wp-block-separator has-alpha-channel-opacity\"\/>\n\n\n\n<h2 class=\"wp-block-heading\" id=\"Tlecto\">Tallers de lecto-escriptura<\/h2>\n\n\n\n<p>A causa de la demanda de m\u00e9s regularitat, l&#8217;antic taller de Lectoescriptura del Casalet s&#8217;ha convertit l&#8217;Escola Catalana. En trobareu m\u00e9s informaci\u00f3 <a href=\"https:\/\/cczuric.cat\/escola-catalana\/\">aqu\u00ed.<\/a><\/p>\n","protected":false},"excerpt":{"rendered":"<p>Tallers familiars Per a infants d&#8217;1 a 3 anys Al Casalet s\u2019organitzen tallers familiars per a fam\u00edlies catalanoparlants i els seus infants d\u20191 a 3 anys. L\u2019objectiu d\u2019aquests tallers \u00e9s&hellip;&nbsp;<a href=\"https:\/\/cczuric.cat\/en\/casalet\/\" rel=\"bookmark\">Read More &raquo;<span class=\"screen-reader-text\">El Casalet<\/span><\/a><\/p>\n","protected":false},"author":2,"featured_media":486,"parent":0,"menu_order":0,"comment_status":"closed","ping_status":"closed","template":"","meta":{"neve_meta_sidebar":"","neve_meta_container":"default","neve_meta_enable_content_width":"","neve_meta_content_width":0,"neve_meta_title_alignment":"","neve_meta_author_avatar":"","neve_post_elements_order":"","neve_meta_disable_header":"","neve_meta_disable_footer":"","neve_meta_disable_title":"on","neve_meta_reading_time":"","_price":"","_stock":"","_tribe_ticket_header":"","_tribe_default_ticket_provider":"","_tribe_ticket_capacity":"0","_ticket_start_date":"","_ticket_end_date":"","_tribe_ticket_show_description":"","_tribe_ticket_show_not_going":false,"_tribe_ticket_use_global_stock":"","_tribe_ticket_global_stock_level":"","_global_stock_mode":"","_global_stock_cap":"","_tribe_rsvp_for_event":"","_tribe_ticket_going_count":"","_tribe_ticket_not_going_count":"","_tribe_tickets_list":"[]","_tribe_ticket_has_attendee_info_fields":false,"_themeisle_gutenberg_block_has_review":false,"_ti_tpc_template_sync":false,"_ti_tpc_template_id":"","footnotes":""},"class_list":["post-784","page","type-page","status-publish","has-post-thumbnail","hentry"],"yoast_head":"<!-- This site is optimized with the Yoast SEO plugin v27.4 - https:\/\/yoast.com\/product\/yoast-seo-wordpress\/ -->\n<title>El Casalet - Casal Catal\u00e0 de Z\u00faric<\/title>\n<meta name=\"robots\" content=\"index, follow, max-snippet:-1, max-image-preview:large, max-video-preview:-1\" \/>\n<link rel=\"canonical\" href=\"https:\/\/cczuric.cat\/en\/casalet\/\" \/>\n<meta property=\"og:locale\" content=\"en_US\" \/>\n<meta property=\"og:type\" content=\"article\" \/>\n<meta property=\"og:title\" content=\"El Casalet - Casal Catal\u00e0 de Z\u00faric\" \/>\n<meta property=\"og:description\" content=\"Tallers familiars Per a infants d&#8217;1 a 3 anys Al Casalet s\u2019organitzen tallers familiars per a fam\u00edlies catalanoparlants i els seus infants d\u20191 a 3 anys. L\u2019objectiu d\u2019aquests tallers \u00e9s&hellip;&nbsp;Read More &raquo;El Casalet\" \/>\n<meta property=\"og:url\" content=\"https:\/\/cczuric.cat\/en\/casalet\/\" \/>\n<meta property=\"og:site_name\" content=\"Casal Catal\u00e0 de Z\u00faric\" \/>\n<meta property=\"article:publisher\" content=\"https:\/\/www.facebook.com\/Casal.Catala.Zuric\" \/>\n<meta property=\"article:modified_time\" content=\"2026-01-22T13:44:09+00:00\" \/>\n<meta property=\"og:image\" content=\"https:\/\/cczuric.cat\/wp-content\/uploads\/2022\/10\/aaron-burden-1zR3WNSTnvY-unsplash-scaled.jpg\" \/>\n\t<meta property=\"og:image:width\" content=\"2560\" \/>\n\t<meta property=\"og:image:height\" content=\"1812\" \/>\n\t<meta property=\"og:image:type\" content=\"image\/jpeg\" \/>\n<meta name=\"twitter:card\" content=\"summary_large_image\" \/>\n<meta name=\"twitter:site\" content=\"@CCZuric\" \/>\n<meta name=\"twitter:label1\" content=\"Est. reading time\" \/>\n\t<meta name=\"twitter:data1\" content=\"3 minutes\" \/>\n<script type=\"application\/ld+json\" class=\"yoast-schema-graph\">{\"@context\":\"https:\\\/\\\/schema.org\",\"@graph\":[{\"@type\":\"WebPage\",\"@id\":\"https:\\\/\\\/cczuric.cat\\\/en\\\/casalet\\\/\",\"url\":\"https:\\\/\\\/cczuric.cat\\\/en\\\/casalet\\\/\",\"name\":\"El Casalet - Casal Catal\u00e0 de Z\u00faric\",\"isPartOf\":{\"@id\":\"https:\\\/\\\/cczuric.cat\\\/en\\\/#website\"},\"primaryImageOfPage\":{\"@id\":\"https:\\\/\\\/cczuric.cat\\\/en\\\/casalet\\\/#primaryimage\"},\"image\":{\"@id\":\"https:\\\/\\\/cczuric.cat\\\/en\\\/casalet\\\/#primaryimage\"},\"thumbnailUrl\":\"https:\\\/\\\/cczuric.cat\\\/wp-content\\\/uploads\\\/2022\\\/10\\\/aaron-burden-1zR3WNSTnvY-unsplash-scaled.jpg\",\"datePublished\":\"2023-06-01T20:19:32+00:00\",\"dateModified\":\"2026-01-22T13:44:09+00:00\",\"inLanguage\":\"en-US\",\"potentialAction\":[{\"@type\":\"ReadAction\",\"target\":[\"https:\\\/\\\/cczuric.cat\\\/en\\\/casalet\\\/\"]}]},{\"@type\":\"ImageObject\",\"inLanguage\":\"en-US\",\"@id\":\"https:\\\/\\\/cczuric.cat\\\/en\\\/casalet\\\/#primaryimage\",\"url\":\"https:\\\/\\\/cczuric.cat\\\/wp-content\\\/uploads\\\/2022\\\/10\\\/aaron-burden-1zR3WNSTnvY-unsplash-scaled.jpg\",\"contentUrl\":\"https:\\\/\\\/cczuric.cat\\\/wp-content\\\/uploads\\\/2022\\\/10\\\/aaron-burden-1zR3WNSTnvY-unsplash-scaled.jpg\",\"width\":2560,\"height\":1812},{\"@type\":\"WebSite\",\"@id\":\"https:\\\/\\\/cczuric.cat\\\/en\\\/#website\",\"url\":\"https:\\\/\\\/cczuric.cat\\\/en\\\/\",\"name\":\"Casal Catal\u00e0 de Z\u00faric\",\"description\":\"\",\"publisher\":{\"@id\":\"https:\\\/\\\/cczuric.cat\\\/en\\\/#organization\"},\"alternateName\":\"CCZ\",\"potentialAction\":[{\"@type\":\"SearchAction\",\"target\":{\"@type\":\"EntryPoint\",\"urlTemplate\":\"https:\\\/\\\/cczuric.cat\\\/en\\\/?s={search_term_string}\"},\"query-input\":{\"@type\":\"PropertyValueSpecification\",\"valueRequired\":true,\"valueName\":\"search_term_string\"}}],\"inLanguage\":\"en-US\"},{\"@type\":\"Organization\",\"@id\":\"https:\\\/\\\/cczuric.cat\\\/en\\\/#organization\",\"name\":\"Casal Catal\u00e0 de Z\u00faric\",\"url\":\"https:\\\/\\\/cczuric.cat\\\/en\\\/\",\"logo\":{\"@type\":\"ImageObject\",\"inLanguage\":\"en-US\",\"@id\":\"https:\\\/\\\/cczuric.cat\\\/en\\\/#\\\/schema\\\/logo\\\/image\\\/\",\"url\":\"https:\\\/\\\/cczuric.cat\\\/wp-content\\\/uploads\\\/2025\\\/01\\\/logo-a-cczuric.png\",\"contentUrl\":\"https:\\\/\\\/cczuric.cat\\\/wp-content\\\/uploads\\\/2025\\\/01\\\/logo-a-cczuric.png\",\"width\":470,\"height\":495,\"caption\":\"Casal Catal\u00e0 de Z\u00faric\"},\"image\":{\"@id\":\"https:\\\/\\\/cczuric.cat\\\/en\\\/#\\\/schema\\\/logo\\\/image\\\/\"},\"sameAs\":[\"https:\\\/\\\/www.facebook.com\\\/Casal.Catala.Zuric\",\"https:\\\/\\\/x.com\\\/CCZuric\",\"https:\\\/\\\/www.instagram.com\\\/cczuric\\\/\"]}]}<\/script>\n<!-- \/ Yoast SEO plugin. -->","yoast_head_json":{"title":"El Casalet - Casal Catal\u00e0 de Z\u00faric","robots":{"index":"index","follow":"follow","max-snippet":"max-snippet:-1","max-image-preview":"max-image-preview:large","max-video-preview":"max-video-preview:-1"},"canonical":"https:\/\/cczuric.cat\/en\/casalet\/","og_locale":"en_US","og_type":"article","og_title":"El Casalet - Casal Catal\u00e0 de Z\u00faric","og_description":"Tallers familiars Per a infants d&#8217;1 a 3 anys Al Casalet s\u2019organitzen tallers familiars per a fam\u00edlies catalanoparlants i els seus infants d\u20191 a 3 anys. L\u2019objectiu d\u2019aquests tallers \u00e9s&hellip;&nbsp;Read More &raquo;El Casalet","og_url":"https:\/\/cczuric.cat\/en\/casalet\/","og_site_name":"Casal Catal\u00e0 de Z\u00faric","article_publisher":"https:\/\/www.facebook.com\/Casal.Catala.Zuric","article_modified_time":"2026-01-22T13:44:09+00:00","og_image":[{"width":2560,"height":1812,"url":"https:\/\/cczuric.cat\/wp-content\/uploads\/2022\/10\/aaron-burden-1zR3WNSTnvY-unsplash-scaled.jpg","type":"image\/jpeg"}],"twitter_card":"summary_large_image","twitter_site":"@CCZuric","twitter_misc":{"Est. reading time":"3 minutes"},"schema":{"@context":"https:\/\/schema.org","@graph":[{"@type":"WebPage","@id":"https:\/\/cczuric.cat\/en\/casalet\/","url":"https:\/\/cczuric.cat\/en\/casalet\/","name":"El Casalet - Casal Catal\u00e0 de Z\u00faric","isPartOf":{"@id":"https:\/\/cczuric.cat\/en\/#website"},"primaryImageOfPage":{"@id":"https:\/\/cczuric.cat\/en\/casalet\/#primaryimage"},"image":{"@id":"https:\/\/cczuric.cat\/en\/casalet\/#primaryimage"},"thumbnailUrl":"https:\/\/cczuric.cat\/wp-content\/uploads\/2022\/10\/aaron-burden-1zR3WNSTnvY-unsplash-scaled.jpg","datePublished":"2023-06-01T20:19:32+00:00","dateModified":"2026-01-22T13:44:09+00:00","inLanguage":"en-US","potentialAction":[{"@type":"ReadAction","target":["https:\/\/cczuric.cat\/en\/casalet\/"]}]},{"@type":"ImageObject","inLanguage":"en-US","@id":"https:\/\/cczuric.cat\/en\/casalet\/#primaryimage","url":"https:\/\/cczuric.cat\/wp-content\/uploads\/2022\/10\/aaron-burden-1zR3WNSTnvY-unsplash-scaled.jpg","contentUrl":"https:\/\/cczuric.cat\/wp-content\/uploads\/2022\/10\/aaron-burden-1zR3WNSTnvY-unsplash-scaled.jpg","width":2560,"height":1812},{"@type":"WebSite","@id":"https:\/\/cczuric.cat\/en\/#website","url":"https:\/\/cczuric.cat\/en\/","name":"Casal Catal\u00e0 de Z\u00faric","description":"","publisher":{"@id":"https:\/\/cczuric.cat\/en\/#organization"},"alternateName":"CCZ","potentialAction":[{"@type":"SearchAction","target":{"@type":"EntryPoint","urlTemplate":"https:\/\/cczuric.cat\/en\/?s={search_term_string}"},"query-input":{"@type":"PropertyValueSpecification","valueRequired":true,"valueName":"search_term_string"}}],"inLanguage":"en-US"},{"@type":"Organization","@id":"https:\/\/cczuric.cat\/en\/#organization","name":"Casal Catal\u00e0 de Z\u00faric","url":"https:\/\/cczuric.cat\/en\/","logo":{"@type":"ImageObject","inLanguage":"en-US","@id":"https:\/\/cczuric.cat\/en\/#\/schema\/logo\/image\/","url":"https:\/\/cczuric.cat\/wp-content\/uploads\/2025\/01\/logo-a-cczuric.png","contentUrl":"https:\/\/cczuric.cat\/wp-content\/uploads\/2025\/01\/logo-a-cczuric.png","width":470,"height":495,"caption":"Casal Catal\u00e0 de Z\u00faric"},"image":{"@id":"https:\/\/cczuric.cat\/en\/#\/schema\/logo\/image\/"},"sameAs":["https:\/\/www.facebook.com\/Casal.Catala.Zuric","https:\/\/x.com\/CCZuric","https:\/\/www.instagram.com\/cczuric\/"]}]}},"_links":{"self":[{"href":"https:\/\/cczuric.cat\/en\/wp-json\/wp\/v2\/pages\/784","targetHints":{"allow":["GET"]}}],"collection":[{"href":"https:\/\/cczuric.cat\/en\/wp-json\/wp\/v2\/pages"}],"about":[{"href":"https:\/\/cczuric.cat\/en\/wp-json\/wp\/v2\/types\/page"}],"author":[{"embeddable":true,"href":"https:\/\/cczuric.cat\/en\/wp-json\/wp\/v2\/users\/2"}],"replies":[{"embeddable":true,"href":"https:\/\/cczuric.cat\/en\/wp-json\/wp\/v2\/comments?post=784"}],"version-history":[{"count":58,"href":"https:\/\/cczuric.cat\/en\/wp-json\/wp\/v2\/pages\/784\/revisions"}],"predecessor-version":[{"id":5141,"href":"https:\/\/cczuric.cat\/en\/wp-json\/wp\/v2\/pages\/784\/revisions\/5141"}],"wp:featuredmedia":[{"embeddable":true,"href":"https:\/\/cczuric.cat\/en\/wp-json\/wp\/v2\/media\/486"}],"wp:attachment":[{"href":"https:\/\/cczuric.cat\/en\/wp-json\/wp\/v2\/media?parent=784"}],"curies":[{"name":"wp","href":"https:\/\/api.w.org\/{rel}","templated":true}]}}