{"id":418,"date":"2025-12-06T10:54:55","date_gmt":"2025-12-06T09:54:55","guid":{"rendered":"https:\/\/cczuric.cat\/?page_id=418"},"modified":"2025-12-06T10:57:50","modified_gmt":"2025-12-06T09:57:50","slug":"viure-a-suissa","status":"publish","type":"page","link":"https:\/\/cczuric.cat\/en\/viure-a-suissa\/","title":{"rendered":"Viure a Su\u00efssa"},"content":{"rendered":"\n<div class=\"wp-block-cover alignfull\" style=\"min-height:300px;aspect-ratio:unset;\"><span aria-hidden=\"true\" class=\"wp-block-cover__background has-nv-site-bg-background-color has-background-dim\"><\/span><div class=\"wp-block-cover__inner-container is-layout-flow wp-block-cover-is-layout-flow\">\n<div class=\"wp-block-group\"><div class=\"wp-block-group__inner-container is-layout-flow wp-block-group-is-layout-flow\">\n<div style=\"height:42px\" aria-hidden=\"true\" class=\"wp-block-spacer\"><\/div>\n\n\n\n<h1 class=\"wp-block-heading has-text-align-left has-neve-link-color-color has-text-color\">Viure a Su\u00efssa<\/h1>\n<\/div><\/div>\n\n\n\n<p class=\"has-neve-text-color-color has-text-color\">El Casal \u00e9s una associaci\u00f3 amb l\u2019objectiu de promoure la cultura i la llengua catalana i d\u2019establir-se com a punt de trobada entre els catalans que vivim a Z\u00faric. La nostra tasca es desenvolupa gr\u00e0cies a la feina volunt\u00e0ria dels membres de la Junta i de tothom qui vol col\u00b7laborar amb nosaltres.<\/p>\n\n\n\n<p class=\"has-neve-text-color-color has-text-color\">No som una xarxa de contactes per a trobar pis i\/o feina i, per tant, no et podem ajudar en la teva situaci\u00f3 personal. Et recomanem que consultis la <a href=\"https:\/\/exteriors.gencat.cat\/ca\/ambits-dactuacio\/afers_exteriors\/delegacions_govern\/suissa\/benvinguda\/index.html\">Guia d\u2019acollida a Su\u00efssa<\/a> de la Delegaci\u00f3 del Govern. Us deixem aqu\u00ed tamb\u00e9 alguns enlla\u00e7os \u00fatils:<\/p>\n\n\n\n<ul class=\"wp-block-list\">\n<li class=\"has-neve-text-color-color has-text-color has-link-color wp-elements-b7716e2807a120451d53f1c7bc2ad251\">Cerca de pis: <a href=\"https:\/\/flatfox.ch\/\">flatfox.ch<\/a><\/li>\n\n\n\n<li class=\"has-neve-text-color-color has-text-color has-link-color wp-elements-4adb10017605a55f83fd14fcaed9bbb5\">Cerca d&#8217;habitaci\u00f3 en pis compartit: <a href=\"https:\/\/www.wgzimmer.ch\/wgzimmer.html\">wgzimmer.ch<\/a><\/li>\n<\/ul>\n\n\n\n<p class=\"has-neve-text-color-color has-text-color has-link-color wp-elements-acb7ad6ffa63b3a5301925bab1bccc00\"><em>Nota: Aneu amb compte amb les estafes! El Casal no es fa responsable del contingut d&#8217;aquestes webs.<\/em><\/p>\n\n\n\n<p class=\"has-neve-text-color-color has-text-color\">Tamb\u00e9 podem posar-te en contacte amb comunitats de catalans independents al Casal. Si ens escrius un correu electr\u00f2nic, te&#8217;n facilitarem&nbsp;l\u2019acc\u00e9s.<\/p>\n\n\n\n<p class=\"has-neve-text-color-color has-text-color has-link-color wp-elements-df389ef7fbd631eba5ea046318f558c7\">Ens veiem aviat!<\/p>\n<\/div><\/div>\n","protected":false},"excerpt":{"rendered":"","protected":false},"author":2,"featured_media":0,"parent":0,"menu_order":50,"comment_status":"closed","ping_status":"closed","template":"","meta":{"neve_meta_sidebar":"default","neve_meta_container":"default","neve_meta_enable_content_width":"on","neve_meta_content_width":100,"neve_meta_title_alignment":"","neve_meta_author_avatar":"","neve_post_elements_order":"","neve_meta_disable_header":"","neve_meta_disable_footer":"","neve_meta_disable_title":"on","neve_meta_reading_time":"","_price":"","_stock":"","_tribe_ticket_header":"","_tribe_default_ticket_provider":"","_tribe_ticket_capacity":"0","_ticket_start_date":"","_ticket_end_date":"","_tribe_ticket_show_description":"","_tribe_ticket_show_not_going":false,"_tribe_ticket_use_global_stock":"","_tribe_ticket_global_stock_level":"","_global_stock_mode":"","_global_stock_cap":"","_tribe_rsvp_for_event":"","_tribe_ticket_going_count":"","_tribe_ticket_not_going_count":"","_tribe_tickets_list":"[]","_tribe_ticket_has_attendee_info_fields":false,"_themeisle_gutenberg_block_has_review":false,"_ti_tpc_template_sync":false,"_ti_tpc_template_id":"0qhau2t6eoekosrgo1a2","footnotes":""},"class_list":["post-418","page","type-page","status-publish","hentry"],"yoast_head":"<!-- This site is optimized with the Yoast SEO plugin v27.4 - https:\/\/yoast.com\/product\/yoast-seo-wordpress\/ -->\n<title>Viure a Su\u00efssa - Casal Catal\u00e0 de Z\u00faric<\/title>\n<meta name=\"robots\" content=\"index, follow, max-snippet:-1, max-image-preview:large, max-video-preview:-1\" \/>\n<link rel=\"canonical\" href=\"https:\/\/cczuric.cat\/en\/viure-a-suissa\/\" \/>\n<meta property=\"og:locale\" content=\"en_US\" \/>\n<meta property=\"og:type\" content=\"article\" \/>\n<meta property=\"og:title\" content=\"Viure a Su\u00efssa - Casal Catal\u00e0 de Z\u00faric\" \/>\n<meta property=\"og:url\" content=\"https:\/\/cczuric.cat\/en\/viure-a-suissa\/\" \/>\n<meta property=\"og:site_name\" content=\"Casal Catal\u00e0 de Z\u00faric\" \/>\n<meta property=\"article:publisher\" content=\"https:\/\/www.facebook.com\/Casal.Catala.Zuric\" \/>\n<meta property=\"article:modified_time\" content=\"2025-12-06T09:57:50+00:00\" \/>\n<meta name=\"twitter:card\" content=\"summary_large_image\" \/>\n<meta name=\"twitter:site\" content=\"@CCZuric\" \/>\n<meta name=\"twitter:label1\" content=\"Est. reading time\" \/>\n\t<meta name=\"twitter:data1\" content=\"1 minute\" \/>\n<script type=\"application\/ld+json\" class=\"yoast-schema-graph\">{\"@context\":\"https:\\\/\\\/schema.org\",\"@graph\":[{\"@type\":\"WebPage\",\"@id\":\"https:\\\/\\\/cczuric.cat\\\/en\\\/viure-a-suissa\\\/\",\"url\":\"https:\\\/\\\/cczuric.cat\\\/en\\\/viure-a-suissa\\\/\",\"name\":\"Viure a Su\u00efssa - Casal Catal\u00e0 de Z\u00faric\",\"isPartOf\":{\"@id\":\"https:\\\/\\\/cczuric.cat\\\/en\\\/#website\"},\"datePublished\":\"2025-12-06T09:54:55+00:00\",\"dateModified\":\"2025-12-06T09:57:50+00:00\",\"inLanguage\":\"en-US\",\"potentialAction\":[{\"@type\":\"ReadAction\",\"target\":[\"https:\\\/\\\/cczuric.cat\\\/en\\\/viure-a-suissa\\\/\"]}]},{\"@type\":\"WebSite\",\"@id\":\"https:\\\/\\\/cczuric.cat\\\/en\\\/#website\",\"url\":\"https:\\\/\\\/cczuric.cat\\\/en\\\/\",\"name\":\"Casal Catal\u00e0 de Z\u00faric\",\"description\":\"\",\"publisher\":{\"@id\":\"https:\\\/\\\/cczuric.cat\\\/en\\\/#organization\"},\"alternateName\":\"CCZ\",\"potentialAction\":[{\"@type\":\"SearchAction\",\"target\":{\"@type\":\"EntryPoint\",\"urlTemplate\":\"https:\\\/\\\/cczuric.cat\\\/en\\\/?s={search_term_string}\"},\"query-input\":{\"@type\":\"PropertyValueSpecification\",\"valueRequired\":true,\"valueName\":\"search_term_string\"}}],\"inLanguage\":\"en-US\"},{\"@type\":\"Organization\",\"@id\":\"https:\\\/\\\/cczuric.cat\\\/en\\\/#organization\",\"name\":\"Casal Catal\u00e0 de Z\u00faric\",\"url\":\"https:\\\/\\\/cczuric.cat\\\/en\\\/\",\"logo\":{\"@type\":\"ImageObject\",\"inLanguage\":\"en-US\",\"@id\":\"https:\\\/\\\/cczuric.cat\\\/en\\\/#\\\/schema\\\/logo\\\/image\\\/\",\"url\":\"https:\\\/\\\/cczuric.cat\\\/wp-content\\\/uploads\\\/2025\\\/01\\\/logo-a-cczuric.png\",\"contentUrl\":\"https:\\\/\\\/cczuric.cat\\\/wp-content\\\/uploads\\\/2025\\\/01\\\/logo-a-cczuric.png\",\"width\":470,\"height\":495,\"caption\":\"Casal Catal\u00e0 de Z\u00faric\"},\"image\":{\"@id\":\"https:\\\/\\\/cczuric.cat\\\/en\\\/#\\\/schema\\\/logo\\\/image\\\/\"},\"sameAs\":[\"https:\\\/\\\/www.facebook.com\\\/Casal.Catala.Zuric\",\"https:\\\/\\\/x.com\\\/CCZuric\",\"https:\\\/\\\/www.instagram.com\\\/cczuric\\\/\"]}]}<\/script>\n<!-- \/ Yoast SEO plugin. -->","yoast_head_json":{"title":"Viure a Su\u00efssa - Casal Catal\u00e0 de Z\u00faric","robots":{"index":"index","follow":"follow","max-snippet":"max-snippet:-1","max-image-preview":"max-image-preview:large","max-video-preview":"max-video-preview:-1"},"canonical":"https:\/\/cczuric.cat\/en\/viure-a-suissa\/","og_locale":"en_US","og_type":"article","og_title":"Viure a Su\u00efssa - Casal Catal\u00e0 de Z\u00faric","og_url":"https:\/\/cczuric.cat\/en\/viure-a-suissa\/","og_site_name":"Casal Catal\u00e0 de Z\u00faric","article_publisher":"https:\/\/www.facebook.com\/Casal.Catala.Zuric","article_modified_time":"2025-12-06T09:57:50+00:00","twitter_card":"summary_large_image","twitter_site":"@CCZuric","twitter_misc":{"Est. reading time":"1 minute"},"schema":{"@context":"https:\/\/schema.org","@graph":[{"@type":"WebPage","@id":"https:\/\/cczuric.cat\/en\/viure-a-suissa\/","url":"https:\/\/cczuric.cat\/en\/viure-a-suissa\/","name":"Viure a Su\u00efssa - Casal Catal\u00e0 de Z\u00faric","isPartOf":{"@id":"https:\/\/cczuric.cat\/en\/#website"},"datePublished":"2025-12-06T09:54:55+00:00","dateModified":"2025-12-06T09:57:50+00:00","inLanguage":"en-US","potentialAction":[{"@type":"ReadAction","target":["https:\/\/cczuric.cat\/en\/viure-a-suissa\/"]}]},{"@type":"WebSite","@id":"https:\/\/cczuric.cat\/en\/#website","url":"https:\/\/cczuric.cat\/en\/","name":"Casal Catal\u00e0 de Z\u00faric","description":"","publisher":{"@id":"https:\/\/cczuric.cat\/en\/#organization"},"alternateName":"CCZ","potentialAction":[{"@type":"SearchAction","target":{"@type":"EntryPoint","urlTemplate":"https:\/\/cczuric.cat\/en\/?s={search_term_string}"},"query-input":{"@type":"PropertyValueSpecification","valueRequired":true,"valueName":"search_term_string"}}],"inLanguage":"en-US"},{"@type":"Organization","@id":"https:\/\/cczuric.cat\/en\/#organization","name":"Casal Catal\u00e0 de Z\u00faric","url":"https:\/\/cczuric.cat\/en\/","logo":{"@type":"ImageObject","inLanguage":"en-US","@id":"https:\/\/cczuric.cat\/en\/#\/schema\/logo\/image\/","url":"https:\/\/cczuric.cat\/wp-content\/uploads\/2025\/01\/logo-a-cczuric.png","contentUrl":"https:\/\/cczuric.cat\/wp-content\/uploads\/2025\/01\/logo-a-cczuric.png","width":470,"height":495,"caption":"Casal Catal\u00e0 de Z\u00faric"},"image":{"@id":"https:\/\/cczuric.cat\/en\/#\/schema\/logo\/image\/"},"sameAs":["https:\/\/www.facebook.com\/Casal.Catala.Zuric","https:\/\/x.com\/CCZuric","https:\/\/www.instagram.com\/cczuric\/"]}]}},"_links":{"self":[{"href":"https:\/\/cczuric.cat\/en\/wp-json\/wp\/v2\/pages\/418","targetHints":{"allow":["GET"]}}],"collection":[{"href":"https:\/\/cczuric.cat\/en\/wp-json\/wp\/v2\/pages"}],"about":[{"href":"https:\/\/cczuric.cat\/en\/wp-json\/wp\/v2\/types\/page"}],"author":[{"embeddable":true,"href":"https:\/\/cczuric.cat\/en\/wp-json\/wp\/v2\/users\/2"}],"replies":[{"embeddable":true,"href":"https:\/\/cczuric.cat\/en\/wp-json\/wp\/v2\/comments?post=418"}],"version-history":[{"count":17,"href":"https:\/\/cczuric.cat\/en\/wp-json\/wp\/v2\/pages\/418\/revisions"}],"predecessor-version":[{"id":4479,"href":"https:\/\/cczuric.cat\/en\/wp-json\/wp\/v2\/pages\/418\/revisions\/4479"}],"wp:attachment":[{"href":"https:\/\/cczuric.cat\/en\/wp-json\/wp\/v2\/media?parent=418"}],"curies":[{"name":"wp","href":"https:\/\/api.w.org\/{rel}","templated":true}]}}