{"id":4172,"date":"2022-09-04T18:21:52","date_gmt":"2022-09-04T16:21:52","guid":{"rendered":"https:\/\/cczuric.cat\/the-casal\/"},"modified":"2025-12-18T22:11:59","modified_gmt":"2025-12-18T21:11:59","slug":"the-casal","status":"publish","type":"page","link":"https:\/\/cczuric.cat\/en\/the-casal\/","title":{"rendered":"The Casal"},"content":{"rendered":"\n<div class=\"wp-block-group\"><div class=\"wp-block-group__inner-container is-layout-flow wp-block-group-is-layout-flow\">\n<p class=\"has-neve-text-color-color has-text-color\">Casal Catal\u00e0 de Z\u00faric (Catalan Association of Zurich) is an organization with more than 60 years of history that was founded to be the meeting point for Catalans in the Zurich area and continues to be so, due to the support it offers to new emigration and the cultural promotion and organization of events and traditional festivals. The Casal operates thanks to the efforts of all the organized members who support the Board.<\/p>\n\n\n\n<p class=\"has-neve-text-color-color has-text-color\">In 1963, Casa Nostra de Su\u00efssa (CNS), an association of Catalan-speaking people in Switzerland, was founded, and the Casal Catal\u00e0 de Z\u00faric is its heir.<\/p>\n\n\n\n<p>You can find out about the current Board <a href=\"https:\/\/cczuric.cat\/el-casal\/junta\/\">here<\/a>. You will also find the <a href=\"https:\/\/cczuric.cat\/el-casal\/estatuts\/\">statuses<\/a> and minutes of the general assemblies, as well as our privacy and ticket cancellation <a href=\"https:\/\/cczuric.cat\/el-casal\/legal\/\">policies<\/a>.<\/p>\n<\/div><\/div>\n","protected":false},"excerpt":{"rendered":"<p>Casal Catal\u00e0 de Z\u00faric (Catalan Association of Zurich) is an organization with more than 60 years of history that was founded to be the meeting point for Catalans in the&hellip;&nbsp;<a href=\"https:\/\/cczuric.cat\/en\/the-casal\/\" rel=\"bookmark\">Read More &raquo;<span class=\"screen-reader-text\">The Casal<\/span><\/a><\/p>\n","protected":false},"author":2,"featured_media":0,"parent":0,"menu_order":50,"comment_status":"closed","ping_status":"closed","template":"","meta":{"neve_meta_sidebar":"default","neve_meta_container":"","neve_meta_enable_content_width":"on","neve_meta_content_width":100,"neve_meta_title_alignment":"","neve_meta_author_avatar":"","neve_post_elements_order":"","neve_meta_disable_header":"","neve_meta_disable_footer":"","neve_meta_disable_title":"off","neve_meta_reading_time":"","_price":"","_stock":"","_tribe_ticket_header":"","_tribe_default_ticket_provider":"","_tribe_ticket_capacity":"0","_ticket_start_date":"","_ticket_end_date":"","_tribe_ticket_show_description":"","_tribe_ticket_show_not_going":false,"_tribe_ticket_use_global_stock":"","_tribe_ticket_global_stock_level":"","_global_stock_mode":"","_global_stock_cap":"","_tribe_rsvp_for_event":"","_tribe_ticket_going_count":"","_tribe_ticket_not_going_count":"","_tribe_tickets_list":"[]","_tribe_ticket_has_attendee_info_fields":false,"_themeisle_gutenberg_block_has_review":false,"_ti_tpc_template_sync":false,"_ti_tpc_template_id":"","footnotes":""},"class_list":["post-4172","page","type-page","status-publish","hentry"],"yoast_head":"<!-- This site is optimized with the Yoast SEO plugin v27.4 - https:\/\/yoast.com\/product\/yoast-seo-wordpress\/ -->\n<title>The Casal - Casal Catal\u00e0 de Z\u00faric<\/title>\n<meta name=\"description\" content=\"The Casal Catal\u00e0 de Z\u00faric is an organization with many years of history that was founded to be the meeting point for Catalans in the Zurich area.\" \/>\n<meta name=\"robots\" content=\"index, follow, max-snippet:-1, max-image-preview:large, max-video-preview:-1\" \/>\n<link rel=\"canonical\" href=\"https:\/\/cczuric.cat\/en\/the-casal\/\" \/>\n<meta property=\"og:locale\" content=\"en_US\" \/>\n<meta property=\"og:type\" content=\"article\" \/>\n<meta property=\"og:title\" content=\"The Casal - Casal Catal\u00e0 de Z\u00faric\" \/>\n<meta property=\"og:description\" content=\"The Casal Catal\u00e0 de Z\u00faric is an organization with many years of history that was founded to be the meeting point for Catalans in the Zurich area.\" \/>\n<meta property=\"og:url\" content=\"https:\/\/cczuric.cat\/en\/the-casal\/\" \/>\n<meta property=\"og:site_name\" content=\"Casal Catal\u00e0 de Z\u00faric\" \/>\n<meta property=\"article:publisher\" content=\"https:\/\/www.facebook.com\/Casal.Catala.Zuric\" \/>\n<meta property=\"article:modified_time\" content=\"2025-12-18T21:11:59+00:00\" \/>\n<meta name=\"twitter:card\" content=\"summary_large_image\" \/>\n<meta name=\"twitter:site\" content=\"@CCZuric\" \/>\n<meta name=\"twitter:label1\" content=\"Est. reading time\" \/>\n\t<meta name=\"twitter:data1\" content=\"1 minute\" \/>\n<script type=\"application\/ld+json\" class=\"yoast-schema-graph\">{\"@context\":\"https:\\\/\\\/schema.org\",\"@graph\":[{\"@type\":\"WebPage\",\"@id\":\"https:\\\/\\\/cczuric.cat\\\/en\\\/the-casal\\\/\",\"url\":\"https:\\\/\\\/cczuric.cat\\\/en\\\/the-casal\\\/\",\"name\":\"The Casal - Casal Catal\u00e0 de Z\u00faric\",\"isPartOf\":{\"@id\":\"https:\\\/\\\/cczuric.cat\\\/en\\\/#website\"},\"datePublished\":\"2022-09-04T16:21:52+00:00\",\"dateModified\":\"2025-12-18T21:11:59+00:00\",\"description\":\"The Casal Catal\u00e0 de Z\u00faric is an organization with many years of history that was founded to be the meeting point for Catalans in the Zurich area.\",\"inLanguage\":\"en-US\",\"potentialAction\":[{\"@type\":\"ReadAction\",\"target\":[\"https:\\\/\\\/cczuric.cat\\\/en\\\/the-casal\\\/\"]}]},{\"@type\":\"WebSite\",\"@id\":\"https:\\\/\\\/cczuric.cat\\\/en\\\/#website\",\"url\":\"https:\\\/\\\/cczuric.cat\\\/en\\\/\",\"name\":\"Casal Catal\u00e0 de Z\u00faric\",\"description\":\"\",\"publisher\":{\"@id\":\"https:\\\/\\\/cczuric.cat\\\/en\\\/#organization\"},\"alternateName\":\"CCZ\",\"potentialAction\":[{\"@type\":\"SearchAction\",\"target\":{\"@type\":\"EntryPoint\",\"urlTemplate\":\"https:\\\/\\\/cczuric.cat\\\/en\\\/?s={search_term_string}\"},\"query-input\":{\"@type\":\"PropertyValueSpecification\",\"valueRequired\":true,\"valueName\":\"search_term_string\"}}],\"inLanguage\":\"en-US\"},{\"@type\":\"Organization\",\"@id\":\"https:\\\/\\\/cczuric.cat\\\/en\\\/#organization\",\"name\":\"Casal Catal\u00e0 de Z\u00faric\",\"url\":\"https:\\\/\\\/cczuric.cat\\\/en\\\/\",\"logo\":{\"@type\":\"ImageObject\",\"inLanguage\":\"en-US\",\"@id\":\"https:\\\/\\\/cczuric.cat\\\/en\\\/#\\\/schema\\\/logo\\\/image\\\/\",\"url\":\"https:\\\/\\\/cczuric.cat\\\/wp-content\\\/uploads\\\/2025\\\/01\\\/logo-a-cczuric.png\",\"contentUrl\":\"https:\\\/\\\/cczuric.cat\\\/wp-content\\\/uploads\\\/2025\\\/01\\\/logo-a-cczuric.png\",\"width\":470,\"height\":495,\"caption\":\"Casal Catal\u00e0 de Z\u00faric\"},\"image\":{\"@id\":\"https:\\\/\\\/cczuric.cat\\\/en\\\/#\\\/schema\\\/logo\\\/image\\\/\"},\"sameAs\":[\"https:\\\/\\\/www.facebook.com\\\/Casal.Catala.Zuric\",\"https:\\\/\\\/x.com\\\/CCZuric\",\"https:\\\/\\\/www.instagram.com\\\/cczuric\\\/\"]}]}<\/script>\n<!-- \/ Yoast SEO plugin. -->","yoast_head_json":{"title":"The Casal - Casal Catal\u00e0 de Z\u00faric","description":"The Casal Catal\u00e0 de Z\u00faric is an organization with many years of history that was founded to be the meeting point for Catalans in the Zurich area.","robots":{"index":"index","follow":"follow","max-snippet":"max-snippet:-1","max-image-preview":"max-image-preview:large","max-video-preview":"max-video-preview:-1"},"canonical":"https:\/\/cczuric.cat\/en\/the-casal\/","og_locale":"en_US","og_type":"article","og_title":"The Casal - Casal Catal\u00e0 de Z\u00faric","og_description":"The Casal Catal\u00e0 de Z\u00faric is an organization with many years of history that was founded to be the meeting point for Catalans in the Zurich area.","og_url":"https:\/\/cczuric.cat\/en\/the-casal\/","og_site_name":"Casal Catal\u00e0 de Z\u00faric","article_publisher":"https:\/\/www.facebook.com\/Casal.Catala.Zuric","article_modified_time":"2025-12-18T21:11:59+00:00","twitter_card":"summary_large_image","twitter_site":"@CCZuric","twitter_misc":{"Est. reading time":"1 minute"},"schema":{"@context":"https:\/\/schema.org","@graph":[{"@type":"WebPage","@id":"https:\/\/cczuric.cat\/en\/the-casal\/","url":"https:\/\/cczuric.cat\/en\/the-casal\/","name":"The Casal - Casal Catal\u00e0 de Z\u00faric","isPartOf":{"@id":"https:\/\/cczuric.cat\/en\/#website"},"datePublished":"2022-09-04T16:21:52+00:00","dateModified":"2025-12-18T21:11:59+00:00","description":"The Casal Catal\u00e0 de Z\u00faric is an organization with many years of history that was founded to be the meeting point for Catalans in the Zurich area.","inLanguage":"en-US","potentialAction":[{"@type":"ReadAction","target":["https:\/\/cczuric.cat\/en\/the-casal\/"]}]},{"@type":"WebSite","@id":"https:\/\/cczuric.cat\/en\/#website","url":"https:\/\/cczuric.cat\/en\/","name":"Casal Catal\u00e0 de Z\u00faric","description":"","publisher":{"@id":"https:\/\/cczuric.cat\/en\/#organization"},"alternateName":"CCZ","potentialAction":[{"@type":"SearchAction","target":{"@type":"EntryPoint","urlTemplate":"https:\/\/cczuric.cat\/en\/?s={search_term_string}"},"query-input":{"@type":"PropertyValueSpecification","valueRequired":true,"valueName":"search_term_string"}}],"inLanguage":"en-US"},{"@type":"Organization","@id":"https:\/\/cczuric.cat\/en\/#organization","name":"Casal Catal\u00e0 de Z\u00faric","url":"https:\/\/cczuric.cat\/en\/","logo":{"@type":"ImageObject","inLanguage":"en-US","@id":"https:\/\/cczuric.cat\/en\/#\/schema\/logo\/image\/","url":"https:\/\/cczuric.cat\/wp-content\/uploads\/2025\/01\/logo-a-cczuric.png","contentUrl":"https:\/\/cczuric.cat\/wp-content\/uploads\/2025\/01\/logo-a-cczuric.png","width":470,"height":495,"caption":"Casal Catal\u00e0 de Z\u00faric"},"image":{"@id":"https:\/\/cczuric.cat\/en\/#\/schema\/logo\/image\/"},"sameAs":["https:\/\/www.facebook.com\/Casal.Catala.Zuric","https:\/\/x.com\/CCZuric","https:\/\/www.instagram.com\/cczuric\/"]}]}},"_links":{"self":[{"href":"https:\/\/cczuric.cat\/en\/wp-json\/wp\/v2\/pages\/4172","targetHints":{"allow":["GET"]}}],"collection":[{"href":"https:\/\/cczuric.cat\/en\/wp-json\/wp\/v2\/pages"}],"about":[{"href":"https:\/\/cczuric.cat\/en\/wp-json\/wp\/v2\/types\/page"}],"author":[{"embeddable":true,"href":"https:\/\/cczuric.cat\/en\/wp-json\/wp\/v2\/users\/2"}],"replies":[{"embeddable":true,"href":"https:\/\/cczuric.cat\/en\/wp-json\/wp\/v2\/comments?post=4172"}],"version-history":[{"count":3,"href":"https:\/\/cczuric.cat\/en\/wp-json\/wp\/v2\/pages\/4172\/revisions"}],"predecessor-version":[{"id":4586,"href":"https:\/\/cczuric.cat\/en\/wp-json\/wp\/v2\/pages\/4172\/revisions\/4586"}],"wp:attachment":[{"href":"https:\/\/cczuric.cat\/en\/wp-json\/wp\/v2\/media?parent=4172"}],"curies":[{"name":"wp","href":"https:\/\/api.w.org\/{rel}","templated":true}]}}