{"id":4171,"date":"2022-09-13T11:17:52","date_gmt":"2022-09-13T09:17:52","guid":{"rendered":"https:\/\/cczuric.cat\/start\/"},"modified":"2026-02-02T19:55:52","modified_gmt":"2026-02-02T18:55:52","slug":"home","status":"publish","type":"page","link":"https:\/\/cczuric.cat\/en\/","title":{"rendered":"Home"},"content":{"rendered":"\n<div class=\"wp-block-cover alignfull\" style=\"min-height:452px;aspect-ratio:unset;\"><img loading=\"lazy\" decoding=\"async\" width=\"2560\" height=\"1920\" class=\"wp-block-cover__image-background wp-image-377\" alt=\"\" src=\"https:\/\/cczuric.cat\/wp-content\/uploads\/2022\/10\/rhiannon-elliott-ZBDim69V8Vw-unsplash-scaled.jpg\" style=\"object-position:64% 32%\" data-object-fit=\"cover\" data-object-position=\"64% 32%\" srcset=\"https:\/\/cczuric.cat\/wp-content\/uploads\/2022\/10\/rhiannon-elliott-ZBDim69V8Vw-unsplash-scaled.jpg 2560w, https:\/\/cczuric.cat\/wp-content\/uploads\/2022\/10\/rhiannon-elliott-ZBDim69V8Vw-unsplash-300x225.jpg 300w, https:\/\/cczuric.cat\/wp-content\/uploads\/2022\/10\/rhiannon-elliott-ZBDim69V8Vw-unsplash-1024x768.jpg 1024w, https:\/\/cczuric.cat\/wp-content\/uploads\/2022\/10\/rhiannon-elliott-ZBDim69V8Vw-unsplash-768x576.jpg 768w, https:\/\/cczuric.cat\/wp-content\/uploads\/2022\/10\/rhiannon-elliott-ZBDim69V8Vw-unsplash-1600x1200.jpg 1600w, https:\/\/cczuric.cat\/wp-content\/uploads\/2022\/10\/rhiannon-elliott-ZBDim69V8Vw-unsplash-1536x1152.jpg 1536w, https:\/\/cczuric.cat\/wp-content\/uploads\/2022\/10\/rhiannon-elliott-ZBDim69V8Vw-unsplash-2048x1536.jpg 2048w\" sizes=\"auto, (max-width: 2560px) 100vw, 2560px\" \/><span aria-hidden=\"true\" class=\"wp-block-cover__background has-nv-c-1-background-color has-background-dim-60 has-background-dim\"><\/span><div class=\"wp-block-cover__inner-container is-layout-flow wp-block-cover-is-layout-flow\">\n<div style=\"height:40px\" aria-hidden=\"true\" class=\"wp-block-spacer\"><\/div>\n\n\n\n<div class=\"wp-block-group animated fadeInUp delay-100ms slower\"><div class=\"wp-block-group__inner-container is-layout-flow wp-block-group-is-layout-flow\">\n<h1 class=\"wp-block-heading has-text-align-center has-nv-light-bg-color has-text-color\" style=\"text-transform:uppercase\">Hello everyone!<\/h1>\n\n\n\n<p class=\"has-text-align-center has-nv-light-bg-color has-text-color\" style=\"font-size:28px\"><strong>Catalan Association of Zurich<\/strong><\/p>\n\n\n\n<div class=\"wp-block-buttons is-horizontal is-content-justification-center is-layout-flex wp-container-core-buttons-is-layout-499968f5 wp-block-buttons-is-layout-flex\"><\/div>\n<\/div><\/div>\n\n\n\n<div style=\"height:39px\" aria-hidden=\"true\" class=\"wp-block-spacer\"><\/div>\n<\/div><\/div>\n\n\n\n<div class=\"wp-block-columns is-layout-flex wp-container-core-columns-is-layout-8ca4b08d wp-block-columns-is-layout-flex\" style=\"padding-top:var(--wp--preset--spacing--60);padding-bottom:var(--wp--preset--spacing--30)\">\n<div class=\"wp-block-column is-vertically-aligned-top is-layout-flow wp-block-column-is-layout-flow\">\n\n\n\n\n<div id=\"wp-block-themeisle-blocks-font-awesome-icons-3bef07ed\" class=\"wp-block-themeisle-blocks-font-awesome-icons\"><span class=\"wp-block-themeisle-blocks-font-awesome-icons-container\"><a href=\"https:\/\/cczuric.cat\/en\/the-casal\/\" target=\"_self\" rel=\"noopener noreferrer\"><i class=\"fas fa-info-circle\"><\/i><\/a><\/span><\/div>\n\n\n\n<p class=\"has-text-align-center has-nv-dark-bg-color has-text-color\"><strong>Who are we<\/strong><\/p>\n<\/div>\n\n\n\n<div class=\"wp-block-column is-vertically-aligned-top is-layout-flow wp-block-column-is-layout-flow\">\n\n\n\n\n<div id=\"wp-block-themeisle-blocks-font-awesome-icons-dca343c0\" class=\"wp-block-themeisle-blocks-font-awesome-icons\"><span class=\"wp-block-themeisle-blocks-font-awesome-icons-container\"><a href=\"http:\/\/eepurl.com\/cjlP1T\" target=\"_self\" rel=\"noopener noreferrer\"><i class=\"far fa-newspaper\"><\/i><\/a><\/span><\/div>\n\n\n\n<p class=\"has-text-align-center has-nv-dark-bg-color has-text-color\"><strong>Subscribe to the newsletter<\/strong><\/p>\n<\/div>\n\n\n\n<div class=\"wp-block-column is-vertically-aligned-top is-layout-flow wp-block-column-is-layout-flow\">\n\n\n\n\n<div id=\"wp-block-themeisle-blocks-font-awesome-icons-a374e68e\" class=\"wp-block-themeisle-blocks-font-awesome-icons\"><span class=\"wp-block-themeisle-blocks-font-awesome-icons-container\"><a href=\"https:\/\/cczuric.cat\/en\/become-a-member\/\" target=\"_self\" rel=\"noopener noreferrer\"><i class=\"fas fa-hands-helping\"><\/i><\/a><\/span><\/div>\n\n\n\n<p class=\"has-text-align-center has-nv-dark-bg-color has-text-color\"><strong>Become a member<\/strong><\/p>\n<\/div>\n\n\n\n<div class=\"wp-block-column is-vertically-aligned-top is-layout-flow wp-block-column-is-layout-flow\">\n\n\n\n\n<div id=\"wp-block-themeisle-blocks-font-awesome-icons-de90109a\" class=\"wp-block-themeisle-blocks-font-awesome-icons\"><span class=\"wp-block-themeisle-blocks-font-awesome-icons-container\"><a href=\"https:\/\/cczuric.cat\/esdeveniments\/\" target=\"_self\" rel=\"noopener noreferrer\"><i class=\"far fa-calendar-alt\"><\/i><\/a><\/span><\/div>\n\n\n\n<p class=\"has-text-align-center has-nv-dark-bg-color has-text-color\"><strong>Calendar<\/strong><\/p>\n<\/div>\n<\/div>\n\n\n\n<div class=\"wp-block-cover alignfull\" style=\"min-height:242px;aspect-ratio:unset;\"><span aria-hidden=\"true\" class=\"wp-block-cover__background has-nv-light-bg-background-color has-background-dim-100 has-background-dim\"><\/span><div class=\"wp-block-cover__inner-container is-layout-flow wp-block-cover-is-layout-flow\">\n<div class=\"wp-block-columns is-layout-flex wp-container-core-columns-is-layout-9d6595d7 wp-block-columns-is-layout-flex\">\n<div class=\"wp-block-column is-vertically-aligned-center ticss-f6fc7494 is-layout-flow wp-block-column-is-layout-flow\">\n<ul class=\"wp-block-social-links has-large-icon-size has-icon-color has-icon-background-color is-style-default is-content-justification-center is-layout-flex wp-container-core-social-links-is-layout-16018d1d wp-block-social-links-is-layout-flex\"><li style=\"color:var(--nv-light-bg);background-color:var(--nv-c-1);\" class=\"wp-social-link wp-social-link-mail has-nv-light-bg-color has-nv-c-1-background-color wp-block-social-link\"><a href=\"mailto:cczuric@gmail.com\" class=\"wp-block-social-link-anchor\"><svg width=\"24\" height=\"24\" viewBox=\"0 0 24 24\" version=\"1.1\" xmlns=\"http:\/\/www.w3.org\/2000\/svg\" aria-hidden=\"true\" focusable=\"false\"><path d=\"M19,5H5c-1.1,0-2,.9-2,2v10c0,1.1.9,2,2,2h14c1.1,0,2-.9,2-2V7c0-1.1-.9-2-2-2zm.5,12c0,.3-.2.5-.5.5H5c-.3,0-.5-.2-.5-.5V9.8l7.5,5.6,7.5-5.6V17zm0-9.1L12,13.6,4.5,7.9V7c0-.3.2-.5.5-.5h14c.3,0,.5.2.5.5v.9z\"><\/path><\/svg><span class=\"wp-block-social-link-label screen-reader-text\">Email<\/span><\/a><\/li><\/ul>\n\n\n\n<h3 class=\"wp-block-heading has-text-align-center has-neve-text-color-color has-text-color\">Email<\/h3>\n<\/div>\n\n\n\n<div class=\"wp-block-column is-vertically-aligned-center ticss-a5b4df29 is-layout-flow wp-block-column-is-layout-flow\">\n<ul class=\"wp-block-social-links aligncenter has-large-icon-size has-icon-color has-icon-background-color is-content-justification-center is-layout-flex wp-container-core-social-links-is-layout-16018d1d wp-block-social-links-is-layout-flex\"><li style=\"color:var(--nv-light-bg);background-color:var(--nv-c-1);\" class=\"wp-social-link wp-social-link-instagram has-nv-light-bg-color has-nv-c-1-background-color wp-block-social-link\"><a rel=\"noopener nofollow\" target=\"_blank\" href=\"https:\/\/www.instagram.com\/cczuric\/\" class=\"wp-block-social-link-anchor\"><svg width=\"24\" height=\"24\" viewBox=\"0 0 24 24\" version=\"1.1\" xmlns=\"http:\/\/www.w3.org\/2000\/svg\" aria-hidden=\"true\" focusable=\"false\"><path d=\"M12,4.622c2.403,0,2.688,0.009,3.637,0.052c0.877,0.04,1.354,0.187,1.671,0.31c0.42,0.163,0.72,0.358,1.035,0.673 c0.315,0.315,0.51,0.615,0.673,1.035c0.123,0.317,0.27,0.794,0.31,1.671c0.043,0.949,0.052,1.234,0.052,3.637 s-0.009,2.688-0.052,3.637c-0.04,0.877-0.187,1.354-0.31,1.671c-0.163,0.42-0.358,0.72-0.673,1.035 c-0.315,0.315-0.615,0.51-1.035,0.673c-0.317,0.123-0.794,0.27-1.671,0.31c-0.949,0.043-1.233,0.052-3.637,0.052 s-2.688-0.009-3.637-0.052c-0.877-0.04-1.354-0.187-1.671-0.31c-0.42-0.163-0.72-0.358-1.035-0.673 c-0.315-0.315-0.51-0.615-0.673-1.035c-0.123-0.317-0.27-0.794-0.31-1.671C4.631,14.688,4.622,14.403,4.622,12 s0.009-2.688,0.052-3.637c0.04-0.877,0.187-1.354,0.31-1.671c0.163-0.42,0.358-0.72,0.673-1.035 c0.315-0.315,0.615-0.51,1.035-0.673c0.317-0.123,0.794-0.27,1.671-0.31C9.312,4.631,9.597,4.622,12,4.622 M12,3 C9.556,3,9.249,3.01,8.289,3.054C7.331,3.098,6.677,3.25,6.105,3.472C5.513,3.702,5.011,4.01,4.511,4.511 c-0.5,0.5-0.808,1.002-1.038,1.594C3.25,6.677,3.098,7.331,3.054,8.289C3.01,9.249,3,9.556,3,12c0,2.444,0.01,2.751,0.054,3.711 c0.044,0.958,0.196,1.612,0.418,2.185c0.23,0.592,0.538,1.094,1.038,1.594c0.5,0.5,1.002,0.808,1.594,1.038 c0.572,0.222,1.227,0.375,2.185,0.418C9.249,20.99,9.556,21,12,21s2.751-0.01,3.711-0.054c0.958-0.044,1.612-0.196,2.185-0.418 c0.592-0.23,1.094-0.538,1.594-1.038c0.5-0.5,0.808-1.002,1.038-1.594c0.222-0.572,0.375-1.227,0.418-2.185 C20.99,14.751,21,14.444,21,12s-0.01-2.751-0.054-3.711c-0.044-0.958-0.196-1.612-0.418-2.185c-0.23-0.592-0.538-1.094-1.038-1.594 c-0.5-0.5-1.002-0.808-1.594-1.038c-0.572-0.222-1.227-0.375-2.185-0.418C14.751,3.01,14.444,3,12,3L12,3z M12,7.378 c-2.552,0-4.622,2.069-4.622,4.622S9.448,16.622,12,16.622s4.622-2.069,4.622-4.622S14.552,7.378,12,7.378z M12,15 c-1.657,0-3-1.343-3-3s1.343-3,3-3s3,1.343,3,3S13.657,15,12,15z M16.804,6.116c-0.596,0-1.08,0.484-1.08,1.08 s0.484,1.08,1.08,1.08c0.596,0,1.08-0.484,1.08-1.08S17.401,6.116,16.804,6.116z\"><\/path><\/svg><span class=\"wp-block-social-link-label screen-reader-text\">Instagram<\/span><\/a><\/li><\/ul>\n\n\n\n<h3 class=\"wp-block-heading has-text-align-center has-neve-text-color-color has-text-color\">Instagram<\/h3>\n<\/div>\n<\/div>\n<\/div><\/div>\n\n\n\n<p><\/p>\n","protected":false},"excerpt":{"rendered":"<p>Who are we Subscribe to the newsletter Become a member Calendar<\/p>\n","protected":false},"author":2,"featured_media":0,"parent":0,"menu_order":0,"comment_status":"closed","ping_status":"closed","template":"","meta":{"neve_meta_sidebar":"default","neve_meta_container":"","neve_meta_enable_content_width":"on","neve_meta_content_width":100,"neve_meta_title_alignment":"","neve_meta_author_avatar":"","neve_post_elements_order":"","neve_meta_disable_header":"","neve_meta_disable_footer":"","neve_meta_disable_title":"on","neve_meta_reading_time":"","_price":"","_stock":"","_tribe_ticket_header":"","_tribe_default_ticket_provider":"","_tribe_ticket_capacity":"0","_ticket_start_date":"","_ticket_end_date":"","_tribe_ticket_show_description":"","_tribe_ticket_show_not_going":false,"_tribe_ticket_use_global_stock":"","_tribe_ticket_global_stock_level":"","_global_stock_mode":"","_global_stock_cap":"","_tribe_rsvp_for_event":"","_tribe_ticket_going_count":"","_tribe_ticket_not_going_count":"","_tribe_tickets_list":"[]","_tribe_ticket_has_attendee_info_fields":false,"_themeisle_gutenberg_block_has_review":false,"_ti_tpc_template_sync":false,"_ti_tpc_template_id":"","footnotes":""},"class_list":["post-4171","page","type-page","status-publish","hentry"],"yoast_head":"<!-- This site is optimized with the Yoast SEO plugin v27.2 - https:\/\/yoast.com\/product\/yoast-seo-wordpress\/ -->\n<title>Home - Casal Catal\u00e0 de Z\u00faric<\/title>\n<meta name=\"description\" content=\"Casal Catal\u00e0 de Z\u00faric is an organization with more than 60 years of history and the meeting point for Catalans in the Zurich area.\" \/>\n<meta name=\"robots\" content=\"index, follow, max-snippet:-1, max-image-preview:large, max-video-preview:-1\" \/>\n<link rel=\"canonical\" href=\"https:\/\/cczuric.cat\/en\/\" \/>\n<meta property=\"og:locale\" content=\"en_US\" \/>\n<meta property=\"og:type\" content=\"article\" \/>\n<meta property=\"og:title\" content=\"Home - Casal Catal\u00e0 de Z\u00faric\" \/>\n<meta property=\"og:description\" content=\"Casal Catal\u00e0 de Z\u00faric is an organization with more than 60 years of history and the meeting point for Catalans in the Zurich area.\" \/>\n<meta property=\"og:url\" content=\"https:\/\/cczuric.cat\/en\/\" \/>\n<meta property=\"og:site_name\" content=\"Casal Catal\u00e0 de Z\u00faric\" \/>\n<meta property=\"article:publisher\" content=\"https:\/\/www.facebook.com\/Casal.Catala.Zuric\" \/>\n<meta property=\"article:modified_time\" content=\"2026-02-02T18:55:52+00:00\" \/>\n<meta property=\"og:image\" content=\"https:\/\/cczuric.cat\/wp-content\/uploads\/2022\/10\/rhiannon-elliott-ZBDim69V8Vw-unsplash-scaled.jpg\" \/>\n\t<meta property=\"og:image:width\" content=\"2560\" \/>\n\t<meta property=\"og:image:height\" content=\"1920\" \/>\n\t<meta property=\"og:image:type\" content=\"image\/jpeg\" \/>\n<meta name=\"twitter:card\" content=\"summary_large_image\" \/>\n<meta name=\"twitter:site\" content=\"@CCZuric\" \/>\n<meta name=\"twitter:label1\" content=\"Est. reading time\" \/>\n\t<meta name=\"twitter:data1\" content=\"3 minutes\" \/>\n<script type=\"application\/ld+json\" class=\"yoast-schema-graph\">{\"@context\":\"https:\/\/schema.org\",\"@graph\":[{\"@type\":\"WebPage\",\"@id\":\"https:\/\/cczuric.cat\/en\/\",\"url\":\"https:\/\/cczuric.cat\/en\/\",\"name\":\"Home - Casal Catal\u00e0 de Z\u00faric\",\"isPartOf\":{\"@id\":\"https:\/\/cczuric.cat\/en\/#website\"},\"primaryImageOfPage\":{\"@id\":\"https:\/\/cczuric.cat\/en\/#primaryimage\"},\"image\":{\"@id\":\"https:\/\/cczuric.cat\/en\/#primaryimage\"},\"thumbnailUrl\":\"https:\/\/cczuric.cat\/wp-content\/uploads\/2022\/10\/rhiannon-elliott-ZBDim69V8Vw-unsplash-scaled.jpg\",\"datePublished\":\"2022-09-13T09:17:52+00:00\",\"dateModified\":\"2026-02-02T18:55:52+00:00\",\"description\":\"Casal Catal\u00e0 de Z\u00faric is an organization with more than 60 years of history and the meeting point for Catalans in the Zurich area.\",\"inLanguage\":\"en-US\",\"potentialAction\":[{\"@type\":\"ReadAction\",\"target\":[\"https:\/\/cczuric.cat\/en\/\"]}]},{\"@type\":\"ImageObject\",\"inLanguage\":\"en-US\",\"@id\":\"https:\/\/cczuric.cat\/en\/#primaryimage\",\"url\":\"https:\/\/cczuric.cat\/wp-content\/uploads\/2022\/10\/rhiannon-elliott-ZBDim69V8Vw-unsplash-scaled.jpg\",\"contentUrl\":\"https:\/\/cczuric.cat\/wp-content\/uploads\/2022\/10\/rhiannon-elliott-ZBDim69V8Vw-unsplash-scaled.jpg\"},{\"@type\":\"WebSite\",\"@id\":\"https:\/\/cczuric.cat\/en\/#website\",\"url\":\"https:\/\/cczuric.cat\/en\/\",\"name\":\"Casal Catal\u00e0 de Z\u00faric\",\"description\":\"\",\"publisher\":{\"@id\":\"https:\/\/cczuric.cat\/en\/#organization\"},\"alternateName\":\"CCZ\",\"potentialAction\":[{\"@type\":\"SearchAction\",\"target\":{\"@type\":\"EntryPoint\",\"urlTemplate\":\"https:\/\/cczuric.cat\/en\/?s={search_term_string}\"},\"query-input\":{\"@type\":\"PropertyValueSpecification\",\"valueRequired\":true,\"valueName\":\"search_term_string\"}}],\"inLanguage\":\"en-US\"},{\"@type\":\"Organization\",\"@id\":\"https:\/\/cczuric.cat\/en\/#organization\",\"name\":\"Casal Catal\u00e0 de Z\u00faric\",\"url\":\"https:\/\/cczuric.cat\/en\/\",\"logo\":{\"@type\":\"ImageObject\",\"inLanguage\":\"en-US\",\"@id\":\"https:\/\/cczuric.cat\/en\/#\/schema\/logo\/image\/\",\"url\":\"https:\/\/cczuric.cat\/wp-content\/uploads\/2025\/01\/logo-a-cczuric.png\",\"contentUrl\":\"https:\/\/cczuric.cat\/wp-content\/uploads\/2025\/01\/logo-a-cczuric.png\",\"width\":470,\"height\":495,\"caption\":\"Casal Catal\u00e0 de Z\u00faric\"},\"image\":{\"@id\":\"https:\/\/cczuric.cat\/en\/#\/schema\/logo\/image\/\"},\"sameAs\":[\"https:\/\/www.facebook.com\/Casal.Catala.Zuric\",\"https:\/\/x.com\/CCZuric\",\"https:\/\/www.instagram.com\/cczuric\/\"]}]}<\/script>\n<!-- \/ Yoast SEO plugin. -->","yoast_head_json":{"title":"Home - Casal Catal\u00e0 de Z\u00faric","description":"Casal Catal\u00e0 de Z\u00faric is an organization with more than 60 years of history and the meeting point for Catalans in the Zurich area.","robots":{"index":"index","follow":"follow","max-snippet":"max-snippet:-1","max-image-preview":"max-image-preview:large","max-video-preview":"max-video-preview:-1"},"canonical":"https:\/\/cczuric.cat\/en\/","og_locale":"en_US","og_type":"article","og_title":"Home - Casal Catal\u00e0 de Z\u00faric","og_description":"Casal Catal\u00e0 de Z\u00faric is an organization with more than 60 years of history and the meeting point for Catalans in the Zurich area.","og_url":"https:\/\/cczuric.cat\/en\/","og_site_name":"Casal Catal\u00e0 de Z\u00faric","article_publisher":"https:\/\/www.facebook.com\/Casal.Catala.Zuric","article_modified_time":"2026-02-02T18:55:52+00:00","og_image":[{"width":2560,"height":1920,"url":"https:\/\/cczuric.cat\/wp-content\/uploads\/2022\/10\/rhiannon-elliott-ZBDim69V8Vw-unsplash-scaled.jpg","type":"image\/jpeg"}],"twitter_card":"summary_large_image","twitter_site":"@CCZuric","twitter_misc":{"Est. reading time":"3 minutes"},"schema":{"@context":"https:\/\/schema.org","@graph":[{"@type":"WebPage","@id":"https:\/\/cczuric.cat\/en\/","url":"https:\/\/cczuric.cat\/en\/","name":"Home - Casal Catal\u00e0 de Z\u00faric","isPartOf":{"@id":"https:\/\/cczuric.cat\/en\/#website"},"primaryImageOfPage":{"@id":"https:\/\/cczuric.cat\/en\/#primaryimage"},"image":{"@id":"https:\/\/cczuric.cat\/en\/#primaryimage"},"thumbnailUrl":"https:\/\/cczuric.cat\/wp-content\/uploads\/2022\/10\/rhiannon-elliott-ZBDim69V8Vw-unsplash-scaled.jpg","datePublished":"2022-09-13T09:17:52+00:00","dateModified":"2026-02-02T18:55:52+00:00","description":"Casal Catal\u00e0 de Z\u00faric is an organization with more than 60 years of history and the meeting point for Catalans in the Zurich area.","inLanguage":"en-US","potentialAction":[{"@type":"ReadAction","target":["https:\/\/cczuric.cat\/en\/"]}]},{"@type":"ImageObject","inLanguage":"en-US","@id":"https:\/\/cczuric.cat\/en\/#primaryimage","url":"https:\/\/cczuric.cat\/wp-content\/uploads\/2022\/10\/rhiannon-elliott-ZBDim69V8Vw-unsplash-scaled.jpg","contentUrl":"https:\/\/cczuric.cat\/wp-content\/uploads\/2022\/10\/rhiannon-elliott-ZBDim69V8Vw-unsplash-scaled.jpg"},{"@type":"WebSite","@id":"https:\/\/cczuric.cat\/en\/#website","url":"https:\/\/cczuric.cat\/en\/","name":"Casal Catal\u00e0 de Z\u00faric","description":"","publisher":{"@id":"https:\/\/cczuric.cat\/en\/#organization"},"alternateName":"CCZ","potentialAction":[{"@type":"SearchAction","target":{"@type":"EntryPoint","urlTemplate":"https:\/\/cczuric.cat\/en\/?s={search_term_string}"},"query-input":{"@type":"PropertyValueSpecification","valueRequired":true,"valueName":"search_term_string"}}],"inLanguage":"en-US"},{"@type":"Organization","@id":"https:\/\/cczuric.cat\/en\/#organization","name":"Casal Catal\u00e0 de Z\u00faric","url":"https:\/\/cczuric.cat\/en\/","logo":{"@type":"ImageObject","inLanguage":"en-US","@id":"https:\/\/cczuric.cat\/en\/#\/schema\/logo\/image\/","url":"https:\/\/cczuric.cat\/wp-content\/uploads\/2025\/01\/logo-a-cczuric.png","contentUrl":"https:\/\/cczuric.cat\/wp-content\/uploads\/2025\/01\/logo-a-cczuric.png","width":470,"height":495,"caption":"Casal Catal\u00e0 de Z\u00faric"},"image":{"@id":"https:\/\/cczuric.cat\/en\/#\/schema\/logo\/image\/"},"sameAs":["https:\/\/www.facebook.com\/Casal.Catala.Zuric","https:\/\/x.com\/CCZuric","https:\/\/www.instagram.com\/cczuric\/"]}]}},"_links":{"self":[{"href":"https:\/\/cczuric.cat\/en\/wp-json\/wp\/v2\/pages\/4171","targetHints":{"allow":["GET"]}}],"collection":[{"href":"https:\/\/cczuric.cat\/en\/wp-json\/wp\/v2\/pages"}],"about":[{"href":"https:\/\/cczuric.cat\/en\/wp-json\/wp\/v2\/types\/page"}],"author":[{"embeddable":true,"href":"https:\/\/cczuric.cat\/en\/wp-json\/wp\/v2\/users\/2"}],"replies":[{"embeddable":true,"href":"https:\/\/cczuric.cat\/en\/wp-json\/wp\/v2\/comments?post=4171"}],"version-history":[{"count":9,"href":"https:\/\/cczuric.cat\/en\/wp-json\/wp\/v2\/pages\/4171\/revisions"}],"predecessor-version":[{"id":5098,"href":"https:\/\/cczuric.cat\/en\/wp-json\/wp\/v2\/pages\/4171\/revisions\/5098"}],"wp:attachment":[{"href":"https:\/\/cczuric.cat\/en\/wp-json\/wp\/v2\/media?parent=4171"}],"curies":[{"name":"wp","href":"https:\/\/api.w.org\/{rel}","templated":true}]}}