{"id":4628,"date":"2025-12-06T11:37:20","date_gmt":"2025-12-06T10:37:20","guid":{"rendered":"https:\/\/cczuric.cat\/feste-und-traditionen\/"},"modified":"2025-12-06T11:37:20","modified_gmt":"2025-12-06T10:37:20","slug":"feste-und-traditionen","status":"publish","type":"page","link":"https:\/\/cczuric.cat\/de\/feste-und-traditionen\/","title":{"rendered":"Feste und Traditionen"},"content":{"rendered":"\n<p>Im Casal sollen Sie sich wie zu Hause f\u00fchlen, und zu Hause d\u00fcrfen katalanische Traditionen nat\u00fcrlich nicht fehlen.<\/p>\n\n\n\n<p>Auf unseren Festen feiern wir unsere Kultur und unsere Gastronomie \u2013 f\u00fcr all jene, die sie vermissen, und um sie anderen n\u00e4herzubringen und sie zum Genuss zu bringen.<\/p>\n\n\n\n<p>Jedes Jahr feiern wir eine riesige <strong>Cal\u00e7otada<\/strong>, den <strong>Sant-Jordi<\/strong>-Tag mit einem B\u00fccher- und Rosenstand im Stadtzentrum, den <strong>Sant-Joan<\/strong>-Abend mit Kuchen und einer Party, ein gemeinsames Abendessen zum <strong>Nationalfeiertag Kataloniens<\/strong>, den Herbstanfang mit der <strong>Castanyada<\/strong> und den Panellets und beschlie\u00dfen das Jahr mit einem <strong>Weihnachtsessen<\/strong>, bei dem die Kinder &#8222;fan cagar el ti\u00f3&#8220;-<\/p>\n\n\n\n<p>Wir haben auch schon einen <strong>Kinderkarneval<\/strong> und Schokoladenworkshops zur Herstellung von &#8222;<strong>la mona<\/strong>&#8220; \u200b\u200borganisiert und sind offen f\u00fcr alle Vorschl\u00e4ge. Hauptsache, wir feiern! <\/p>\n\n\n\n<p>Im <a href=\"https:\/\/cczuric.cat\/esdeveniments\/\">Kalender<\/a> finden Sie alle aktuellen Veranstaltungen. Wir freuen uns darauf, Sie beim n\u00e4chsten Fest zu sehen! <\/p>\n","protected":false},"excerpt":{"rendered":"<p>Im Casal sollen Sie sich wie zu Hause f\u00fchlen, und zu Hause d\u00fcrfen katalanische Traditionen nat\u00fcrlich nicht fehlen. Auf unseren Festen feiern wir unsere Kultur und unsere Gastronomie \u2013 f\u00fcr&hellip;&nbsp;<a href=\"https:\/\/cczuric.cat\/de\/feste-und-traditionen\/\" rel=\"bookmark\">Mehr lesen &raquo;<span class=\"screen-reader-text\">Feste und Traditionen<\/span><\/a><\/p>\n","protected":false},"author":6,"featured_media":0,"parent":0,"menu_order":0,"comment_status":"closed","ping_status":"closed","template":"","meta":{"neve_meta_sidebar":"","neve_meta_container":"","neve_meta_enable_content_width":"","neve_meta_content_width":0,"neve_meta_title_alignment":"","neve_meta_author_avatar":"","neve_post_elements_order":"","neve_meta_disable_header":"","neve_meta_disable_footer":"","neve_meta_disable_title":"","neve_meta_reading_time":"","_price":"","_stock":"","_tribe_ticket_header":"","_tribe_default_ticket_provider":"","_tribe_ticket_capacity":"","_ticket_start_date":"","_ticket_end_date":"","_tribe_ticket_show_description":"","_tribe_ticket_show_not_going":false,"_tribe_ticket_use_global_stock":"","_tribe_ticket_global_stock_level":"","_global_stock_mode":"","_global_stock_cap":"","_tribe_rsvp_for_event":"","_tribe_ticket_going_count":"","_tribe_ticket_not_going_count":"","_tribe_tickets_list":"[]","_tribe_ticket_has_attendee_info_fields":false,"_themeisle_gutenberg_block_has_review":false,"_ti_tpc_template_sync":false,"_ti_tpc_template_id":"","footnotes":""},"class_list":["post-4628","page","type-page","status-publish","hentry"],"yoast_head":"<!-- This site is optimized with the Yoast SEO plugin v27.2 - https:\/\/yoast.com\/product\/yoast-seo-wordpress\/ -->\n<title>Feste und Traditionen - Casal Catal\u00e0 de Z\u00faric<\/title>\n<meta name=\"robots\" content=\"index, follow, max-snippet:-1, max-image-preview:large, max-video-preview:-1\" \/>\n<link rel=\"canonical\" href=\"https:\/\/cczuric.cat\/de\/feste-und-traditionen\/\" \/>\n<meta property=\"og:locale\" content=\"de_DE\" \/>\n<meta property=\"og:type\" content=\"article\" \/>\n<meta property=\"og:title\" content=\"Feste und Traditionen - Casal Catal\u00e0 de Z\u00faric\" \/>\n<meta property=\"og:description\" content=\"Im Casal sollen Sie sich wie zu Hause f\u00fchlen, und zu Hause d\u00fcrfen katalanische Traditionen nat\u00fcrlich nicht fehlen. Auf unseren Festen feiern wir unsere Kultur und unsere Gastronomie \u2013 f\u00fcr&hellip;&nbsp;Mehr lesen &raquo;Feste und Traditionen\" \/>\n<meta property=\"og:url\" content=\"https:\/\/cczuric.cat\/de\/feste-und-traditionen\/\" \/>\n<meta property=\"og:site_name\" content=\"Casal Catal\u00e0 de Z\u00faric\" \/>\n<meta property=\"article:publisher\" content=\"https:\/\/www.facebook.com\/Casal.Catala.Zuric\" \/>\n<meta name=\"twitter:card\" content=\"summary_large_image\" \/>\n<meta name=\"twitter:site\" content=\"@CCZuric\" \/>\n<meta name=\"twitter:label1\" content=\"Gesch\u00e4tzte Lesezeit\" \/>\n\t<meta name=\"twitter:data1\" content=\"1\u00a0Minute\" \/>\n<script type=\"application\/ld+json\" class=\"yoast-schema-graph\">{\"@context\":\"https:\/\/schema.org\",\"@graph\":[{\"@type\":\"WebPage\",\"@id\":\"https:\/\/cczuric.cat\/de\/feste-und-traditionen\/\",\"url\":\"https:\/\/cczuric.cat\/de\/feste-und-traditionen\/\",\"name\":\"Feste und Traditionen - Casal Catal\u00e0 de Z\u00faric\",\"isPartOf\":{\"@id\":\"https:\/\/cczuric.cat\/de\/#website\"},\"datePublished\":\"2025-12-06T10:37:20+00:00\",\"inLanguage\":\"de\",\"potentialAction\":[{\"@type\":\"ReadAction\",\"target\":[\"https:\/\/cczuric.cat\/de\/feste-und-traditionen\/\"]}]},{\"@type\":\"WebSite\",\"@id\":\"https:\/\/cczuric.cat\/de\/#website\",\"url\":\"https:\/\/cczuric.cat\/de\/\",\"name\":\"Casal Catal\u00e0 de Z\u00faric\",\"description\":\"\",\"publisher\":{\"@id\":\"https:\/\/cczuric.cat\/de\/#organization\"},\"alternateName\":\"CCZ\",\"potentialAction\":[{\"@type\":\"SearchAction\",\"target\":{\"@type\":\"EntryPoint\",\"urlTemplate\":\"https:\/\/cczuric.cat\/de\/?s={search_term_string}\"},\"query-input\":{\"@type\":\"PropertyValueSpecification\",\"valueRequired\":true,\"valueName\":\"search_term_string\"}}],\"inLanguage\":\"de\"},{\"@type\":\"Organization\",\"@id\":\"https:\/\/cczuric.cat\/de\/#organization\",\"name\":\"Casal Catal\u00e0 de Z\u00faric\",\"url\":\"https:\/\/cczuric.cat\/de\/\",\"logo\":{\"@type\":\"ImageObject\",\"inLanguage\":\"de\",\"@id\":\"https:\/\/cczuric.cat\/de\/#\/schema\/logo\/image\/\",\"url\":\"https:\/\/cczuric.cat\/wp-content\/uploads\/2025\/01\/logo-a-cczuric.png\",\"contentUrl\":\"https:\/\/cczuric.cat\/wp-content\/uploads\/2025\/01\/logo-a-cczuric.png\",\"width\":470,\"height\":495,\"caption\":\"Casal Catal\u00e0 de Z\u00faric\"},\"image\":{\"@id\":\"https:\/\/cczuric.cat\/de\/#\/schema\/logo\/image\/\"},\"sameAs\":[\"https:\/\/www.facebook.com\/Casal.Catala.Zuric\",\"https:\/\/x.com\/CCZuric\",\"https:\/\/www.instagram.com\/cczuric\/\"]}]}<\/script>\n<!-- \/ Yoast SEO plugin. -->","yoast_head_json":{"title":"Feste und Traditionen - Casal Catal\u00e0 de Z\u00faric","robots":{"index":"index","follow":"follow","max-snippet":"max-snippet:-1","max-image-preview":"max-image-preview:large","max-video-preview":"max-video-preview:-1"},"canonical":"https:\/\/cczuric.cat\/de\/feste-und-traditionen\/","og_locale":"de_DE","og_type":"article","og_title":"Feste und Traditionen - Casal Catal\u00e0 de Z\u00faric","og_description":"Im Casal sollen Sie sich wie zu Hause f\u00fchlen, und zu Hause d\u00fcrfen katalanische Traditionen nat\u00fcrlich nicht fehlen. Auf unseren Festen feiern wir unsere Kultur und unsere Gastronomie \u2013 f\u00fcr&hellip;&nbsp;Mehr lesen &raquo;Feste und Traditionen","og_url":"https:\/\/cczuric.cat\/de\/feste-und-traditionen\/","og_site_name":"Casal Catal\u00e0 de Z\u00faric","article_publisher":"https:\/\/www.facebook.com\/Casal.Catala.Zuric","twitter_card":"summary_large_image","twitter_site":"@CCZuric","twitter_misc":{"Gesch\u00e4tzte Lesezeit":"1\u00a0Minute"},"schema":{"@context":"https:\/\/schema.org","@graph":[{"@type":"WebPage","@id":"https:\/\/cczuric.cat\/de\/feste-und-traditionen\/","url":"https:\/\/cczuric.cat\/de\/feste-und-traditionen\/","name":"Feste und Traditionen - Casal Catal\u00e0 de Z\u00faric","isPartOf":{"@id":"https:\/\/cczuric.cat\/de\/#website"},"datePublished":"2025-12-06T10:37:20+00:00","inLanguage":"de","potentialAction":[{"@type":"ReadAction","target":["https:\/\/cczuric.cat\/de\/feste-und-traditionen\/"]}]},{"@type":"WebSite","@id":"https:\/\/cczuric.cat\/de\/#website","url":"https:\/\/cczuric.cat\/de\/","name":"Casal Catal\u00e0 de Z\u00faric","description":"","publisher":{"@id":"https:\/\/cczuric.cat\/de\/#organization"},"alternateName":"CCZ","potentialAction":[{"@type":"SearchAction","target":{"@type":"EntryPoint","urlTemplate":"https:\/\/cczuric.cat\/de\/?s={search_term_string}"},"query-input":{"@type":"PropertyValueSpecification","valueRequired":true,"valueName":"search_term_string"}}],"inLanguage":"de"},{"@type":"Organization","@id":"https:\/\/cczuric.cat\/de\/#organization","name":"Casal Catal\u00e0 de Z\u00faric","url":"https:\/\/cczuric.cat\/de\/","logo":{"@type":"ImageObject","inLanguage":"de","@id":"https:\/\/cczuric.cat\/de\/#\/schema\/logo\/image\/","url":"https:\/\/cczuric.cat\/wp-content\/uploads\/2025\/01\/logo-a-cczuric.png","contentUrl":"https:\/\/cczuric.cat\/wp-content\/uploads\/2025\/01\/logo-a-cczuric.png","width":470,"height":495,"caption":"Casal Catal\u00e0 de Z\u00faric"},"image":{"@id":"https:\/\/cczuric.cat\/de\/#\/schema\/logo\/image\/"},"sameAs":["https:\/\/www.facebook.com\/Casal.Catala.Zuric","https:\/\/x.com\/CCZuric","https:\/\/www.instagram.com\/cczuric\/"]}]}},"_links":{"self":[{"href":"https:\/\/cczuric.cat\/de\/wp-json\/wp\/v2\/pages\/4628","targetHints":{"allow":["GET"]}}],"collection":[{"href":"https:\/\/cczuric.cat\/de\/wp-json\/wp\/v2\/pages"}],"about":[{"href":"https:\/\/cczuric.cat\/de\/wp-json\/wp\/v2\/types\/page"}],"author":[{"embeddable":true,"href":"https:\/\/cczuric.cat\/de\/wp-json\/wp\/v2\/users\/6"}],"replies":[{"embeddable":true,"href":"https:\/\/cczuric.cat\/de\/wp-json\/wp\/v2\/comments?post=4628"}],"version-history":[{"count":0,"href":"https:\/\/cczuric.cat\/de\/wp-json\/wp\/v2\/pages\/4628\/revisions"}],"wp:attachment":[{"href":"https:\/\/cczuric.cat\/de\/wp-json\/wp\/v2\/media?parent=4628"}],"curies":[{"name":"wp","href":"https:\/\/api.w.org\/{rel}","templated":true}]}}