{"id":4624,"date":"2025-03-05T22:43:52","date_gmt":"2025-03-05T21:43:52","guid":{"rendered":"https:\/\/cczuric.cat\/katalanische-kurse\/"},"modified":"2025-03-05T22:43:52","modified_gmt":"2025-03-05T21:43:52","slug":"katalanische-kurse","status":"publish","type":"page","link":"https:\/\/cczuric.cat\/de\/katalanische-kurse\/","title":{"rendered":"Katalanische Kurse"},"content":{"rendered":"\n<div style=\"height:49px\" aria-hidden=\"true\" id=\"escola-adults\" class=\"wp-block-spacer\"><\/div>\n\n\n\n<h2 class=\"wp-block-heading has-nv-c-1-color has-text-color\"><strong>Katalanischkurse f\u00fcr Erwachsene<\/strong><\/h2>\n\n\n\n<div class=\"wp-block-columns are-vertically-aligned-center is-layout-flex wp-container-core-columns-is-layout-9d6595d7 wp-block-columns-is-layout-flex\">\n<div class=\"wp-block-column is-vertically-aligned-center is-layout-flow wp-block-column-is-layout-flow\" style=\"flex-basis:100%\">\n<p class=\"has-neve-text-color-color has-text-color\">Das Casal bietet Kurse von A1 (Anf\u00e4nger) bis C1 (Fortgeschrittene f\u00fcr Nicht-Muttersprachler) an, sofern mindestens vier Sch\u00fcler pro Gruppe teilnehmen.<\/p>\n\n\n\n<p class=\"has-neve-text-color-color has-text-color\">Die Kurse werden in einem hybriden Format durchgef\u00fchrt: Pr\u00e4senzunterricht und Online-Unterricht werden nach Absprache zwischen Studierenden und Dozenten kombiniert.<\/p>\n\n\n\n<p class=\"has-neve-text-color-color has-text-color has-link-color wp-elements-f13735adaa2e96667fd21c5a703bfcda\"><strong><a href=\"https:\/\/docs.google.com\/forms\/d\/e\/1FAIpQLSfJfU1jhg-9oRoejr4DzUwUhdiUGZ6LWaIW7P3GHwT3rvWY3w\/viewform\" target=\"_blank\" rel=\"noreferrer noopener\">Hier<\/a> anmelden<\/strong>. Falls Sie kein Google-Konto besitzen, nutzen Sie <a href=\"https:\/\/docs.google.com\/forms\/d\/e\/1FAIpQLSfVMWKqAcnG5upnk1pjLehgSnF6FkygX3dsxZTJG2QpzYf_zw\/viewform?usp=header\">diesen Link<\/a>. <\/p>\n<\/div>\n\n\n\n<div class=\"wp-block-column is-vertically-aligned-center is-layout-flow wp-block-column-is-layout-flow\" style=\"flex-basis:100%\">\n<figure class=\"wp-block-image size-large\"><img loading=\"lazy\" decoding=\"async\" width=\"1024\" height=\"683\" src=\"https:\/\/cczuric.cat\/wp-content\/uploads\/2022\/10\/cursos-catala-web-01-1024x683.jpg\" alt=\"Katalanische Kurse\" class=\"wp-image-461\" srcset=\"https:\/\/cczuric.cat\/wp-content\/uploads\/2022\/10\/cursos-catala-web-01-1024x683.jpg 1024w, https:\/\/cczuric.cat\/wp-content\/uploads\/2022\/10\/cursos-catala-web-01-300x200.jpg 300w, https:\/\/cczuric.cat\/wp-content\/uploads\/2022\/10\/cursos-catala-web-01-768x512.jpg 768w, https:\/\/cczuric.cat\/wp-content\/uploads\/2022\/10\/cursos-catala-web-01-1600x1067.jpg 1600w, https:\/\/cczuric.cat\/wp-content\/uploads\/2022\/10\/cursos-catala-web-01-1536x1024.jpg 1536w, https:\/\/cczuric.cat\/wp-content\/uploads\/2022\/10\/cursos-catala-web-01-930x620.jpg 930w, https:\/\/cczuric.cat\/wp-content\/uploads\/2022\/10\/cursos-catala-web-01.jpg 1920w\" sizes=\"auto, (max-width: 1024px) 100vw, 1024px\" \/><\/figure>\n<\/div>\n<\/div>\n\n\n\n<div class=\"wp-block-cover alignfull\" style=\"min-height:600px;aspect-ratio:unset;\"><span aria-hidden=\"true\" class=\"wp-block-cover__background has-nv-text-dark-bg-background-color has-background-dim-100 has-background-dim\"><\/span><div class=\"wp-block-cover__inner-container is-layout-flow wp-block-cover-is-layout-flow\">\n<div style=\"height:49px\" aria-hidden=\"true\" id=\"escola-adults\" class=\"wp-block-spacer\"><\/div>\n\n\n\n<h3 class=\"wp-block-heading has-neve-text-color-color has-text-color\">In diesem Semester bieten wir Folgendes an:<\/h3>\n\n\n\n<div class=\"wp-block-columns is-layout-flex wp-container-core-columns-is-layout-9d6595d7 wp-block-columns-is-layout-flex\">\n<div class=\"wp-block-column is-layout-flow wp-block-column-is-layout-flow\" style=\"flex-basis:700px\">\n<p class=\"has-neve-text-color-color has-text-color\"><strong>Gruppen und Zeitpl\u00e4ne:<\/strong><\/p>\n\n\n\n<ul class=\"wp-block-list has-neve-text-color-color has-text-color\">\n<li>A1.3 Mittwoch um 18:00 Uhr im GZ Schindlergut und in einem Hybridformat.<\/li>\n\n\n\n<li><strong>A2<\/strong> Dienstag um 18:30 Uhr im GZ Hottingen und in einem Hybridformat.<\/li>\n\n\n\n<li><strong>B1<\/strong> Mittwoch um 19 Uhr.<\/li>\n\n\n\n<li><strong>B2<\/strong> Donnerstag um 19 Uhr.<\/li>\n<\/ul>\n<\/div>\n\n\n\n<div class=\"wp-block-column is-layout-flow wp-block-column-is-layout-flow\">\n<p class=\"has-neve-text-color-color has-text-color\"><strong>Preis<\/strong>: <\/p>\n\n\n\n<ul class=\"wp-block-list has-neve-text-color-color has-text-color\">\n<li><strong>300 CHF<\/strong> f\u00fcr Mitglieder<\/li>\n\n\n\n<li><strong>400 CHF<\/strong> f\u00fcr Nichtmitglieder <\/li>\n<\/ul>\n<\/div>\n<\/div>\n\n\n\n<p class=\"has-neve-text-color-color has-text-color has-link-color wp-elements-d7f7b4d2e8f03a935202bf94ba1bf4dd\">Sind Sie an weiteren Kursen interessiert? Schreiben Sie uns eine Nachricht an cczuric@gmail.com oder f\u00fcllen Sie <a href=\"https:\/\/docs.google.com\/forms\/d\/e\/1FAIpQLSfJfU1jhg-9oRoejr4DzUwUhdiUGZ6LWaIW7P3GHwT3rvWY3w\/viewform\">das Formular<\/a> aus.  <\/p>\n\n\n\n<p class=\"has-neve-text-color-color has-text-color\">Das Material ist nicht inbegriffen. Der Lehrer wird in der ersten Stunde weitere Informationen geben.  <\/p>\n\n\n\n<div style=\"height:20px\" aria-hidden=\"true\" class=\"wp-block-spacer\"><\/div>\n<\/div><\/div>\n\n\n\n<p><\/p>\n","protected":false},"excerpt":{"rendered":"<p>Katalanischkurse f\u00fcr Erwachsene Das Casal bietet Kurse von A1 (Anf\u00e4nger) bis C1 (Fortgeschrittene f\u00fcr Nicht-Muttersprachler) an, sofern mindestens vier Sch\u00fcler pro Gruppe teilnehmen. Die Kurse werden in einem hybriden Format&hellip;&nbsp;<a href=\"https:\/\/cczuric.cat\/de\/katalanische-kurse\/\" rel=\"bookmark\">Mehr lesen &raquo;<span class=\"screen-reader-text\">Katalanische Kurse<\/span><\/a><\/p>\n","protected":false},"author":2,"featured_media":0,"parent":0,"menu_order":50,"comment_status":"closed","ping_status":"closed","template":"","meta":{"neve_meta_sidebar":"default","neve_meta_container":"","neve_meta_enable_content_width":"on","neve_meta_content_width":100,"neve_meta_title_alignment":"","neve_meta_author_avatar":"","neve_post_elements_order":"","neve_meta_disable_header":"","neve_meta_disable_footer":"","neve_meta_disable_title":"on","neve_meta_reading_time":"","_price":"","_stock":"","_tribe_ticket_header":"","_tribe_default_ticket_provider":"","_tribe_ticket_capacity":"","_ticket_start_date":"","_ticket_end_date":"","_tribe_ticket_show_description":"","_tribe_ticket_show_not_going":false,"_tribe_ticket_use_global_stock":"","_tribe_ticket_global_stock_level":"","_global_stock_mode":"","_global_stock_cap":"","_tribe_rsvp_for_event":"","_tribe_ticket_going_count":"","_tribe_ticket_not_going_count":"","_tribe_tickets_list":"[]","_tribe_ticket_has_attendee_info_fields":false,"_themeisle_gutenberg_block_has_review":false,"_ti_tpc_template_sync":false,"_ti_tpc_template_id":"","footnotes":""},"class_list":["post-4624","page","type-page","status-publish","hentry"],"yoast_head":"<!-- This site is optimized with the Yoast SEO plugin v27.4 - https:\/\/yoast.com\/product\/yoast-seo-wordpress\/ -->\n<title>Katalanische Kurse - Casal Catal\u00e0 de Z\u00faric<\/title>\n<meta name=\"robots\" content=\"index, follow, max-snippet:-1, max-image-preview:large, max-video-preview:-1\" \/>\n<link rel=\"canonical\" href=\"https:\/\/cczuric.cat\/de\/katalanische-kurse\/\" \/>\n<meta property=\"og:locale\" content=\"de_DE\" \/>\n<meta property=\"og:type\" content=\"article\" \/>\n<meta property=\"og:title\" content=\"Katalanische Kurse - Casal Catal\u00e0 de Z\u00faric\" \/>\n<meta property=\"og:description\" content=\"Katalanischkurse f\u00fcr Erwachsene Das Casal bietet Kurse von A1 (Anf\u00e4nger) bis C1 (Fortgeschrittene f\u00fcr Nicht-Muttersprachler) an, sofern mindestens vier Sch\u00fcler pro Gruppe teilnehmen. Die Kurse werden in einem hybriden Format&hellip;&nbsp;Mehr lesen &raquo;Katalanische Kurse\" \/>\n<meta property=\"og:url\" content=\"https:\/\/cczuric.cat\/de\/katalanische-kurse\/\" \/>\n<meta property=\"og:site_name\" content=\"Casal Catal\u00e0 de Z\u00faric\" \/>\n<meta property=\"article:publisher\" content=\"https:\/\/www.facebook.com\/Casal.Catala.Zuric\" \/>\n<meta property=\"og:image\" content=\"https:\/\/cczuric.cat\/wp-content\/uploads\/2022\/10\/cursos-catala-web-01-1024x683.jpg\" \/>\n\t<meta property=\"og:image:width\" content=\"1024\" \/>\n\t<meta property=\"og:image:height\" content=\"683\" \/>\n\t<meta property=\"og:image:type\" content=\"image\/jpeg\" \/>\n<meta name=\"twitter:card\" content=\"summary_large_image\" \/>\n<meta name=\"twitter:site\" content=\"@CCZuric\" \/>\n<meta name=\"twitter:label1\" content=\"Gesch\u00e4tzte Lesezeit\" \/>\n\t<meta name=\"twitter:data1\" content=\"1\u00a0Minute\" \/>\n<script type=\"application\/ld+json\" class=\"yoast-schema-graph\">{\"@context\":\"https:\\\/\\\/schema.org\",\"@graph\":[{\"@type\":\"WebPage\",\"@id\":\"https:\\\/\\\/cczuric.cat\\\/de\\\/katalanische-kurse\\\/\",\"url\":\"https:\\\/\\\/cczuric.cat\\\/de\\\/katalanische-kurse\\\/\",\"name\":\"Katalanische Kurse - Casal Catal\u00e0 de Z\u00faric\",\"isPartOf\":{\"@id\":\"https:\\\/\\\/cczuric.cat\\\/de\\\/#website\"},\"primaryImageOfPage\":{\"@id\":\"https:\\\/\\\/cczuric.cat\\\/de\\\/katalanische-kurse\\\/#primaryimage\"},\"image\":{\"@id\":\"https:\\\/\\\/cczuric.cat\\\/de\\\/katalanische-kurse\\\/#primaryimage\"},\"thumbnailUrl\":\"https:\\\/\\\/cczuric.cat\\\/wp-content\\\/uploads\\\/2022\\\/10\\\/cursos-catala-web-01-1024x683.jpg\",\"datePublished\":\"2025-03-05T21:43:52+00:00\",\"inLanguage\":\"de\",\"potentialAction\":[{\"@type\":\"ReadAction\",\"target\":[\"https:\\\/\\\/cczuric.cat\\\/de\\\/katalanische-kurse\\\/\"]}]},{\"@type\":\"ImageObject\",\"inLanguage\":\"de\",\"@id\":\"https:\\\/\\\/cczuric.cat\\\/de\\\/katalanische-kurse\\\/#primaryimage\",\"url\":\"https:\\\/\\\/cczuric.cat\\\/wp-content\\\/uploads\\\/2022\\\/10\\\/cursos-catala-web-01-1024x683.jpg\",\"contentUrl\":\"https:\\\/\\\/cczuric.cat\\\/wp-content\\\/uploads\\\/2022\\\/10\\\/cursos-catala-web-01-1024x683.jpg\"},{\"@type\":\"WebSite\",\"@id\":\"https:\\\/\\\/cczuric.cat\\\/de\\\/#website\",\"url\":\"https:\\\/\\\/cczuric.cat\\\/de\\\/\",\"name\":\"Casal Catal\u00e0 de Z\u00faric\",\"description\":\"\",\"publisher\":{\"@id\":\"https:\\\/\\\/cczuric.cat\\\/de\\\/#organization\"},\"alternateName\":\"CCZ\",\"potentialAction\":[{\"@type\":\"SearchAction\",\"target\":{\"@type\":\"EntryPoint\",\"urlTemplate\":\"https:\\\/\\\/cczuric.cat\\\/de\\\/?s={search_term_string}\"},\"query-input\":{\"@type\":\"PropertyValueSpecification\",\"valueRequired\":true,\"valueName\":\"search_term_string\"}}],\"inLanguage\":\"de\"},{\"@type\":\"Organization\",\"@id\":\"https:\\\/\\\/cczuric.cat\\\/de\\\/#organization\",\"name\":\"Casal Catal\u00e0 de Z\u00faric\",\"url\":\"https:\\\/\\\/cczuric.cat\\\/de\\\/\",\"logo\":{\"@type\":\"ImageObject\",\"inLanguage\":\"de\",\"@id\":\"https:\\\/\\\/cczuric.cat\\\/de\\\/#\\\/schema\\\/logo\\\/image\\\/\",\"url\":\"https:\\\/\\\/cczuric.cat\\\/wp-content\\\/uploads\\\/2025\\\/01\\\/logo-a-cczuric.png\",\"contentUrl\":\"https:\\\/\\\/cczuric.cat\\\/wp-content\\\/uploads\\\/2025\\\/01\\\/logo-a-cczuric.png\",\"width\":470,\"height\":495,\"caption\":\"Casal Catal\u00e0 de Z\u00faric\"},\"image\":{\"@id\":\"https:\\\/\\\/cczuric.cat\\\/de\\\/#\\\/schema\\\/logo\\\/image\\\/\"},\"sameAs\":[\"https:\\\/\\\/www.facebook.com\\\/Casal.Catala.Zuric\",\"https:\\\/\\\/x.com\\\/CCZuric\",\"https:\\\/\\\/www.instagram.com\\\/cczuric\\\/\"]}]}<\/script>\n<!-- \/ Yoast SEO plugin. -->","yoast_head_json":{"title":"Katalanische Kurse - Casal Catal\u00e0 de Z\u00faric","robots":{"index":"index","follow":"follow","max-snippet":"max-snippet:-1","max-image-preview":"max-image-preview:large","max-video-preview":"max-video-preview:-1"},"canonical":"https:\/\/cczuric.cat\/de\/katalanische-kurse\/","og_locale":"de_DE","og_type":"article","og_title":"Katalanische Kurse - Casal Catal\u00e0 de Z\u00faric","og_description":"Katalanischkurse f\u00fcr Erwachsene Das Casal bietet Kurse von A1 (Anf\u00e4nger) bis C1 (Fortgeschrittene f\u00fcr Nicht-Muttersprachler) an, sofern mindestens vier Sch\u00fcler pro Gruppe teilnehmen. Die Kurse werden in einem hybriden Format&hellip;&nbsp;Mehr lesen &raquo;Katalanische Kurse","og_url":"https:\/\/cczuric.cat\/de\/katalanische-kurse\/","og_site_name":"Casal Catal\u00e0 de Z\u00faric","article_publisher":"https:\/\/www.facebook.com\/Casal.Catala.Zuric","og_image":[{"width":1024,"height":683,"url":"https:\/\/cczuric.cat\/wp-content\/uploads\/2022\/10\/cursos-catala-web-01-1024x683.jpg","type":"image\/jpeg"}],"twitter_card":"summary_large_image","twitter_site":"@CCZuric","twitter_misc":{"Gesch\u00e4tzte Lesezeit":"1\u00a0Minute"},"schema":{"@context":"https:\/\/schema.org","@graph":[{"@type":"WebPage","@id":"https:\/\/cczuric.cat\/de\/katalanische-kurse\/","url":"https:\/\/cczuric.cat\/de\/katalanische-kurse\/","name":"Katalanische Kurse - Casal Catal\u00e0 de Z\u00faric","isPartOf":{"@id":"https:\/\/cczuric.cat\/de\/#website"},"primaryImageOfPage":{"@id":"https:\/\/cczuric.cat\/de\/katalanische-kurse\/#primaryimage"},"image":{"@id":"https:\/\/cczuric.cat\/de\/katalanische-kurse\/#primaryimage"},"thumbnailUrl":"https:\/\/cczuric.cat\/wp-content\/uploads\/2022\/10\/cursos-catala-web-01-1024x683.jpg","datePublished":"2025-03-05T21:43:52+00:00","inLanguage":"de","potentialAction":[{"@type":"ReadAction","target":["https:\/\/cczuric.cat\/de\/katalanische-kurse\/"]}]},{"@type":"ImageObject","inLanguage":"de","@id":"https:\/\/cczuric.cat\/de\/katalanische-kurse\/#primaryimage","url":"https:\/\/cczuric.cat\/wp-content\/uploads\/2022\/10\/cursos-catala-web-01-1024x683.jpg","contentUrl":"https:\/\/cczuric.cat\/wp-content\/uploads\/2022\/10\/cursos-catala-web-01-1024x683.jpg"},{"@type":"WebSite","@id":"https:\/\/cczuric.cat\/de\/#website","url":"https:\/\/cczuric.cat\/de\/","name":"Casal Catal\u00e0 de Z\u00faric","description":"","publisher":{"@id":"https:\/\/cczuric.cat\/de\/#organization"},"alternateName":"CCZ","potentialAction":[{"@type":"SearchAction","target":{"@type":"EntryPoint","urlTemplate":"https:\/\/cczuric.cat\/de\/?s={search_term_string}"},"query-input":{"@type":"PropertyValueSpecification","valueRequired":true,"valueName":"search_term_string"}}],"inLanguage":"de"},{"@type":"Organization","@id":"https:\/\/cczuric.cat\/de\/#organization","name":"Casal Catal\u00e0 de Z\u00faric","url":"https:\/\/cczuric.cat\/de\/","logo":{"@type":"ImageObject","inLanguage":"de","@id":"https:\/\/cczuric.cat\/de\/#\/schema\/logo\/image\/","url":"https:\/\/cczuric.cat\/wp-content\/uploads\/2025\/01\/logo-a-cczuric.png","contentUrl":"https:\/\/cczuric.cat\/wp-content\/uploads\/2025\/01\/logo-a-cczuric.png","width":470,"height":495,"caption":"Casal Catal\u00e0 de Z\u00faric"},"image":{"@id":"https:\/\/cczuric.cat\/de\/#\/schema\/logo\/image\/"},"sameAs":["https:\/\/www.facebook.com\/Casal.Catala.Zuric","https:\/\/x.com\/CCZuric","https:\/\/www.instagram.com\/cczuric\/"]}]}},"_links":{"self":[{"href":"https:\/\/cczuric.cat\/de\/wp-json\/wp\/v2\/pages\/4624","targetHints":{"allow":["GET"]}}],"collection":[{"href":"https:\/\/cczuric.cat\/de\/wp-json\/wp\/v2\/pages"}],"about":[{"href":"https:\/\/cczuric.cat\/de\/wp-json\/wp\/v2\/types\/page"}],"author":[{"embeddable":true,"href":"https:\/\/cczuric.cat\/de\/wp-json\/wp\/v2\/users\/2"}],"replies":[{"embeddable":true,"href":"https:\/\/cczuric.cat\/de\/wp-json\/wp\/v2\/comments?post=4624"}],"version-history":[{"count":0,"href":"https:\/\/cczuric.cat\/de\/wp-json\/wp\/v2\/pages\/4624\/revisions"}],"wp:attachment":[{"href":"https:\/\/cczuric.cat\/de\/wp-json\/wp\/v2\/media?parent=4624"}],"curies":[{"name":"wp","href":"https:\/\/api.w.org\/{rel}","templated":true}]}}