{"id":4584,"date":"2025-11-06T20:03:05","date_gmt":"2025-11-06T19:03:05","guid":{"rendered":"https:\/\/cczuric.cat\/mitglied-werden-2\/"},"modified":"2026-04-15T19:12:52","modified_gmt":"2026-04-15T17:12:52","slug":"mitglied-werden-2","status":"publish","type":"page","link":"https:\/\/cczuric.cat\/de\/mitglied-werden-2\/","title":{"rendered":"Mitglied werden"},"content":{"rendered":"\n<div class=\"wp-block-media-text is-stacked-on-mobile is-image-fill-element\" style=\"padding-top:var(--wp--preset--spacing--40);padding-bottom:var(--wp--preset--spacing--40);grid-template-columns:35% auto\"><figure class=\"wp-block-media-text__media\"><img loading=\"lazy\" decoding=\"async\" width=\"683\" height=\"1024\" src=\"https:\/\/cczuric.cat\/wp-content\/uploads\/2025\/04\/4d6-Diada-de-Bateig-edited-683x1024.jpg\" alt=\"\" class=\"wp-image-2832 size-full\" style=\"object-position:50% 50%\" srcset=\"https:\/\/cczuric.cat\/wp-content\/uploads\/2025\/04\/4d6-Diada-de-Bateig-edited-683x1024.jpg 683w, https:\/\/cczuric.cat\/wp-content\/uploads\/2025\/04\/4d6-Diada-de-Bateig-edited-200x300.jpg 200w, https:\/\/cczuric.cat\/wp-content\/uploads\/2025\/04\/4d6-Diada-de-Bateig-edited-768x1152.jpg 768w, https:\/\/cczuric.cat\/wp-content\/uploads\/2025\/04\/4d6-Diada-de-Bateig-edited-50x75.jpg 50w, https:\/\/cczuric.cat\/wp-content\/uploads\/2025\/04\/4d6-Diada-de-Bateig-edited-1600x2400.jpg 1600w, https:\/\/cczuric.cat\/wp-content\/uploads\/2025\/04\/4d6-Diada-de-Bateig-edited-1024x1536.jpg 1024w, https:\/\/cczuric.cat\/wp-content\/uploads\/2025\/04\/4d6-Diada-de-Bateig-edited-1365x2048.jpg 1365w, https:\/\/cczuric.cat\/wp-content\/uploads\/2025\/04\/4d6-Diada-de-Bateig-edited-scaled.jpg 1707w\" sizes=\"auto, (max-width: 683px) 100vw, 683px\" \/><\/figure><div class=\"wp-block-media-text__content\">\n<h2 class=\"wp-block-heading\" style=\"padding-top:var(--wp--preset--spacing--40);padding-bottom:0\">Vorteile<\/h2>\n\n\n\n<p>Einige der Vorteile einer Mitgliedschaft im Casal Catal\u00e0 de Z\u00faric sind:<\/p>\n\n\n\n<ul class=\"wp-block-list\">\n<li>Erm\u00e4ssigter Preis und bevorzugte Anmeldung f\u00fcr Mahlzeiten und Aktivit\u00e4ten, die vom Casal organisiert werden.<\/li>\n\n\n\n<li>Erm\u00e4ssigter Preis f\u00fcr Katalanischkurse\/Kinderworkshops.<\/li>\n\n\n\n<li>Kostenlose Teilnahme an den Castellers de Zurich.<\/li>\n\n\n\n<li>Sie erhalten Informationen von der Generalitat, die wir als die <a href=\"http:\/\/www20.gencat.cat\/portal\/site\/afersexteriors\/menuitem.337404b8c3e1423fdcb9f210b0c0e1a0\/?vgnextoid=75e9325831650310VgnVCM2000009b0c1e0aRCRD&amp;vgnextchannel=75e9325831650310VgnVCM2000009b0c1e0aRCRD&amp;vgnextfmt=default\" target=\"_blank\" rel=\"noreferrer noopener\">von der Generalitat von Katalonien anerkannte katalanische Auslandsgemeinschaft weiterleiten<\/a>.<\/li>\n\n\n\n<li>Als vom&nbsp; <a href=\"http:\/\/migrantenvereine.ch\/casal-catala-de-zuric\" target=\"_blank\" rel=\"noreferrer noopener\">Migrationsamt des Kantons Z\u00fcrich anerkannte Einrichtung<\/a> haben Sie zudem direkten Zugriff auf Interessensbekundungen und Angebote der kantonalen Verwaltung.<\/li>\n\n\n\n<li>Exklusive Verlosungen und Aktionen f\u00fcr katalanische Kulturveranstaltungen in Z\u00fcrich und Umgebung.<\/li>\n<\/ul>\n<\/div><\/div>\n\n\n\n<div style=\"height:26px\" aria-hidden=\"true\" class=\"wp-block-spacer\"><\/div>\n\n\n\n<div class=\"wp-block-group\" style=\"padding-top:var(--wp--preset--spacing--40);padding-bottom:var(--wp--preset--spacing--40)\"><div class=\"wp-block-group__inner-container is-layout-constrained wp-block-group-is-layout-constrained\">\n<h2 class=\"wp-block-heading\" id=\"block_1000092_title\">Mitgliedschaften<\/h2>\n\n\n\n<p>Wir bieten 3 Arten von Mitgliedschaften an:<\/p>\n\n\n\n<ul class=\"wp-block-list\">\n<li><strong>EINZELMITGLIEDSCHAFT (60 CHF)<\/strong> f\u00fcr eine einzelne Person.<\/li>\n\n\n\n<li><strong>FAMILIENMITGLIEDSCHAFT (90 CHF)<\/strong> f\u00fcr Paare und\/oder Eltern mit Kindern bis 18 Jahre.<\/li>\n\n\n\n<li><strong>ERG\u00dcNSTIGE MITGLIEDSCHAFT (30 CHF)<\/strong> f\u00fcr Studierende, Au-pairs, Praktikanten, Personen mit einer Schweizer Aufenthaltserlaubnis Typ L oder befristeten Arbeitsvertr\u00e4gen von weniger als einem Jahr. <strong>Bitte senden Sie einen g\u00fcltigen Nachweis<\/strong> an <a href=\"mailto:cczuric@gmail.com\">cczuric@gmail.com<\/a>.<\/li>\n<\/ul>\n<\/div><\/div>\n\n\n\n<div class=\"wp-block-group\"><div class=\"wp-block-group__inner-container is-layout-constrained wp-block-group-is-layout-constrained\">\n<h2 class=\"wp-block-heading\" id=\"block_1000092_title\">Anmeldeformular<\/h2>\n\n\n\n<p>Mit diesem Formular registrieren Sie sich als Mitglied des Casal Catal\u00e0 de Z\u00faric f\u00fcr das Jahr 2026.<\/p>\n\n\n\n<p>Durch das Ausf\u00fcllen dieses Formulars erteilen Sie uns die Erlaubnis, Sie in das Mitgliederverzeichnis einzutragen. Ihre Daten werden nicht an Dritte weitergegeben. Die Vorstandsmitglieder d\u00fcrfen sie zu folgenden Zwecken verwenden:  &nbsp;<\/p>\n\n\n\n<ul class=\"wp-block-list\">\n<li>Versand von Informationen \u00fcber das Casal: Aktivit\u00e4ten, Jahresabschluss, Einladungen zu Mitgliederversammlungen usw.<\/li>\n\n\n\n<li>Einbeziehung in interne Statistiken zum Mitgliederprofil zur besseren Steuerung der Aktivit\u00e4ten.<\/li>\n\n\n\n<li>Kontaktaufnahme bei Problemen mit Daten, Zahlungen oder anderen Aktivit\u00e4ten.&nbsp;<\/li>\n<\/ul>\n\n\n\n<p>Die Datenschutz- und Bildrechterichtlinien von Casal finden Sie auf der <a href=\"https:\/\/cczuric.cat\/de\/el-casal\/rechtliche-informationen\/\">Datenschutzseite<\/a>.<\/p>\n\n\n\n<iframe loading=\"lazy\" src=\"https:\/\/casalcatalazuric.clubdesk.com\/registre-cat\" width=\"100%\" height=\"1450\" style=\"border:none; overflow:auto;\">\n<\/iframe>\n\n\n\n<hr class=\"wp-block-separator has-alpha-channel-opacity is-style-default ticss-1147bd87\">\n\n\n\n<p>Sollte das Formular nicht korrekt angezeigt werden, versuchen Sie, es \u00fcber <a href=\"https:\/\/casalcatalazuric.clubdesk.com\/registre-cat\">diesen Link<\/a> auszuf\u00fcllen. Bei Problemen mit der Registrierung kontaktieren Sie uns bitte unter cczuric@gmail.com. &nbsp;<a href=\"mailto:cczuric@gmail.com\">cczuric@gmail.com<\/a>.<\/p>\n\n\n\n<p class=\"ticss-5c439cd3\">Melden Sie sich <a href=\"http:\/\/eepurl.com\/cjlP1T\">hier<\/a> f\u00fcr den Casal-Newsletter an, um jeden Monat Informationen \u00fcber unsere Aktivit\u00e4ten zu erhalten.<\/p>\n<\/div><\/div>\n","protected":false},"excerpt":{"rendered":"<p>Mitgliedschaften Wir bieten 3 Arten von Mitgliedschaften an: Anmeldeformular Mit diesem Formular registrieren Sie sich als Mitglied des Casal Catal\u00e0 de Z\u00faric f\u00fcr das Jahr 2026. Durch das Ausf\u00fcllen dieses&hellip;&nbsp;<a href=\"https:\/\/cczuric.cat\/de\/mitglied-werden-2\/\" rel=\"bookmark\">Mehr lesen &raquo;<span class=\"screen-reader-text\">Mitglied werden<\/span><\/a><\/p>\n","protected":false},"author":6,"featured_media":0,"parent":0,"menu_order":0,"comment_status":"closed","ping_status":"closed","template":"","meta":{"neve_meta_sidebar":"default","neve_meta_container":"","neve_meta_enable_content_width":"","neve_meta_content_width":70,"neve_meta_title_alignment":"","neve_meta_author_avatar":"","neve_post_elements_order":"","neve_meta_disable_header":"off","neve_meta_disable_footer":"off","neve_meta_disable_title":"off","neve_meta_reading_time":"","_price":"","_stock":"","_tribe_ticket_header":"","_tribe_default_ticket_provider":"","_tribe_ticket_capacity":"","_ticket_start_date":"","_ticket_end_date":"","_tribe_ticket_show_description":"","_tribe_ticket_show_not_going":false,"_tribe_ticket_use_global_stock":"","_tribe_ticket_global_stock_level":"","_global_stock_mode":"","_global_stock_cap":"","_tribe_rsvp_for_event":"","_tribe_ticket_going_count":"","_tribe_ticket_not_going_count":"","_tribe_tickets_list":"[]","_tribe_ticket_has_attendee_info_fields":false,"_themeisle_gutenberg_block_has_review":false,"_ti_tpc_template_sync":false,"_ti_tpc_template_id":"","footnotes":""},"class_list":["post-4584","page","type-page","status-publish","hentry"],"yoast_head":"<!-- This site is optimized with the Yoast SEO plugin v27.4 - https:\/\/yoast.com\/product\/yoast-seo-wordpress\/ -->\n<title>Mitglied werden - Casal Catal\u00e0 de Z\u00faric<\/title>\n<meta name=\"robots\" content=\"index, follow, max-snippet:-1, max-image-preview:large, max-video-preview:-1\" \/>\n<link rel=\"canonical\" href=\"https:\/\/cczuric.cat\/de\/mitglied-werden-2\/\" \/>\n<meta property=\"og:locale\" content=\"de_DE\" \/>\n<meta property=\"og:type\" content=\"article\" \/>\n<meta property=\"og:title\" content=\"Mitglied werden - Casal Catal\u00e0 de Z\u00faric\" \/>\n<meta property=\"og:description\" content=\"Mitgliedschaften Wir bieten 3 Arten von Mitgliedschaften an: Anmeldeformular Mit diesem Formular registrieren Sie sich als Mitglied des Casal Catal\u00e0 de Z\u00faric f\u00fcr das Jahr 2026. Durch das Ausf\u00fcllen dieses&hellip;&nbsp;Mehr lesen &raquo;Mitglied werden\" \/>\n<meta property=\"og:url\" content=\"https:\/\/cczuric.cat\/de\/mitglied-werden-2\/\" \/>\n<meta property=\"og:site_name\" content=\"Casal Catal\u00e0 de Z\u00faric\" \/>\n<meta property=\"article:publisher\" content=\"https:\/\/www.facebook.com\/Casal.Catala.Zuric\" \/>\n<meta property=\"article:modified_time\" content=\"2026-04-15T17:12:52+00:00\" \/>\n<meta property=\"og:image\" content=\"https:\/\/cczuric.cat\/wp-content\/uploads\/2025\/04\/4d6-Diada-de-Bateig-edited-683x1024.jpg\" \/>\n<meta name=\"twitter:card\" content=\"summary_large_image\" \/>\n<meta name=\"twitter:site\" content=\"@CCZuric\" \/>\n<meta name=\"twitter:label1\" content=\"Gesch\u00e4tzte Lesezeit\" \/>\n\t<meta name=\"twitter:data1\" content=\"2\u00a0Minuten\" \/>\n<script type=\"application\/ld+json\" class=\"yoast-schema-graph\">{\"@context\":\"https:\\\/\\\/schema.org\",\"@graph\":[{\"@type\":\"WebPage\",\"@id\":\"https:\\\/\\\/cczuric.cat\\\/de\\\/mitglied-werden-2\\\/\",\"url\":\"https:\\\/\\\/cczuric.cat\\\/de\\\/mitglied-werden-2\\\/\",\"name\":\"Mitglied werden - Casal Catal\u00e0 de Z\u00faric\",\"isPartOf\":{\"@id\":\"https:\\\/\\\/cczuric.cat\\\/de\\\/#website\"},\"primaryImageOfPage\":{\"@id\":\"https:\\\/\\\/cczuric.cat\\\/de\\\/mitglied-werden-2\\\/#primaryimage\"},\"image\":{\"@id\":\"https:\\\/\\\/cczuric.cat\\\/de\\\/mitglied-werden-2\\\/#primaryimage\"},\"thumbnailUrl\":\"https:\\\/\\\/cczuric.cat\\\/wp-content\\\/uploads\\\/2025\\\/04\\\/4d6-Diada-de-Bateig-edited-683x1024.jpg\",\"datePublished\":\"2025-11-06T19:03:05+00:00\",\"dateModified\":\"2026-04-15T17:12:52+00:00\",\"inLanguage\":\"de\",\"potentialAction\":[{\"@type\":\"ReadAction\",\"target\":[\"https:\\\/\\\/cczuric.cat\\\/de\\\/mitglied-werden-2\\\/\"]}]},{\"@type\":\"ImageObject\",\"inLanguage\":\"de\",\"@id\":\"https:\\\/\\\/cczuric.cat\\\/de\\\/mitglied-werden-2\\\/#primaryimage\",\"url\":\"https:\\\/\\\/cczuric.cat\\\/wp-content\\\/uploads\\\/2025\\\/04\\\/4d6-Diada-de-Bateig-edited-683x1024.jpg\",\"contentUrl\":\"https:\\\/\\\/cczuric.cat\\\/wp-content\\\/uploads\\\/2025\\\/04\\\/4d6-Diada-de-Bateig-edited-683x1024.jpg\"},{\"@type\":\"WebSite\",\"@id\":\"https:\\\/\\\/cczuric.cat\\\/de\\\/#website\",\"url\":\"https:\\\/\\\/cczuric.cat\\\/de\\\/\",\"name\":\"Casal Catal\u00e0 de Z\u00faric\",\"description\":\"\",\"publisher\":{\"@id\":\"https:\\\/\\\/cczuric.cat\\\/de\\\/#organization\"},\"alternateName\":\"CCZ\",\"potentialAction\":[{\"@type\":\"SearchAction\",\"target\":{\"@type\":\"EntryPoint\",\"urlTemplate\":\"https:\\\/\\\/cczuric.cat\\\/de\\\/?s={search_term_string}\"},\"query-input\":{\"@type\":\"PropertyValueSpecification\",\"valueRequired\":true,\"valueName\":\"search_term_string\"}}],\"inLanguage\":\"de\"},{\"@type\":\"Organization\",\"@id\":\"https:\\\/\\\/cczuric.cat\\\/de\\\/#organization\",\"name\":\"Casal Catal\u00e0 de Z\u00faric\",\"url\":\"https:\\\/\\\/cczuric.cat\\\/de\\\/\",\"logo\":{\"@type\":\"ImageObject\",\"inLanguage\":\"de\",\"@id\":\"https:\\\/\\\/cczuric.cat\\\/de\\\/#\\\/schema\\\/logo\\\/image\\\/\",\"url\":\"https:\\\/\\\/cczuric.cat\\\/wp-content\\\/uploads\\\/2025\\\/01\\\/logo-a-cczuric.png\",\"contentUrl\":\"https:\\\/\\\/cczuric.cat\\\/wp-content\\\/uploads\\\/2025\\\/01\\\/logo-a-cczuric.png\",\"width\":470,\"height\":495,\"caption\":\"Casal Catal\u00e0 de Z\u00faric\"},\"image\":{\"@id\":\"https:\\\/\\\/cczuric.cat\\\/de\\\/#\\\/schema\\\/logo\\\/image\\\/\"},\"sameAs\":[\"https:\\\/\\\/www.facebook.com\\\/Casal.Catala.Zuric\",\"https:\\\/\\\/x.com\\\/CCZuric\",\"https:\\\/\\\/www.instagram.com\\\/cczuric\\\/\"]}]}<\/script>\n<!-- \/ Yoast SEO plugin. -->","yoast_head_json":{"title":"Mitglied werden - Casal Catal\u00e0 de Z\u00faric","robots":{"index":"index","follow":"follow","max-snippet":"max-snippet:-1","max-image-preview":"max-image-preview:large","max-video-preview":"max-video-preview:-1"},"canonical":"https:\/\/cczuric.cat\/de\/mitglied-werden-2\/","og_locale":"de_DE","og_type":"article","og_title":"Mitglied werden - Casal Catal\u00e0 de Z\u00faric","og_description":"Mitgliedschaften Wir bieten 3 Arten von Mitgliedschaften an: Anmeldeformular Mit diesem Formular registrieren Sie sich als Mitglied des Casal Catal\u00e0 de Z\u00faric f\u00fcr das Jahr 2026. Durch das Ausf\u00fcllen dieses&hellip;&nbsp;Mehr lesen &raquo;Mitglied werden","og_url":"https:\/\/cczuric.cat\/de\/mitglied-werden-2\/","og_site_name":"Casal Catal\u00e0 de Z\u00faric","article_publisher":"https:\/\/www.facebook.com\/Casal.Catala.Zuric","article_modified_time":"2026-04-15T17:12:52+00:00","og_image":[{"url":"https:\/\/cczuric.cat\/wp-content\/uploads\/2025\/04\/4d6-Diada-de-Bateig-edited-683x1024.jpg","type":"","width":"","height":""}],"twitter_card":"summary_large_image","twitter_site":"@CCZuric","twitter_misc":{"Gesch\u00e4tzte Lesezeit":"2\u00a0Minuten"},"schema":{"@context":"https:\/\/schema.org","@graph":[{"@type":"WebPage","@id":"https:\/\/cczuric.cat\/de\/mitglied-werden-2\/","url":"https:\/\/cczuric.cat\/de\/mitglied-werden-2\/","name":"Mitglied werden - Casal Catal\u00e0 de Z\u00faric","isPartOf":{"@id":"https:\/\/cczuric.cat\/de\/#website"},"primaryImageOfPage":{"@id":"https:\/\/cczuric.cat\/de\/mitglied-werden-2\/#primaryimage"},"image":{"@id":"https:\/\/cczuric.cat\/de\/mitglied-werden-2\/#primaryimage"},"thumbnailUrl":"https:\/\/cczuric.cat\/wp-content\/uploads\/2025\/04\/4d6-Diada-de-Bateig-edited-683x1024.jpg","datePublished":"2025-11-06T19:03:05+00:00","dateModified":"2026-04-15T17:12:52+00:00","inLanguage":"de","potentialAction":[{"@type":"ReadAction","target":["https:\/\/cczuric.cat\/de\/mitglied-werden-2\/"]}]},{"@type":"ImageObject","inLanguage":"de","@id":"https:\/\/cczuric.cat\/de\/mitglied-werden-2\/#primaryimage","url":"https:\/\/cczuric.cat\/wp-content\/uploads\/2025\/04\/4d6-Diada-de-Bateig-edited-683x1024.jpg","contentUrl":"https:\/\/cczuric.cat\/wp-content\/uploads\/2025\/04\/4d6-Diada-de-Bateig-edited-683x1024.jpg"},{"@type":"WebSite","@id":"https:\/\/cczuric.cat\/de\/#website","url":"https:\/\/cczuric.cat\/de\/","name":"Casal Catal\u00e0 de Z\u00faric","description":"","publisher":{"@id":"https:\/\/cczuric.cat\/de\/#organization"},"alternateName":"CCZ","potentialAction":[{"@type":"SearchAction","target":{"@type":"EntryPoint","urlTemplate":"https:\/\/cczuric.cat\/de\/?s={search_term_string}"},"query-input":{"@type":"PropertyValueSpecification","valueRequired":true,"valueName":"search_term_string"}}],"inLanguage":"de"},{"@type":"Organization","@id":"https:\/\/cczuric.cat\/de\/#organization","name":"Casal Catal\u00e0 de Z\u00faric","url":"https:\/\/cczuric.cat\/de\/","logo":{"@type":"ImageObject","inLanguage":"de","@id":"https:\/\/cczuric.cat\/de\/#\/schema\/logo\/image\/","url":"https:\/\/cczuric.cat\/wp-content\/uploads\/2025\/01\/logo-a-cczuric.png","contentUrl":"https:\/\/cczuric.cat\/wp-content\/uploads\/2025\/01\/logo-a-cczuric.png","width":470,"height":495,"caption":"Casal Catal\u00e0 de Z\u00faric"},"image":{"@id":"https:\/\/cczuric.cat\/de\/#\/schema\/logo\/image\/"},"sameAs":["https:\/\/www.facebook.com\/Casal.Catala.Zuric","https:\/\/x.com\/CCZuric","https:\/\/www.instagram.com\/cczuric\/"]}]}},"_links":{"self":[{"href":"https:\/\/cczuric.cat\/de\/wp-json\/wp\/v2\/pages\/4584","targetHints":{"allow":["GET"]}}],"collection":[{"href":"https:\/\/cczuric.cat\/de\/wp-json\/wp\/v2\/pages"}],"about":[{"href":"https:\/\/cczuric.cat\/de\/wp-json\/wp\/v2\/types\/page"}],"author":[{"embeddable":true,"href":"https:\/\/cczuric.cat\/de\/wp-json\/wp\/v2\/users\/6"}],"replies":[{"embeddable":true,"href":"https:\/\/cczuric.cat\/de\/wp-json\/wp\/v2\/comments?post=4584"}],"version-history":[{"count":5,"href":"https:\/\/cczuric.cat\/de\/wp-json\/wp\/v2\/pages\/4584\/revisions"}],"predecessor-version":[{"id":5926,"href":"https:\/\/cczuric.cat\/de\/wp-json\/wp\/v2\/pages\/4584\/revisions\/5926"}],"wp:attachment":[{"href":"https:\/\/cczuric.cat\/de\/wp-json\/wp\/v2\/media?parent=4584"}],"curies":[{"name":"wp","href":"https:\/\/api.w.org\/{rel}","templated":true}]}}