{"id":4520,"date":"2025-12-18T19:58:50","date_gmt":"2025-12-18T18:58:50","guid":{"rendered":"https:\/\/cczuric.cat\/?page_id=4520"},"modified":"2025-12-18T21:41:33","modified_gmt":"2025-12-18T20:41:33","slug":"rechtliche-informationen","status":"publish","type":"page","link":"https:\/\/cczuric.cat\/de\/el-casal\/rechtliche-informationen\/","title":{"rendered":"Rechtliche Informationen"},"content":{"rendered":"\n<h3 class=\"wp-block-heading has-neve-text-color-color has-text-color has-link-color wp-elements-808e8c32aec27720864751288d7a9609\">DATENSCHUTZRICHTLINIE UND BILDRECHTE<\/h3>\n\n\n\n<p class=\"has-neve-text-color-color has-text-color has-link-color wp-elements-a03e69e750c65418b7014f240360d996\">Die im Mitgliederregister des Casal Catal\u00e0 de Z\u00faric erfassten Daten sowie die Daten, die zur Organisation von Aktivit\u00e4ten und Veranstaltungen erhoben werden, werden ausschlie\u00dflich von den Vorstandsmitgliedern verarbeitet. Zweck dieser Verarbeitung ist die Erstellung interner Statistiken zu den Profilen der Mitglieder und Teilnehmer, um das Veranstaltungsangebot besser gestalten zu k\u00f6nnen. Die bereitgestellten Daten werden niemals ver\u00f6ffentlicht und nicht an Dritte weitergegeben, au\u00dfer wenn eine gesetzliche Verpflichtung besteht. In keinem Fall werden Informationen ohne die Zustimmung der Mitglieder an Dritte weitergegeben. Die Daten werden so lange gespeichert, wie die Mitgliedschaft besteht oder wie es zur Erf\u00fcllung gesetzlicher Verpflichtungen erforderlich ist.   <\/p>\n\n\n\n<p class=\"has-neve-text-color-color has-text-color has-link-color wp-elements-287f3e5ee26cdbe4eefdca272477788e\">Jede Person, ob Mitglied des Casal Catal\u00e0 de Z\u00faric oder nicht, hat das Recht, sich dar\u00fcber zu informieren, ob das Casal ihre personenbezogenen Daten speichert, und deren Berichtigung, L\u00f6schung, Einschr\u00e4nkung der Verarbeitung, Daten\u00fcbertragbarkeit und\/oder Widerspruch gem\u00e4\u00df den Bestimmungen der Artikel 15 bis 22 der DSGVO zu verlangen, indem sie eine E-Mail an <a>cczuric@gmail.com<\/a> sendet.<\/p>\n\n\n\n<p class=\"has-neve-text-color-color has-text-color has-link-color wp-elements-bf9a63fb77ca56d0e0b4cab0262f12d4\">Teilnehmer an den vom Casal Catal\u00e0 de Z\u00faric organisierten Aktivit\u00e4ten, unabh\u00e4ngig davon, ob sie ein Ticket erworben oder sich kostenlos angemeldet haben, erkl\u00e4ren sich standardm\u00e4\u00dfig damit einverstanden, fotografiert zu werden und dass das Casal diese Fotos f\u00fcr Werbezwecke in sozialen Netzwerken und\/oder auf der Website verwendet Die Aufnahmen erfolgen m\u00f6glichst in Gesamtansicht der jeweiligen Aktivit\u00e4t, Nahaufnahmen und insbesondere Aufnahmen von Kindern werden vermieden Teilnehmer, die nicht fotografiert werden m\u00f6chten, m\u00fcssen dies dem f\u00fcr die Organisation der jeweiligen Aktivit\u00e4t zust\u00e4ndigen Vorstandsmitglied zu Beginn der Veranstaltung mitteilen Sollten Teilnehmer zu irgendeinem Zeitpunkt ihre Einwilligung zur Ver\u00f6ffentlichung eines Bildes auf der Website oder in den Netzwerken von Casal widerrufen wollen, k\u00f6nnen sie dies einer E-Mail an <a>cczuric@gmail.com<\/a> mitteilen.   <\/p>\n\n\n\n<div style=\"height:50px\" aria-hidden=\"true\" class=\"wp-block-spacer\"><\/div>\n\n\n\n<h3 class=\"wp-block-heading has-neve-text-color-color has-text-color has-link-color wp-elements-914a4ec89d9441dd48ce48852b852fb2\"><strong>STORNIERUNGSBEDINGUNGEN F\u00dcR TICKETS<\/strong><\/h3>\n\n\n\n<p class=\"has-neve-text-color-color has-text-color has-link-color wp-elements-40d211c815f5ecb500bde87a645380f2\">Sollten Sie Ihr Ticket stornieren, benachrichtigen Sie uns bitte <strong>mindestens 72 Stunden vor Veranstaltungsbeginn<\/strong> <a>per E-Mail<\/a> an <strong>cczuric@gmail.com<\/strong>. Die R\u00fcckerstattungsbedingungen lauten wie folgt: <\/p>\n\n\n\n<ul class=\"wp-block-list has-neve-text-color-color has-text-color has-link-color wp-elements-e151d88dd8a5f415984e35a5c555c7ca\">\n<li class=\"has-neve-text-color-color has-text-color has-link-color wp-elements-bcddf0a342456797ebed4eec480357cc\">Bis <strong>7 Tage vor der Veranstaltung<\/strong>: volle R\u00fcckerstattung des Ticketpreises.<\/li>\n\n\n\n<li class=\"has-neve-text-color-color has-text-color has-link-color wp-elements-fcb711752c26a1abc0a5d27f88a8cdbf\"><strong>Zwischen 7 Tagen und 72 Stunden vor der Veranstaltung<\/strong>: teilweise R\u00fcckerstattung abz\u00fcglich der Bearbeitungsgeb\u00fchren der Zahlungsplattform.<\/li>\n\n\n\n<li class=\"has-neve-text-color-color has-text-color has-link-color wp-elements-c6b98df759f94936bf3397e8a41c1a16\"><strong>Weniger als 72 Stunden vor der Veranstaltung<\/strong>: keine R\u00fcckerstattung.<\/li>\n<\/ul>\n\n\n\n<p class=\"has-neve-text-color-color has-text-color has-link-color wp-elements-559d32f75b5ac0cbd812fe25291f1d56\">Der Weiterverkauf von Tickets an Dritte ist nur nach vorheriger Kontaktaufnahme mit uns gestattet. Wir pr\u00fcfen, ob der Empf\u00e4nger die Bedingungen des erworbenen Tickets erf\u00fcllt (z. B. Mitgliedschaft bei Casal).<\/p>\n\n\n\n<p class=\"has-neve-text-color-color has-text-color has-link-color wp-elements-323f689d4148e5c2de69749f59cd8830\">Bei Veranstaltungen mit Warteliste, wie z. B. der Cal\u00e7otada, ist der Weiterverkauf nicht gestattet. Sollten Sie Ihr Ticket \u00fcbertragen wollen, informieren Sie bitte das Casal, damit es gem\u00e4\u00df der Reihenfolge auf der Warteliste vergeben werden kann. <\/p>\n\n\n\n<p class=\"has-neve-text-color-color has-text-color has-link-color wp-elements-6a28ef76aa8db6bcd2ebd3b5e498682c\">Wir danken Ihnen f\u00fcr Ihre Mithilfe, um eine faire und reibungslose Ticketverwaltung zu gew\u00e4hrleisten.<\/p>\n\n\n\n<div style=\"height:50px\" aria-hidden=\"true\" class=\"wp-block-spacer\"><\/div>\n","protected":false},"excerpt":{"rendered":"<p>DATENSCHUTZRICHTLINIE UND BILDRECHTE Die im Mitgliederregister des Casal Catal\u00e0 de Z\u00faric erfassten Daten sowie die Daten, die zur Organisation von Aktivit\u00e4ten und Veranstaltungen erhoben werden, werden ausschlie\u00dflich von den Vorstandsmitgliedern&hellip;&nbsp;<a href=\"https:\/\/cczuric.cat\/de\/el-casal\/rechtliche-informationen\/\" rel=\"bookmark\">Mehr lesen &raquo;<span class=\"screen-reader-text\">Rechtliche Informationen<\/span><\/a><\/p>\n","protected":false},"author":6,"featured_media":0,"parent":4165,"menu_order":50,"comment_status":"closed","ping_status":"closed","template":"","meta":{"neve_meta_sidebar":"default","neve_meta_container":"","neve_meta_enable_content_width":"on","neve_meta_content_width":100,"neve_meta_title_alignment":"","neve_meta_author_avatar":"","neve_post_elements_order":"","neve_meta_disable_header":"","neve_meta_disable_footer":"","neve_meta_disable_title":"off","neve_meta_reading_time":"","_price":"","_stock":"","_tribe_ticket_header":"","_tribe_default_ticket_provider":"","_tribe_ticket_capacity":"0","_ticket_start_date":"","_ticket_end_date":"","_tribe_ticket_show_description":"","_tribe_ticket_show_not_going":false,"_tribe_ticket_use_global_stock":"","_tribe_ticket_global_stock_level":"","_global_stock_mode":"","_global_stock_cap":"","_tribe_rsvp_for_event":"","_tribe_ticket_going_count":"","_tribe_ticket_not_going_count":"","_tribe_tickets_list":"[]","_tribe_ticket_has_attendee_info_fields":false,"_themeisle_gutenberg_block_has_review":false,"_ti_tpc_template_sync":false,"_ti_tpc_template_id":"","footnotes":""},"class_list":["post-4520","page","type-page","status-publish","hentry"],"yoast_head":"<!-- This site is optimized with the Yoast SEO plugin v27.4 - https:\/\/yoast.com\/product\/yoast-seo-wordpress\/ -->\n<title>Rechtliche Informationen - Casal Catal\u00e0 de Z\u00faric<\/title>\n<meta name=\"description\" content=\"Das Casal Catal\u00e0 de Z\u00faric ist eine Organisation mit einer langen Geschichte, die als Treffpunkt f\u00fcr Katalanen im Raum Z\u00fcrich gegr\u00fcndet wurde.\" \/>\n<meta name=\"robots\" content=\"index, follow, max-snippet:-1, max-image-preview:large, max-video-preview:-1\" \/>\n<link rel=\"canonical\" href=\"https:\/\/cczuric.cat\/de\/el-casal\/rechtliche-informationen\/\" \/>\n<meta property=\"og:locale\" content=\"de_DE\" \/>\n<meta property=\"og:type\" content=\"article\" \/>\n<meta property=\"og:title\" content=\"Rechtliche Informationen - Casal Catal\u00e0 de Z\u00faric\" \/>\n<meta property=\"og:description\" content=\"Das Casal Catal\u00e0 de Z\u00faric ist eine Organisation mit einer langen Geschichte, die als Treffpunkt f\u00fcr Katalanen im Raum Z\u00fcrich gegr\u00fcndet wurde.\" \/>\n<meta property=\"og:url\" content=\"https:\/\/cczuric.cat\/de\/el-casal\/rechtliche-informationen\/\" \/>\n<meta property=\"og:site_name\" content=\"Casal Catal\u00e0 de Z\u00faric\" \/>\n<meta property=\"article:publisher\" content=\"https:\/\/www.facebook.com\/Casal.Catala.Zuric\" \/>\n<meta property=\"article:modified_time\" content=\"2025-12-18T20:41:33+00:00\" \/>\n<meta name=\"twitter:card\" content=\"summary_large_image\" \/>\n<meta name=\"twitter:site\" content=\"@CCZuric\" \/>\n<meta name=\"twitter:label1\" content=\"Gesch\u00e4tzte Lesezeit\" \/>\n\t<meta name=\"twitter:data1\" content=\"3\u00a0Minuten\" \/>\n<script type=\"application\/ld+json\" class=\"yoast-schema-graph\">{\"@context\":\"https:\\\/\\\/schema.org\",\"@graph\":[{\"@type\":\"WebPage\",\"@id\":\"https:\\\/\\\/cczuric.cat\\\/de\\\/el-casal\\\/rechtliche-informationen\\\/\",\"url\":\"https:\\\/\\\/cczuric.cat\\\/de\\\/el-casal\\\/rechtliche-informationen\\\/\",\"name\":\"Rechtliche Informationen - Casal Catal\u00e0 de Z\u00faric\",\"isPartOf\":{\"@id\":\"https:\\\/\\\/cczuric.cat\\\/de\\\/#website\"},\"datePublished\":\"2025-12-18T18:58:50+00:00\",\"dateModified\":\"2025-12-18T20:41:33+00:00\",\"description\":\"Das Casal Catal\u00e0 de Z\u00faric ist eine Organisation mit einer langen Geschichte, die als Treffpunkt f\u00fcr Katalanen im Raum Z\u00fcrich gegr\u00fcndet wurde.\",\"breadcrumb\":{\"@id\":\"https:\\\/\\\/cczuric.cat\\\/de\\\/el-casal\\\/rechtliche-informationen\\\/#breadcrumb\"},\"inLanguage\":\"de\",\"potentialAction\":[{\"@type\":\"ReadAction\",\"target\":[\"https:\\\/\\\/cczuric.cat\\\/de\\\/el-casal\\\/rechtliche-informationen\\\/\"]}]},{\"@type\":\"BreadcrumbList\",\"@id\":\"https:\\\/\\\/cczuric.cat\\\/de\\\/el-casal\\\/rechtliche-informationen\\\/#breadcrumb\",\"itemListElement\":[{\"@type\":\"ListItem\",\"position\":1,\"name\":\"Das Casal\",\"item\":\"https:\\\/\\\/cczuric.cat\\\/de\\\/el-casal\\\/\"},{\"@type\":\"ListItem\",\"position\":2,\"name\":\"Rechtliche Informationen\"}]},{\"@type\":\"WebSite\",\"@id\":\"https:\\\/\\\/cczuric.cat\\\/de\\\/#website\",\"url\":\"https:\\\/\\\/cczuric.cat\\\/de\\\/\",\"name\":\"Casal Catal\u00e0 de Z\u00faric\",\"description\":\"\",\"publisher\":{\"@id\":\"https:\\\/\\\/cczuric.cat\\\/de\\\/#organization\"},\"alternateName\":\"CCZ\",\"potentialAction\":[{\"@type\":\"SearchAction\",\"target\":{\"@type\":\"EntryPoint\",\"urlTemplate\":\"https:\\\/\\\/cczuric.cat\\\/de\\\/?s={search_term_string}\"},\"query-input\":{\"@type\":\"PropertyValueSpecification\",\"valueRequired\":true,\"valueName\":\"search_term_string\"}}],\"inLanguage\":\"de\"},{\"@type\":\"Organization\",\"@id\":\"https:\\\/\\\/cczuric.cat\\\/de\\\/#organization\",\"name\":\"Casal Catal\u00e0 de Z\u00faric\",\"url\":\"https:\\\/\\\/cczuric.cat\\\/de\\\/\",\"logo\":{\"@type\":\"ImageObject\",\"inLanguage\":\"de\",\"@id\":\"https:\\\/\\\/cczuric.cat\\\/de\\\/#\\\/schema\\\/logo\\\/image\\\/\",\"url\":\"https:\\\/\\\/cczuric.cat\\\/wp-content\\\/uploads\\\/2025\\\/01\\\/logo-a-cczuric.png\",\"contentUrl\":\"https:\\\/\\\/cczuric.cat\\\/wp-content\\\/uploads\\\/2025\\\/01\\\/logo-a-cczuric.png\",\"width\":470,\"height\":495,\"caption\":\"Casal Catal\u00e0 de Z\u00faric\"},\"image\":{\"@id\":\"https:\\\/\\\/cczuric.cat\\\/de\\\/#\\\/schema\\\/logo\\\/image\\\/\"},\"sameAs\":[\"https:\\\/\\\/www.facebook.com\\\/Casal.Catala.Zuric\",\"https:\\\/\\\/x.com\\\/CCZuric\",\"https:\\\/\\\/www.instagram.com\\\/cczuric\\\/\"]}]}<\/script>\n<!-- \/ Yoast SEO plugin. -->","yoast_head_json":{"title":"Rechtliche Informationen - Casal Catal\u00e0 de Z\u00faric","description":"Das Casal Catal\u00e0 de Z\u00faric ist eine Organisation mit einer langen Geschichte, die als Treffpunkt f\u00fcr Katalanen im Raum Z\u00fcrich gegr\u00fcndet wurde.","robots":{"index":"index","follow":"follow","max-snippet":"max-snippet:-1","max-image-preview":"max-image-preview:large","max-video-preview":"max-video-preview:-1"},"canonical":"https:\/\/cczuric.cat\/de\/el-casal\/rechtliche-informationen\/","og_locale":"de_DE","og_type":"article","og_title":"Rechtliche Informationen - Casal Catal\u00e0 de Z\u00faric","og_description":"Das Casal Catal\u00e0 de Z\u00faric ist eine Organisation mit einer langen Geschichte, die als Treffpunkt f\u00fcr Katalanen im Raum Z\u00fcrich gegr\u00fcndet wurde.","og_url":"https:\/\/cczuric.cat\/de\/el-casal\/rechtliche-informationen\/","og_site_name":"Casal Catal\u00e0 de Z\u00faric","article_publisher":"https:\/\/www.facebook.com\/Casal.Catala.Zuric","article_modified_time":"2025-12-18T20:41:33+00:00","twitter_card":"summary_large_image","twitter_site":"@CCZuric","twitter_misc":{"Gesch\u00e4tzte Lesezeit":"3\u00a0Minuten"},"schema":{"@context":"https:\/\/schema.org","@graph":[{"@type":"WebPage","@id":"https:\/\/cczuric.cat\/de\/el-casal\/rechtliche-informationen\/","url":"https:\/\/cczuric.cat\/de\/el-casal\/rechtliche-informationen\/","name":"Rechtliche Informationen - Casal Catal\u00e0 de Z\u00faric","isPartOf":{"@id":"https:\/\/cczuric.cat\/de\/#website"},"datePublished":"2025-12-18T18:58:50+00:00","dateModified":"2025-12-18T20:41:33+00:00","description":"Das Casal Catal\u00e0 de Z\u00faric ist eine Organisation mit einer langen Geschichte, die als Treffpunkt f\u00fcr Katalanen im Raum Z\u00fcrich gegr\u00fcndet wurde.","breadcrumb":{"@id":"https:\/\/cczuric.cat\/de\/el-casal\/rechtliche-informationen\/#breadcrumb"},"inLanguage":"de","potentialAction":[{"@type":"ReadAction","target":["https:\/\/cczuric.cat\/de\/el-casal\/rechtliche-informationen\/"]}]},{"@type":"BreadcrumbList","@id":"https:\/\/cczuric.cat\/de\/el-casal\/rechtliche-informationen\/#breadcrumb","itemListElement":[{"@type":"ListItem","position":1,"name":"Das Casal","item":"https:\/\/cczuric.cat\/de\/el-casal\/"},{"@type":"ListItem","position":2,"name":"Rechtliche Informationen"}]},{"@type":"WebSite","@id":"https:\/\/cczuric.cat\/de\/#website","url":"https:\/\/cczuric.cat\/de\/","name":"Casal Catal\u00e0 de Z\u00faric","description":"","publisher":{"@id":"https:\/\/cczuric.cat\/de\/#organization"},"alternateName":"CCZ","potentialAction":[{"@type":"SearchAction","target":{"@type":"EntryPoint","urlTemplate":"https:\/\/cczuric.cat\/de\/?s={search_term_string}"},"query-input":{"@type":"PropertyValueSpecification","valueRequired":true,"valueName":"search_term_string"}}],"inLanguage":"de"},{"@type":"Organization","@id":"https:\/\/cczuric.cat\/de\/#organization","name":"Casal Catal\u00e0 de Z\u00faric","url":"https:\/\/cczuric.cat\/de\/","logo":{"@type":"ImageObject","inLanguage":"de","@id":"https:\/\/cczuric.cat\/de\/#\/schema\/logo\/image\/","url":"https:\/\/cczuric.cat\/wp-content\/uploads\/2025\/01\/logo-a-cczuric.png","contentUrl":"https:\/\/cczuric.cat\/wp-content\/uploads\/2025\/01\/logo-a-cczuric.png","width":470,"height":495,"caption":"Casal Catal\u00e0 de Z\u00faric"},"image":{"@id":"https:\/\/cczuric.cat\/de\/#\/schema\/logo\/image\/"},"sameAs":["https:\/\/www.facebook.com\/Casal.Catala.Zuric","https:\/\/x.com\/CCZuric","https:\/\/www.instagram.com\/cczuric\/"]}]}},"_links":{"self":[{"href":"https:\/\/cczuric.cat\/de\/wp-json\/wp\/v2\/pages\/4520","targetHints":{"allow":["GET"]}}],"collection":[{"href":"https:\/\/cczuric.cat\/de\/wp-json\/wp\/v2\/pages"}],"about":[{"href":"https:\/\/cczuric.cat\/de\/wp-json\/wp\/v2\/types\/page"}],"author":[{"embeddable":true,"href":"https:\/\/cczuric.cat\/de\/wp-json\/wp\/v2\/users\/6"}],"replies":[{"embeddable":true,"href":"https:\/\/cczuric.cat\/de\/wp-json\/wp\/v2\/comments?post=4520"}],"version-history":[{"count":3,"href":"https:\/\/cczuric.cat\/de\/wp-json\/wp\/v2\/pages\/4520\/revisions"}],"predecessor-version":[{"id":4575,"href":"https:\/\/cczuric.cat\/de\/wp-json\/wp\/v2\/pages\/4520\/revisions\/4575"}],"up":[{"embeddable":true,"href":"https:\/\/cczuric.cat\/de\/wp-json\/wp\/v2\/pages\/4165"}],"wp:attachment":[{"href":"https:\/\/cczuric.cat\/de\/wp-json\/wp\/v2\/media?parent=4520"}],"curies":[{"name":"wp","href":"https:\/\/api.w.org\/{rel}","templated":true}]}}