{"id":4165,"date":"2022-09-04T18:21:52","date_gmt":"2022-09-04T16:21:52","guid":{"rendered":"https:\/\/cczuric.cat\/el-casal\/"},"modified":"2025-12-18T22:15:36","modified_gmt":"2025-12-18T21:15:36","slug":"el-casal","status":"publish","type":"page","link":"https:\/\/cczuric.cat\/de\/el-casal\/","title":{"rendered":"Das Casal"},"content":{"rendered":"\n<div class=\"wp-block-group\"><div class=\"wp-block-group__inner-container is-layout-flow wp-block-group-is-layout-flow\">\n<p class=\"has-neve-text-color-color has-text-color\">Das Casal Catal\u00e0 de Z\u00faric ist eine Organisation mit einer \u00fcber 60-j\u00e4hrigen Geschichte, die als Treffpunkt f\u00fcr Katalanen im Raum Z\u00fcrich gegr\u00fcndet wurde und dies auch weiterhin ist, dank der Unterst\u00fctzung, die sie neuen Auswanderern bietet, sowie der kulturellen F\u00f6rderung und Organisation von Veranstaltungen und traditionellen Festen. Das Casal funktioniert dank des Engagements aller organisierten Mitglieder, die den Vorstand unterst\u00fctzen.<\/p>\n\n\n\n<p class=\"has-neve-text-color-color has-text-color\">1963 wurde Casa Nostra de Su\u00efssa (CNS), ein Verein katalanischsprachiger Menschen in der Schweiz, gegr\u00fcndet, dessen Erbe das Casal Catal\u00e0 de Z\u00faric ist.<\/p>\n\n\n\n<p>Informationen zum aktuellen Vorstand finden Sie auf der Seite <a href=\"https:\/\/cczuric.cat\/el-casal\/junta\/\">\u201eVorstand\u201c<\/a> . Sie finden dort auch die <a href=\"https:\/\/cczuric.cat\/el-casal\/estatuts\/\">Statusberichte und Protokolle<\/a> der Generalversammlungen sowie unsere Datenschutz- und <a href=\"https:\/\/cczuric.cat\/el-casal\/legal\/\">Stornierungsbedingungen<\/a> .<\/p>\n<\/div><\/div>\n","protected":false},"excerpt":{"rendered":"<p>Das Casal Catal\u00e0 de Z\u00faric ist eine Organisation mit einer \u00fcber 60-j\u00e4hrigen Geschichte, die als Treffpunkt f\u00fcr Katalanen im Raum Z\u00fcrich gegr\u00fcndet wurde und dies auch weiterhin ist, dank der&hellip;&nbsp;<a href=\"https:\/\/cczuric.cat\/de\/el-casal\/\" rel=\"bookmark\">Mehr lesen &raquo;<span class=\"screen-reader-text\">Das Casal<\/span><\/a><\/p>\n","protected":false},"author":2,"featured_media":0,"parent":0,"menu_order":50,"comment_status":"closed","ping_status":"closed","template":"","meta":{"neve_meta_sidebar":"default","neve_meta_container":"","neve_meta_enable_content_width":"on","neve_meta_content_width":100,"neve_meta_title_alignment":"","neve_meta_author_avatar":"","neve_post_elements_order":"","neve_meta_disable_header":"","neve_meta_disable_footer":"","neve_meta_disable_title":"off","neve_meta_reading_time":"","_price":"","_stock":"","_tribe_ticket_header":"","_tribe_default_ticket_provider":"","_tribe_ticket_capacity":"0","_ticket_start_date":"","_ticket_end_date":"","_tribe_ticket_show_description":"","_tribe_ticket_show_not_going":false,"_tribe_ticket_use_global_stock":"","_tribe_ticket_global_stock_level":"","_global_stock_mode":"","_global_stock_cap":"","_tribe_rsvp_for_event":"","_tribe_ticket_going_count":"","_tribe_ticket_not_going_count":"","_tribe_tickets_list":"[]","_tribe_ticket_has_attendee_info_fields":false,"_themeisle_gutenberg_block_has_review":false,"_ti_tpc_template_sync":false,"_ti_tpc_template_id":"","footnotes":""},"class_list":["post-4165","page","type-page","status-publish","hentry"],"yoast_head":"<!-- This site is optimized with the Yoast SEO plugin v27.2 - https:\/\/yoast.com\/product\/yoast-seo-wordpress\/ -->\n<title>Das Casal - Casal Catal\u00e0 de Z\u00faric<\/title>\n<meta name=\"description\" content=\"Das Casal Catal\u00e0 de Z\u00faric (Katalanische Verein Z\u00fcrich) ist eine Organisation mit einer langen Geschichte, die als Treffpunkt f\u00fcr Katalanen im Raum Z\u00fcrich gegr\u00fcndet wurde.\" \/>\n<meta name=\"robots\" content=\"index, follow, max-snippet:-1, max-image-preview:large, max-video-preview:-1\" \/>\n<link rel=\"canonical\" href=\"https:\/\/cczuric.cat\/de\/el-casal\/\" \/>\n<meta property=\"og:locale\" content=\"de_DE\" \/>\n<meta property=\"og:type\" content=\"article\" \/>\n<meta property=\"og:title\" content=\"Das Casal - Casal Catal\u00e0 de Z\u00faric\" \/>\n<meta property=\"og:description\" content=\"Das Casal Catal\u00e0 de Z\u00faric (Katalanische Verein Z\u00fcrich) ist eine Organisation mit einer langen Geschichte, die als Treffpunkt f\u00fcr Katalanen im Raum Z\u00fcrich gegr\u00fcndet wurde.\" \/>\n<meta property=\"og:url\" content=\"https:\/\/cczuric.cat\/de\/el-casal\/\" \/>\n<meta property=\"og:site_name\" content=\"Casal Catal\u00e0 de Z\u00faric\" \/>\n<meta property=\"article:publisher\" content=\"https:\/\/www.facebook.com\/Casal.Catala.Zuric\" \/>\n<meta property=\"article:modified_time\" content=\"2025-12-18T21:15:36+00:00\" \/>\n<meta name=\"twitter:card\" content=\"summary_large_image\" \/>\n<meta name=\"twitter:site\" content=\"@CCZuric\" \/>\n<meta name=\"twitter:label1\" content=\"Gesch\u00e4tzte Lesezeit\" \/>\n\t<meta name=\"twitter:data1\" content=\"1\u00a0Minute\" \/>\n<script type=\"application\/ld+json\" class=\"yoast-schema-graph\">{\"@context\":\"https:\/\/schema.org\",\"@graph\":[{\"@type\":\"WebPage\",\"@id\":\"https:\/\/cczuric.cat\/de\/el-casal\/\",\"url\":\"https:\/\/cczuric.cat\/de\/el-casal\/\",\"name\":\"Das Casal - Casal Catal\u00e0 de Z\u00faric\",\"isPartOf\":{\"@id\":\"https:\/\/cczuric.cat\/de\/#website\"},\"datePublished\":\"2022-09-04T16:21:52+00:00\",\"dateModified\":\"2025-12-18T21:15:36+00:00\",\"description\":\"Das Casal Catal\u00e0 de Z\u00faric (Katalanische Verein Z\u00fcrich) ist eine Organisation mit einer langen Geschichte, die als Treffpunkt f\u00fcr Katalanen im Raum Z\u00fcrich gegr\u00fcndet wurde.\",\"inLanguage\":\"de\",\"potentialAction\":[{\"@type\":\"ReadAction\",\"target\":[\"https:\/\/cczuric.cat\/de\/el-casal\/\"]}]},{\"@type\":\"WebSite\",\"@id\":\"https:\/\/cczuric.cat\/de\/#website\",\"url\":\"https:\/\/cczuric.cat\/de\/\",\"name\":\"Casal Catal\u00e0 de Z\u00faric\",\"description\":\"\",\"publisher\":{\"@id\":\"https:\/\/cczuric.cat\/de\/#organization\"},\"alternateName\":\"CCZ\",\"potentialAction\":[{\"@type\":\"SearchAction\",\"target\":{\"@type\":\"EntryPoint\",\"urlTemplate\":\"https:\/\/cczuric.cat\/de\/?s={search_term_string}\"},\"query-input\":{\"@type\":\"PropertyValueSpecification\",\"valueRequired\":true,\"valueName\":\"search_term_string\"}}],\"inLanguage\":\"de\"},{\"@type\":\"Organization\",\"@id\":\"https:\/\/cczuric.cat\/de\/#organization\",\"name\":\"Casal Catal\u00e0 de Z\u00faric\",\"url\":\"https:\/\/cczuric.cat\/de\/\",\"logo\":{\"@type\":\"ImageObject\",\"inLanguage\":\"de\",\"@id\":\"https:\/\/cczuric.cat\/de\/#\/schema\/logo\/image\/\",\"url\":\"https:\/\/cczuric.cat\/wp-content\/uploads\/2025\/01\/logo-a-cczuric.png\",\"contentUrl\":\"https:\/\/cczuric.cat\/wp-content\/uploads\/2025\/01\/logo-a-cczuric.png\",\"width\":470,\"height\":495,\"caption\":\"Casal Catal\u00e0 de Z\u00faric\"},\"image\":{\"@id\":\"https:\/\/cczuric.cat\/de\/#\/schema\/logo\/image\/\"},\"sameAs\":[\"https:\/\/www.facebook.com\/Casal.Catala.Zuric\",\"https:\/\/x.com\/CCZuric\",\"https:\/\/www.instagram.com\/cczuric\/\"]}]}<\/script>\n<!-- \/ Yoast SEO plugin. -->","yoast_head_json":{"title":"Das Casal - Casal Catal\u00e0 de Z\u00faric","description":"Das Casal Catal\u00e0 de Z\u00faric (Katalanische Verein Z\u00fcrich) ist eine Organisation mit einer langen Geschichte, die als Treffpunkt f\u00fcr Katalanen im Raum Z\u00fcrich gegr\u00fcndet wurde.","robots":{"index":"index","follow":"follow","max-snippet":"max-snippet:-1","max-image-preview":"max-image-preview:large","max-video-preview":"max-video-preview:-1"},"canonical":"https:\/\/cczuric.cat\/de\/el-casal\/","og_locale":"de_DE","og_type":"article","og_title":"Das Casal - Casal Catal\u00e0 de Z\u00faric","og_description":"Das Casal Catal\u00e0 de Z\u00faric (Katalanische Verein Z\u00fcrich) ist eine Organisation mit einer langen Geschichte, die als Treffpunkt f\u00fcr Katalanen im Raum Z\u00fcrich gegr\u00fcndet wurde.","og_url":"https:\/\/cczuric.cat\/de\/el-casal\/","og_site_name":"Casal Catal\u00e0 de Z\u00faric","article_publisher":"https:\/\/www.facebook.com\/Casal.Catala.Zuric","article_modified_time":"2025-12-18T21:15:36+00:00","twitter_card":"summary_large_image","twitter_site":"@CCZuric","twitter_misc":{"Gesch\u00e4tzte Lesezeit":"1\u00a0Minute"},"schema":{"@context":"https:\/\/schema.org","@graph":[{"@type":"WebPage","@id":"https:\/\/cczuric.cat\/de\/el-casal\/","url":"https:\/\/cczuric.cat\/de\/el-casal\/","name":"Das Casal - Casal Catal\u00e0 de Z\u00faric","isPartOf":{"@id":"https:\/\/cczuric.cat\/de\/#website"},"datePublished":"2022-09-04T16:21:52+00:00","dateModified":"2025-12-18T21:15:36+00:00","description":"Das Casal Catal\u00e0 de Z\u00faric (Katalanische Verein Z\u00fcrich) ist eine Organisation mit einer langen Geschichte, die als Treffpunkt f\u00fcr Katalanen im Raum Z\u00fcrich gegr\u00fcndet wurde.","inLanguage":"de","potentialAction":[{"@type":"ReadAction","target":["https:\/\/cczuric.cat\/de\/el-casal\/"]}]},{"@type":"WebSite","@id":"https:\/\/cczuric.cat\/de\/#website","url":"https:\/\/cczuric.cat\/de\/","name":"Casal Catal\u00e0 de Z\u00faric","description":"","publisher":{"@id":"https:\/\/cczuric.cat\/de\/#organization"},"alternateName":"CCZ","potentialAction":[{"@type":"SearchAction","target":{"@type":"EntryPoint","urlTemplate":"https:\/\/cczuric.cat\/de\/?s={search_term_string}"},"query-input":{"@type":"PropertyValueSpecification","valueRequired":true,"valueName":"search_term_string"}}],"inLanguage":"de"},{"@type":"Organization","@id":"https:\/\/cczuric.cat\/de\/#organization","name":"Casal Catal\u00e0 de Z\u00faric","url":"https:\/\/cczuric.cat\/de\/","logo":{"@type":"ImageObject","inLanguage":"de","@id":"https:\/\/cczuric.cat\/de\/#\/schema\/logo\/image\/","url":"https:\/\/cczuric.cat\/wp-content\/uploads\/2025\/01\/logo-a-cczuric.png","contentUrl":"https:\/\/cczuric.cat\/wp-content\/uploads\/2025\/01\/logo-a-cczuric.png","width":470,"height":495,"caption":"Casal Catal\u00e0 de Z\u00faric"},"image":{"@id":"https:\/\/cczuric.cat\/de\/#\/schema\/logo\/image\/"},"sameAs":["https:\/\/www.facebook.com\/Casal.Catala.Zuric","https:\/\/x.com\/CCZuric","https:\/\/www.instagram.com\/cczuric\/"]}]}},"_links":{"self":[{"href":"https:\/\/cczuric.cat\/de\/wp-json\/wp\/v2\/pages\/4165","targetHints":{"allow":["GET"]}}],"collection":[{"href":"https:\/\/cczuric.cat\/de\/wp-json\/wp\/v2\/pages"}],"about":[{"href":"https:\/\/cczuric.cat\/de\/wp-json\/wp\/v2\/types\/page"}],"author":[{"embeddable":true,"href":"https:\/\/cczuric.cat\/de\/wp-json\/wp\/v2\/users\/2"}],"replies":[{"embeddable":true,"href":"https:\/\/cczuric.cat\/de\/wp-json\/wp\/v2\/comments?post=4165"}],"version-history":[{"count":4,"href":"https:\/\/cczuric.cat\/de\/wp-json\/wp\/v2\/pages\/4165\/revisions"}],"predecessor-version":[{"id":4589,"href":"https:\/\/cczuric.cat\/de\/wp-json\/wp\/v2\/pages\/4165\/revisions\/4589"}],"wp:attachment":[{"href":"https:\/\/cczuric.cat\/de\/wp-json\/wp\/v2\/media?parent=4165"}],"curies":[{"name":"wp","href":"https:\/\/api.w.org\/{rel}","templated":true}]}}