{"id":3882,"date":"2025-11-05T16:49:03","date_gmt":"2025-11-05T15:49:03","guid":{"rendered":"https:\/\/cczuric.cat\/?page_id=3882"},"modified":"2025-12-18T20:46:29","modified_gmt":"2025-12-18T19:46:29","slug":"grup-excursionista","status":"publish","type":"page","link":"https:\/\/cczuric.cat\/de\/grup-excursionista\/","title":{"rendered":"Grup excursionista"},"content":{"rendered":"\n<p>A peu per Su\u00efssa \u00e9s la millor manera de con\u00e8ixer el pa\u00eds. Vine amb nosaltres d&#8217;excursi\u00f3: a la muntanya, pel bosc o per les valls; lluny de la civilitzaci\u00f3 o buscant con\u00e8ixer pobles i ciutats. Fem una excursi\u00f3 al mes. <\/p>\n\n\n\n<p>Vols apuntar-t&#8217;hi? Escriu-nos a <a href=\"mailto:cczuric@gmail.com\">cczuric@gmail.com<\/a>.<\/p>\n\n\n\n<div class=\"wp-block-columns is-layout-flex wp-container-core-columns-is-layout-9d6595d7 wp-block-columns-is-layout-flex\">\n<div class=\"wp-block-column is-layout-flow wp-block-column-is-layout-flow\">\n<figure class=\"wp-block-image size-large\"><img loading=\"lazy\" decoding=\"async\" width=\"1024\" height=\"768\" src=\"https:\/\/cczuric.cat\/wp-content\/uploads\/2025\/11\/1000202837-1024x768.jpg\" alt=\"\" class=\"wp-image-4261\" srcset=\"https:\/\/cczuric.cat\/wp-content\/uploads\/2025\/11\/1000202837-1024x768.jpg 1024w, https:\/\/cczuric.cat\/wp-content\/uploads\/2025\/11\/1000202837-300x225.jpg 300w, https:\/\/cczuric.cat\/wp-content\/uploads\/2025\/11\/1000202837-768x576.jpg 768w, https:\/\/cczuric.cat\/wp-content\/uploads\/2025\/11\/1000202837-50x38.jpg 50w, https:\/\/cczuric.cat\/wp-content\/uploads\/2025\/11\/1000202837-1536x1152.jpg 1536w, https:\/\/cczuric.cat\/wp-content\/uploads\/2025\/11\/1000202837.jpg 1600w\" sizes=\"auto, (max-width: 1024px) 100vw, 1024px\" \/><\/figure>\n<\/div>\n\n\n\n<div class=\"wp-block-column is-layout-flow wp-block-column-is-layout-flow\">\n<figure class=\"wp-block-image size-large\"><img loading=\"lazy\" decoding=\"async\" width=\"1024\" height=\"771\" src=\"https:\/\/cczuric.cat\/wp-content\/uploads\/2025\/11\/1000202839-1024x771.jpg\" alt=\"\" class=\"wp-image-4264\" srcset=\"https:\/\/cczuric.cat\/wp-content\/uploads\/2025\/11\/1000202839-1024x771.jpg 1024w, https:\/\/cczuric.cat\/wp-content\/uploads\/2025\/11\/1000202839-300x226.jpg 300w, https:\/\/cczuric.cat\/wp-content\/uploads\/2025\/11\/1000202839-768x578.jpg 768w, https:\/\/cczuric.cat\/wp-content\/uploads\/2025\/11\/1000202839-50x38.jpg 50w, https:\/\/cczuric.cat\/wp-content\/uploads\/2025\/11\/1000202839-1536x1156.jpg 1536w, https:\/\/cczuric.cat\/wp-content\/uploads\/2025\/11\/1000202839.jpg 1600w\" sizes=\"auto, (max-width: 1024px) 100vw, 1024px\" \/><\/figure>\n<\/div>\n<\/div>\n\n\n\n<div style=\"height:42px\" aria-hidden=\"true\" class=\"wp-block-spacer\"><\/div>\n","protected":false},"excerpt":{"rendered":"<p>A peu per Su\u00efssa \u00e9s la millor manera de con\u00e8ixer el pa\u00eds. Vine amb nosaltres d&#8217;excursi\u00f3: a la muntanya, pel bosc o per les valls; lluny de la civilitzaci\u00f3 o&hellip;&nbsp;<a href=\"https:\/\/cczuric.cat\/de\/grup-excursionista\/\" rel=\"bookmark\">Mehr lesen &raquo;<span class=\"screen-reader-text\">Grup excursionista<\/span><\/a><\/p>\n","protected":false},"author":2,"featured_media":0,"parent":0,"menu_order":0,"comment_status":"closed","ping_status":"closed","template":"","meta":{"neve_meta_sidebar":"","neve_meta_container":"","neve_meta_enable_content_width":"","neve_meta_content_width":0,"neve_meta_title_alignment":"","neve_meta_author_avatar":"","neve_post_elements_order":"","neve_meta_disable_header":"off","neve_meta_disable_footer":"off","neve_meta_disable_title":"off","neve_meta_reading_time":"","_price":"","_stock":"","_tribe_ticket_header":"","_tribe_default_ticket_provider":"","_tribe_ticket_capacity":"0","_ticket_start_date":"","_ticket_end_date":"","_tribe_ticket_show_description":"","_tribe_ticket_show_not_going":false,"_tribe_ticket_use_global_stock":"","_tribe_ticket_global_stock_level":"","_global_stock_mode":"","_global_stock_cap":"","_tribe_rsvp_for_event":"","_tribe_ticket_going_count":"","_tribe_ticket_not_going_count":"","_tribe_tickets_list":"[]","_tribe_ticket_has_attendee_info_fields":false,"_themeisle_gutenberg_block_has_review":false,"_ti_tpc_template_sync":false,"_ti_tpc_template_id":"","footnotes":""},"class_list":["post-3882","page","type-page","status-publish","hentry"],"yoast_head":"<!-- This site is optimized with the Yoast SEO plugin v27.4 - https:\/\/yoast.com\/product\/yoast-seo-wordpress\/ -->\n<title>Grup excursionista - Casal Catal\u00e0 de Z\u00faric<\/title>\n<meta name=\"robots\" content=\"index, follow, max-snippet:-1, max-image-preview:large, max-video-preview:-1\" \/>\n<link rel=\"canonical\" href=\"https:\/\/cczuric.cat\/de\/grup-excursionista\/\" \/>\n<meta property=\"og:locale\" content=\"de_DE\" \/>\n<meta property=\"og:type\" content=\"article\" \/>\n<meta property=\"og:title\" content=\"Grup excursionista - Casal Catal\u00e0 de Z\u00faric\" \/>\n<meta property=\"og:description\" content=\"A peu per Su\u00efssa \u00e9s la millor manera de con\u00e8ixer el pa\u00eds. Vine amb nosaltres d&#8217;excursi\u00f3: a la muntanya, pel bosc o per les valls; lluny de la civilitzaci\u00f3 o&hellip;&nbsp;Mehr lesen &raquo;Grup excursionista\" \/>\n<meta property=\"og:url\" content=\"https:\/\/cczuric.cat\/de\/grup-excursionista\/\" \/>\n<meta property=\"og:site_name\" content=\"Casal Catal\u00e0 de Z\u00faric\" \/>\n<meta property=\"article:publisher\" content=\"https:\/\/www.facebook.com\/Casal.Catala.Zuric\" \/>\n<meta property=\"article:modified_time\" content=\"2025-12-18T19:46:29+00:00\" \/>\n<meta property=\"og:image\" content=\"https:\/\/cczuric.cat\/wp-content\/uploads\/2025\/11\/1000202837.jpg\" \/>\n\t<meta property=\"og:image:width\" content=\"1600\" \/>\n\t<meta property=\"og:image:height\" content=\"1200\" \/>\n\t<meta property=\"og:image:type\" content=\"image\/jpeg\" \/>\n<meta name=\"twitter:card\" content=\"summary_large_image\" \/>\n<meta name=\"twitter:site\" content=\"@CCZuric\" \/>\n<meta name=\"twitter:label1\" content=\"Gesch\u00e4tzte Lesezeit\" \/>\n\t<meta name=\"twitter:data1\" content=\"1\u00a0Minute\" \/>\n<script type=\"application\/ld+json\" class=\"yoast-schema-graph\">{\"@context\":\"https:\\\/\\\/schema.org\",\"@graph\":[{\"@type\":\"WebPage\",\"@id\":\"https:\\\/\\\/cczuric.cat\\\/de\\\/grup-excursionista\\\/\",\"url\":\"https:\\\/\\\/cczuric.cat\\\/de\\\/grup-excursionista\\\/\",\"name\":\"Grup excursionista - Casal Catal\u00e0 de Z\u00faric\",\"isPartOf\":{\"@id\":\"https:\\\/\\\/cczuric.cat\\\/de\\\/#website\"},\"primaryImageOfPage\":{\"@id\":\"https:\\\/\\\/cczuric.cat\\\/de\\\/grup-excursionista\\\/#primaryimage\"},\"image\":{\"@id\":\"https:\\\/\\\/cczuric.cat\\\/de\\\/grup-excursionista\\\/#primaryimage\"},\"thumbnailUrl\":\"https:\\\/\\\/cczuric.cat\\\/wp-content\\\/uploads\\\/2025\\\/11\\\/1000202837-1024x768.jpg\",\"datePublished\":\"2025-11-05T15:49:03+00:00\",\"dateModified\":\"2025-12-18T19:46:29+00:00\",\"inLanguage\":\"de\",\"potentialAction\":[{\"@type\":\"ReadAction\",\"target\":[\"https:\\\/\\\/cczuric.cat\\\/de\\\/grup-excursionista\\\/\"]}]},{\"@type\":\"ImageObject\",\"inLanguage\":\"de\",\"@id\":\"https:\\\/\\\/cczuric.cat\\\/de\\\/grup-excursionista\\\/#primaryimage\",\"url\":\"https:\\\/\\\/cczuric.cat\\\/wp-content\\\/uploads\\\/2025\\\/11\\\/1000202837-1024x768.jpg\",\"contentUrl\":\"https:\\\/\\\/cczuric.cat\\\/wp-content\\\/uploads\\\/2025\\\/11\\\/1000202837-1024x768.jpg\"},{\"@type\":\"WebSite\",\"@id\":\"https:\\\/\\\/cczuric.cat\\\/de\\\/#website\",\"url\":\"https:\\\/\\\/cczuric.cat\\\/de\\\/\",\"name\":\"Casal Catal\u00e0 de Z\u00faric\",\"description\":\"\",\"publisher\":{\"@id\":\"https:\\\/\\\/cczuric.cat\\\/de\\\/#organization\"},\"alternateName\":\"CCZ\",\"potentialAction\":[{\"@type\":\"SearchAction\",\"target\":{\"@type\":\"EntryPoint\",\"urlTemplate\":\"https:\\\/\\\/cczuric.cat\\\/de\\\/?s={search_term_string}\"},\"query-input\":{\"@type\":\"PropertyValueSpecification\",\"valueRequired\":true,\"valueName\":\"search_term_string\"}}],\"inLanguage\":\"de\"},{\"@type\":\"Organization\",\"@id\":\"https:\\\/\\\/cczuric.cat\\\/de\\\/#organization\",\"name\":\"Casal Catal\u00e0 de Z\u00faric\",\"url\":\"https:\\\/\\\/cczuric.cat\\\/de\\\/\",\"logo\":{\"@type\":\"ImageObject\",\"inLanguage\":\"de\",\"@id\":\"https:\\\/\\\/cczuric.cat\\\/de\\\/#\\\/schema\\\/logo\\\/image\\\/\",\"url\":\"https:\\\/\\\/cczuric.cat\\\/wp-content\\\/uploads\\\/2025\\\/01\\\/logo-a-cczuric.png\",\"contentUrl\":\"https:\\\/\\\/cczuric.cat\\\/wp-content\\\/uploads\\\/2025\\\/01\\\/logo-a-cczuric.png\",\"width\":470,\"height\":495,\"caption\":\"Casal Catal\u00e0 de Z\u00faric\"},\"image\":{\"@id\":\"https:\\\/\\\/cczuric.cat\\\/de\\\/#\\\/schema\\\/logo\\\/image\\\/\"},\"sameAs\":[\"https:\\\/\\\/www.facebook.com\\\/Casal.Catala.Zuric\",\"https:\\\/\\\/x.com\\\/CCZuric\",\"https:\\\/\\\/www.instagram.com\\\/cczuric\\\/\"]}]}<\/script>\n<!-- \/ Yoast SEO plugin. -->","yoast_head_json":{"title":"Grup excursionista - Casal Catal\u00e0 de Z\u00faric","robots":{"index":"index","follow":"follow","max-snippet":"max-snippet:-1","max-image-preview":"max-image-preview:large","max-video-preview":"max-video-preview:-1"},"canonical":"https:\/\/cczuric.cat\/de\/grup-excursionista\/","og_locale":"de_DE","og_type":"article","og_title":"Grup excursionista - Casal Catal\u00e0 de Z\u00faric","og_description":"A peu per Su\u00efssa \u00e9s la millor manera de con\u00e8ixer el pa\u00eds. Vine amb nosaltres d&#8217;excursi\u00f3: a la muntanya, pel bosc o per les valls; lluny de la civilitzaci\u00f3 o&hellip;&nbsp;Mehr lesen &raquo;Grup excursionista","og_url":"https:\/\/cczuric.cat\/de\/grup-excursionista\/","og_site_name":"Casal Catal\u00e0 de Z\u00faric","article_publisher":"https:\/\/www.facebook.com\/Casal.Catala.Zuric","article_modified_time":"2025-12-18T19:46:29+00:00","og_image":[{"width":1600,"height":1200,"url":"https:\/\/cczuric.cat\/wp-content\/uploads\/2025\/11\/1000202837.jpg","type":"image\/jpeg"}],"twitter_card":"summary_large_image","twitter_site":"@CCZuric","twitter_misc":{"Gesch\u00e4tzte Lesezeit":"1\u00a0Minute"},"schema":{"@context":"https:\/\/schema.org","@graph":[{"@type":"WebPage","@id":"https:\/\/cczuric.cat\/de\/grup-excursionista\/","url":"https:\/\/cczuric.cat\/de\/grup-excursionista\/","name":"Grup excursionista - Casal Catal\u00e0 de Z\u00faric","isPartOf":{"@id":"https:\/\/cczuric.cat\/de\/#website"},"primaryImageOfPage":{"@id":"https:\/\/cczuric.cat\/de\/grup-excursionista\/#primaryimage"},"image":{"@id":"https:\/\/cczuric.cat\/de\/grup-excursionista\/#primaryimage"},"thumbnailUrl":"https:\/\/cczuric.cat\/wp-content\/uploads\/2025\/11\/1000202837-1024x768.jpg","datePublished":"2025-11-05T15:49:03+00:00","dateModified":"2025-12-18T19:46:29+00:00","inLanguage":"de","potentialAction":[{"@type":"ReadAction","target":["https:\/\/cczuric.cat\/de\/grup-excursionista\/"]}]},{"@type":"ImageObject","inLanguage":"de","@id":"https:\/\/cczuric.cat\/de\/grup-excursionista\/#primaryimage","url":"https:\/\/cczuric.cat\/wp-content\/uploads\/2025\/11\/1000202837-1024x768.jpg","contentUrl":"https:\/\/cczuric.cat\/wp-content\/uploads\/2025\/11\/1000202837-1024x768.jpg"},{"@type":"WebSite","@id":"https:\/\/cczuric.cat\/de\/#website","url":"https:\/\/cczuric.cat\/de\/","name":"Casal Catal\u00e0 de Z\u00faric","description":"","publisher":{"@id":"https:\/\/cczuric.cat\/de\/#organization"},"alternateName":"CCZ","potentialAction":[{"@type":"SearchAction","target":{"@type":"EntryPoint","urlTemplate":"https:\/\/cczuric.cat\/de\/?s={search_term_string}"},"query-input":{"@type":"PropertyValueSpecification","valueRequired":true,"valueName":"search_term_string"}}],"inLanguage":"de"},{"@type":"Organization","@id":"https:\/\/cczuric.cat\/de\/#organization","name":"Casal Catal\u00e0 de Z\u00faric","url":"https:\/\/cczuric.cat\/de\/","logo":{"@type":"ImageObject","inLanguage":"de","@id":"https:\/\/cczuric.cat\/de\/#\/schema\/logo\/image\/","url":"https:\/\/cczuric.cat\/wp-content\/uploads\/2025\/01\/logo-a-cczuric.png","contentUrl":"https:\/\/cczuric.cat\/wp-content\/uploads\/2025\/01\/logo-a-cczuric.png","width":470,"height":495,"caption":"Casal Catal\u00e0 de Z\u00faric"},"image":{"@id":"https:\/\/cczuric.cat\/de\/#\/schema\/logo\/image\/"},"sameAs":["https:\/\/www.facebook.com\/Casal.Catala.Zuric","https:\/\/x.com\/CCZuric","https:\/\/www.instagram.com\/cczuric\/"]}]}},"_links":{"self":[{"href":"https:\/\/cczuric.cat\/de\/wp-json\/wp\/v2\/pages\/3882","targetHints":{"allow":["GET"]}}],"collection":[{"href":"https:\/\/cczuric.cat\/de\/wp-json\/wp\/v2\/pages"}],"about":[{"href":"https:\/\/cczuric.cat\/de\/wp-json\/wp\/v2\/types\/page"}],"author":[{"embeddable":true,"href":"https:\/\/cczuric.cat\/de\/wp-json\/wp\/v2\/users\/2"}],"replies":[{"embeddable":true,"href":"https:\/\/cczuric.cat\/de\/wp-json\/wp\/v2\/comments?post=3882"}],"version-history":[{"count":5,"href":"https:\/\/cczuric.cat\/de\/wp-json\/wp\/v2\/pages\/3882\/revisions"}],"predecessor-version":[{"id":4554,"href":"https:\/\/cczuric.cat\/de\/wp-json\/wp\/v2\/pages\/3882\/revisions\/4554"}],"wp:attachment":[{"href":"https:\/\/cczuric.cat\/de\/wp-json\/wp\/v2\/media?parent=3882"}],"curies":[{"name":"wp","href":"https:\/\/api.w.org\/{rel}","templated":true}]}}