{"id":3879,"date":"2026-03-01T11:54:48","date_gmt":"2026-03-01T10:54:48","guid":{"rendered":"https:\/\/cczuric.cat\/?page_id=3879"},"modified":"2026-03-10T19:26:07","modified_gmt":"2026-03-10T18:26:07","slug":"club-de-lectura","status":"publish","type":"page","link":"https:\/\/cczuric.cat\/de\/club-de-lectura\/","title":{"rendered":"Club de lectura"},"content":{"rendered":"\n<p>Si t&#8217;agrada la lectura i busques un entorn per compartir impressions i sugger\u00e8ncies de lectures, el Casal t&#8217;ofereix el Club de Lectura. <\/p>\n\n\n\n<p>Al Club llegim novel\u00b7les, contes i assajos escrits originalment en catal\u00e0. Les lectures les escollim entre tots i les trobades les organitzem conjuntament mitjan\u00e7ant un grup de Whatsapp.<\/p>\n\n\n\n<p>Escriu-nos un missatge a <a href=\"mailto:cczuric@gmail.com\" target=\"_blank\" rel=\"noreferrer noopener\">cczuric@gmail.com<\/a> si vols formar-ne part!<\/p>\n\n\n\n<p><\/p>\n\n\n\n<p><strong>Propera lectura:<\/strong><\/p>\n\n\n\n<ul class=\"wp-block-list\">\n<li><em>Les hist\u00f2ries naturals, de Joan Perucho<\/em><\/li>\n\n\n\n<li><em>La possibilitat de dir-ne casa, de Marta Orriols<\/em><\/li>\n<\/ul>\n\n\n\n<p><strong>Properes reunions:<\/strong><\/p>\n\n\n\n<ol class=\"wp-block-list\">\n<li>Format: online i presencial.<\/li>\n\n\n\n<li>Dates: 04.05, 06.07, 21.09 i 07.12. Tots quatre s\u00f3n dilluns i tindran lloc a les 18:30 h.<\/li>\n\n\n\n<li>Lloc de trobada: La primera reuni\u00f3 ser\u00e0 online. Les presencials seran a <a href=\"https:\/\/share.google\/DAzfwqxNgkwtcuhdh\">Einstein &amp; Zweistein<\/a> (caf\u00e8 a la ETH Z\u00fcrich)<br><\/li>\n\n\n\n<li>Llibres proposats per la propera reuni\u00f3 el 4 de Maig: \n<ul class=\"wp-block-list\">\n<li>(1) Les hist\u00f2ries naturals de Joan Perucho<\/li>\n\n\n\n<li>(2) La possibilitat de dir-ne casa de Marta Orriols.<\/li>\n<\/ul>\n<\/li>\n<\/ol>\n\n\n\n<p><\/p>\n","protected":false},"excerpt":{"rendered":"<p>Si t&#8217;agrada la lectura i busques un entorn per compartir impressions i sugger\u00e8ncies de lectures, el Casal t&#8217;ofereix el Club de Lectura. Al Club llegim novel\u00b7les, contes i assajos escrits&hellip;&nbsp;<a href=\"https:\/\/cczuric.cat\/de\/club-de-lectura\/\" rel=\"bookmark\">Mehr lesen &raquo;<span class=\"screen-reader-text\">Club de lectura<\/span><\/a><\/p>\n","protected":false},"author":2,"featured_media":0,"parent":0,"menu_order":0,"comment_status":"closed","ping_status":"closed","template":"","meta":{"neve_meta_sidebar":"","neve_meta_container":"","neve_meta_enable_content_width":"","neve_meta_content_width":0,"neve_meta_title_alignment":"","neve_meta_author_avatar":"","neve_post_elements_order":"","neve_meta_disable_header":"","neve_meta_disable_footer":"","neve_meta_disable_title":"","neve_meta_reading_time":"","_price":"","_stock":"","_tribe_ticket_header":"","_tribe_default_ticket_provider":"","_tribe_ticket_capacity":"0","_ticket_start_date":"","_ticket_end_date":"","_tribe_ticket_show_description":"","_tribe_ticket_show_not_going":false,"_tribe_ticket_use_global_stock":"","_tribe_ticket_global_stock_level":"","_global_stock_mode":"","_global_stock_cap":"","_tribe_rsvp_for_event":"","_tribe_ticket_going_count":"","_tribe_ticket_not_going_count":"","_tribe_tickets_list":"[]","_tribe_ticket_has_attendee_info_fields":false,"_themeisle_gutenberg_block_has_review":false,"_ti_tpc_template_sync":false,"_ti_tpc_template_id":"","footnotes":""},"class_list":["post-3879","page","type-page","status-publish","hentry"],"yoast_head":"<!-- This site is optimized with the Yoast SEO plugin v27.3 - https:\/\/yoast.com\/product\/yoast-seo-wordpress\/ -->\n<title>Club de lectura - Casal Catal\u00e0 de Z\u00faric<\/title>\n<meta name=\"robots\" content=\"index, follow, max-snippet:-1, max-image-preview:large, max-video-preview:-1\" \/>\n<link rel=\"canonical\" href=\"https:\/\/cczuric.cat\/de\/club-de-lectura\/\" \/>\n<meta property=\"og:locale\" content=\"de_DE\" \/>\n<meta property=\"og:type\" content=\"article\" \/>\n<meta property=\"og:title\" content=\"Club de lectura - Casal Catal\u00e0 de Z\u00faric\" \/>\n<meta property=\"og:description\" content=\"Si t&#8217;agrada la lectura i busques un entorn per compartir impressions i sugger\u00e8ncies de lectures, el Casal t&#8217;ofereix el Club de Lectura. Al Club llegim novel\u00b7les, contes i assajos escrits&hellip;&nbsp;Mehr lesen &raquo;Club de lectura\" \/>\n<meta property=\"og:url\" content=\"https:\/\/cczuric.cat\/de\/club-de-lectura\/\" \/>\n<meta property=\"og:site_name\" content=\"Casal Catal\u00e0 de Z\u00faric\" \/>\n<meta property=\"article:publisher\" content=\"https:\/\/www.facebook.com\/Casal.Catala.Zuric\" \/>\n<meta property=\"article:modified_time\" content=\"2026-03-10T18:26:07+00:00\" \/>\n<meta name=\"twitter:card\" content=\"summary_large_image\" \/>\n<meta name=\"twitter:site\" content=\"@CCZuric\" \/>\n<meta name=\"twitter:label1\" content=\"Gesch\u00e4tzte Lesezeit\" \/>\n\t<meta name=\"twitter:data1\" content=\"1\u00a0Minute\" \/>\n<script type=\"application\/ld+json\" class=\"yoast-schema-graph\">{\"@context\":\"https:\\\/\\\/schema.org\",\"@graph\":[{\"@type\":\"WebPage\",\"@id\":\"https:\\\/\\\/cczuric.cat\\\/de\\\/club-de-lectura\\\/\",\"url\":\"https:\\\/\\\/cczuric.cat\\\/de\\\/club-de-lectura\\\/\",\"name\":\"Club de lectura - Casal Catal\u00e0 de Z\u00faric\",\"isPartOf\":{\"@id\":\"https:\\\/\\\/cczuric.cat\\\/de\\\/#website\"},\"datePublished\":\"2026-03-01T10:54:48+00:00\",\"dateModified\":\"2026-03-10T18:26:07+00:00\",\"inLanguage\":\"de\",\"potentialAction\":[{\"@type\":\"ReadAction\",\"target\":[\"https:\\\/\\\/cczuric.cat\\\/de\\\/club-de-lectura\\\/\"]}]},{\"@type\":\"WebSite\",\"@id\":\"https:\\\/\\\/cczuric.cat\\\/de\\\/#website\",\"url\":\"https:\\\/\\\/cczuric.cat\\\/de\\\/\",\"name\":\"Casal Catal\u00e0 de Z\u00faric\",\"description\":\"\",\"publisher\":{\"@id\":\"https:\\\/\\\/cczuric.cat\\\/de\\\/#organization\"},\"alternateName\":\"CCZ\",\"potentialAction\":[{\"@type\":\"SearchAction\",\"target\":{\"@type\":\"EntryPoint\",\"urlTemplate\":\"https:\\\/\\\/cczuric.cat\\\/de\\\/?s={search_term_string}\"},\"query-input\":{\"@type\":\"PropertyValueSpecification\",\"valueRequired\":true,\"valueName\":\"search_term_string\"}}],\"inLanguage\":\"de\"},{\"@type\":\"Organization\",\"@id\":\"https:\\\/\\\/cczuric.cat\\\/de\\\/#organization\",\"name\":\"Casal Catal\u00e0 de Z\u00faric\",\"url\":\"https:\\\/\\\/cczuric.cat\\\/de\\\/\",\"logo\":{\"@type\":\"ImageObject\",\"inLanguage\":\"de\",\"@id\":\"https:\\\/\\\/cczuric.cat\\\/de\\\/#\\\/schema\\\/logo\\\/image\\\/\",\"url\":\"https:\\\/\\\/cczuric.cat\\\/wp-content\\\/uploads\\\/2025\\\/01\\\/logo-a-cczuric.png\",\"contentUrl\":\"https:\\\/\\\/cczuric.cat\\\/wp-content\\\/uploads\\\/2025\\\/01\\\/logo-a-cczuric.png\",\"width\":470,\"height\":495,\"caption\":\"Casal Catal\u00e0 de Z\u00faric\"},\"image\":{\"@id\":\"https:\\\/\\\/cczuric.cat\\\/de\\\/#\\\/schema\\\/logo\\\/image\\\/\"},\"sameAs\":[\"https:\\\/\\\/www.facebook.com\\\/Casal.Catala.Zuric\",\"https:\\\/\\\/x.com\\\/CCZuric\",\"https:\\\/\\\/www.instagram.com\\\/cczuric\\\/\"]}]}<\/script>\n<!-- \/ Yoast SEO plugin. -->","yoast_head_json":{"title":"Club de lectura - Casal Catal\u00e0 de Z\u00faric","robots":{"index":"index","follow":"follow","max-snippet":"max-snippet:-1","max-image-preview":"max-image-preview:large","max-video-preview":"max-video-preview:-1"},"canonical":"https:\/\/cczuric.cat\/de\/club-de-lectura\/","og_locale":"de_DE","og_type":"article","og_title":"Club de lectura - Casal Catal\u00e0 de Z\u00faric","og_description":"Si t&#8217;agrada la lectura i busques un entorn per compartir impressions i sugger\u00e8ncies de lectures, el Casal t&#8217;ofereix el Club de Lectura. Al Club llegim novel\u00b7les, contes i assajos escrits&hellip;&nbsp;Mehr lesen &raquo;Club de lectura","og_url":"https:\/\/cczuric.cat\/de\/club-de-lectura\/","og_site_name":"Casal Catal\u00e0 de Z\u00faric","article_publisher":"https:\/\/www.facebook.com\/Casal.Catala.Zuric","article_modified_time":"2026-03-10T18:26:07+00:00","twitter_card":"summary_large_image","twitter_site":"@CCZuric","twitter_misc":{"Gesch\u00e4tzte Lesezeit":"1\u00a0Minute"},"schema":{"@context":"https:\/\/schema.org","@graph":[{"@type":"WebPage","@id":"https:\/\/cczuric.cat\/de\/club-de-lectura\/","url":"https:\/\/cczuric.cat\/de\/club-de-lectura\/","name":"Club de lectura - Casal Catal\u00e0 de Z\u00faric","isPartOf":{"@id":"https:\/\/cczuric.cat\/de\/#website"},"datePublished":"2026-03-01T10:54:48+00:00","dateModified":"2026-03-10T18:26:07+00:00","inLanguage":"de","potentialAction":[{"@type":"ReadAction","target":["https:\/\/cczuric.cat\/de\/club-de-lectura\/"]}]},{"@type":"WebSite","@id":"https:\/\/cczuric.cat\/de\/#website","url":"https:\/\/cczuric.cat\/de\/","name":"Casal Catal\u00e0 de Z\u00faric","description":"","publisher":{"@id":"https:\/\/cczuric.cat\/de\/#organization"},"alternateName":"CCZ","potentialAction":[{"@type":"SearchAction","target":{"@type":"EntryPoint","urlTemplate":"https:\/\/cczuric.cat\/de\/?s={search_term_string}"},"query-input":{"@type":"PropertyValueSpecification","valueRequired":true,"valueName":"search_term_string"}}],"inLanguage":"de"},{"@type":"Organization","@id":"https:\/\/cczuric.cat\/de\/#organization","name":"Casal Catal\u00e0 de Z\u00faric","url":"https:\/\/cczuric.cat\/de\/","logo":{"@type":"ImageObject","inLanguage":"de","@id":"https:\/\/cczuric.cat\/de\/#\/schema\/logo\/image\/","url":"https:\/\/cczuric.cat\/wp-content\/uploads\/2025\/01\/logo-a-cczuric.png","contentUrl":"https:\/\/cczuric.cat\/wp-content\/uploads\/2025\/01\/logo-a-cczuric.png","width":470,"height":495,"caption":"Casal Catal\u00e0 de Z\u00faric"},"image":{"@id":"https:\/\/cczuric.cat\/de\/#\/schema\/logo\/image\/"},"sameAs":["https:\/\/www.facebook.com\/Casal.Catala.Zuric","https:\/\/x.com\/CCZuric","https:\/\/www.instagram.com\/cczuric\/"]}]}},"_links":{"self":[{"href":"https:\/\/cczuric.cat\/de\/wp-json\/wp\/v2\/pages\/3879","targetHints":{"allow":["GET"]}}],"collection":[{"href":"https:\/\/cczuric.cat\/de\/wp-json\/wp\/v2\/pages"}],"about":[{"href":"https:\/\/cczuric.cat\/de\/wp-json\/wp\/v2\/types\/page"}],"author":[{"embeddable":true,"href":"https:\/\/cczuric.cat\/de\/wp-json\/wp\/v2\/users\/2"}],"replies":[{"embeddable":true,"href":"https:\/\/cczuric.cat\/de\/wp-json\/wp\/v2\/comments?post=3879"}],"version-history":[{"count":7,"href":"https:\/\/cczuric.cat\/de\/wp-json\/wp\/v2\/pages\/3879\/revisions"}],"predecessor-version":[{"id":5676,"href":"https:\/\/cczuric.cat\/de\/wp-json\/wp\/v2\/pages\/3879\/revisions\/5676"}],"wp:attachment":[{"href":"https:\/\/cczuric.cat\/de\/wp-json\/wp\/v2\/media?parent=3879"}],"curies":[{"name":"wp","href":"https:\/\/api.w.org\/{rel}","templated":true}]}}